{"id":138,"date":"2016-02-11T16:33:40","date_gmt":"2016-02-11T15:33:40","guid":{"rendered":"http:\/\/www.gruenlandstaudenhof.de\/cms2\/?page_id=138"},"modified":"2024-05-27T13:00:07","modified_gmt":"2024-05-27T11:00:07","slug":"dropshipping","status":"publish","type":"page","link":"https:\/\/www.gruenlandstaudenhof.de\/cms2\/unternehmen\/dropshipping\/","title":{"rendered":"Dropshipping"},"content":{"rendered":"\n<p>Entdecken Sie die Vorteile des Dropshippings und steigern Sie die Effizienz Ihres Unternehmens!<\/p>\n\n\n\n<p>Mit unserem ma\u00dfgeschneiderten Dropshipping-Konzept vertreiben Sie m\u00fchelos hochwertige Produkte direkt an Ihre Kunden, ohne sich um Lagerung, Verpackung oder Versand k\u00fcmmern zu m\u00fcssen. Unser Modell erm\u00f6glicht Ihnen, sich voll und ganz auf Ihr Kerngesch\u00e4ft zu konzentrieren und Ihre Ressourcen effizienter zu nutzen.<\/p>\n\n\n\n<p><strong>So funktioniert es:<\/strong><\/p>\n\n\n\n<ol class=\"wp-block-list\">\n<li><strong>Direktverkauf an Ihre Kunden<\/strong>: Sie verkaufen unsere Produkte direkt \u00fcber Ihr Unternehmen.<\/li>\n\n\n\n<li><strong>Einfache Bestellabwicklung<\/strong>: Sobald Ihre Kunden bei Ihnen bestellen, leiten Sie die Bestellung an uns weiter.<\/li>\n\n\n\n<li><strong>Effiziente Logistik<\/strong>: Wir \u00fcbernehmen die Logistik und den Versand der Ware direkt an Ihre Kunden.<\/li>\n\n\n\n<li><strong>Abrechnung<\/strong>: Sie rechnen direkt mit Ihren Kunden ab, w\u00e4hrend wir die Abrechnung mit Ihnen \u00fcbernehmen.<\/li>\n<\/ol>\n\n\n\n<p>Durch die Integration unseres Dropshipping-Konzepts in Ihr Unternehmen erhalten Sie zahlreiche Vorteile:<\/p>\n\n\n\n<p><strong>1. Fokussieren Sie sich auf Ihr Kerngesch\u00e4ft:<\/strong> Konzentrieren Sie sich voll und ganz auf die Kernbereiche Ihres Unternehmens, wie Verkauf und Marketing. Verabschieden Sie sich von Verpackungs- und Versandaufw\u00e4nden \u2013 wir erledigen das f\u00fcr Sie.<\/p>\n\n\n\n<p><strong>2. <\/strong><strong>Kostenersparnis<\/strong>: Reduzieren Sie Lager- und Personalkosten und vermeiden Sie die Vorfinanzierung von Waren.<\/p>\n\n\n\n<p><strong>3<\/strong><strong>. Kein Eigenkapital notwendig:<\/strong> Vermeiden Sie finanzielle Engp\u00e4sse. Sie kaufen die Ware erst, wenn der Kunde bereits bezahlt hat. Ihr Kapital bleibt somit flexibel und einsatzbereit.<\/p>\n\n\n\n<p><strong>4<\/strong><strong>. Erweitern Sie Ihr Produktangebot:<\/strong> Diversifizieren Sie Ihr Sortiment, erschlie\u00dfen Sie neue Kundenkreise und profitieren Sie von regelm\u00e4\u00dfig aktualisierten Angeboten, um stets am Puls des Marktes zu bleiben.<\/p>\n\n\n\n<p><strong>5<\/strong><strong>. Freiheit in der Preisgestaltung:<\/strong> Behalten Sie die Preisgestaltung in Ihren H\u00e4nden und passen Sie Ihre Angebote flexibel an. Wir schreiben Ihnen keine Preise vor. Entscheiden Sie selbst \u00fcber Ihre Margen und bleiben Sie unabh\u00e4ngig bei der Festlegung Ihrer Verkaufspreise.<\/p>\n\n\n\n<p><strong>6<\/strong><strong>. Weltweiter Versand:<\/strong> Nutzen Sie unsere globale Logistik f\u00fcr einen reibungslosen und schnellen Versand.<\/p>\n\n\n\n<p>Unser Dropshipping-Konzept richtet sich exklusiv an aktive Gesch\u00e4ftskunden, die ihre Effizienz steigern und Kosten reduzieren m\u00f6chten.<\/p>\n\n\n\n<p>Wir stehen Ihnen gerne zur Verf\u00fcgung, um alle Details pers\u00f6nlich zu besprechen und Ihnen bei der Integration unseres Konzepts in Ihr Gesch\u00e4ftsmodell zu helfen. Kontaktieren Sie uns noch heute und heben Sie Ihr Unternehmen auf die n\u00e4chste Stufe des Erfolgs!<\/p>\n\n\n\n<p>F\u00fcr den Fall, dass Sie noch nicht bei uns als Gesch\u00e4ftskunde registriert sind, laden wir Sie herzlich dazu ein, sich unter folgendem Link zu registrieren: <a href=\"https:\/\/www.gruenlandstaudenhof.de\/cms2\/geschaeftskunden-b2b-registrierung\/.\">Gesch\u00e4ftskundenregistrierung<\/a><\/p>\n","protected":false},"excerpt":{"rendered":"<p>Entdecken Sie die Vorteile des Dropshippings und steigern Sie die Effizienz Ihres Unternehmens! Mit unserem ma\u00dfgeschneiderten Dropshipping-Konzept vertreiben Sie m\u00fchelos hochwertige Produkte direkt an Ihre Kunden, ohne sich um Lagerung, Verpackung oder Versand k\u00fcmmern zu m\u00fcssen. Unser Modell erm\u00f6glicht Ihnen, sich voll und ganz auf Ihr Kerngesch\u00e4ft zu konzentrieren und Ihre Ressourcen effizienter zu nutzen. [&hellip;]<\/p>\n","protected":false},"author":1,"featured_media":0,"parent":204,"menu_order":0,"comment_status":"closed","ping_status":"closed","template":"","meta":{"_uag_custom_page_level_css":"","ocean_post_layout":"","ocean_both_sidebars_style":"","ocean_both_sidebars_content_width":0,"ocean_both_sidebars_sidebars_width":0,"ocean_sidebar":"0","ocean_second_sidebar":"0","ocean_disable_margins":"enable","ocean_add_body_class":"","ocean_shortcode_before_top_bar":"","ocean_shortcode_after_top_bar":"","ocean_shortcode_before_header":"","ocean_shortcode_after_header":"","ocean_has_shortcode":"","ocean_shortcode_after_title":"","ocean_shortcode_before_footer_widgets":"","ocean_shortcode_after_footer_widgets":"","ocean_shortcode_before_footer_bottom":"","ocean_shortcode_after_footer_bottom":"","ocean_display_top_bar":"default","ocean_display_header":"default","ocean_header_style":"","ocean_center_header_left_menu":"0","ocean_custom_header_template":"0","ocean_custom_logo":0,"ocean_custom_retina_logo":0,"ocean_custom_logo_max_width":0,"ocean_custom_logo_tablet_max_width":0,"ocean_custom_logo_mobile_max_width":0,"ocean_custom_logo_max_height":0,"ocean_custom_logo_tablet_max_height":0,"ocean_custom_logo_mobile_max_height":0,"ocean_header_custom_menu":"0","ocean_menu_typo_font_family":"0","ocean_menu_typo_font_subset":"","ocean_menu_typo_font_size":0,"ocean_menu_typo_font_size_tablet":0,"ocean_menu_typo_font_size_mobile":0,"ocean_menu_typo_font_size_unit":"px","ocean_menu_typo_font_weight":"","ocean_menu_typo_font_weight_tablet":"","ocean_menu_typo_font_weight_mobile":"","ocean_menu_typo_transform":"","ocean_menu_typo_transform_tablet":"","ocean_menu_typo_transform_mobile":"","ocean_menu_typo_line_height":0,"ocean_menu_typo_line_height_tablet":0,"ocean_menu_typo_line_height_mobile":0,"ocean_menu_typo_line_height_unit":"","ocean_menu_typo_spacing":0,"ocean_menu_typo_spacing_tablet":0,"ocean_menu_typo_spacing_mobile":0,"ocean_menu_typo_spacing_unit":"","ocean_menu_link_color":"","ocean_menu_link_color_hover":"","ocean_menu_link_color_active":"","ocean_menu_link_background":"","ocean_menu_link_hover_background":"","ocean_menu_link_active_background":"","ocean_menu_social_links_bg":"","ocean_menu_social_hover_links_bg":"","ocean_menu_social_links_color":"","ocean_menu_social_hover_links_color":"","ocean_disable_title":"default","ocean_disable_heading":"default","ocean_post_title":"","ocean_post_subheading":"","ocean_post_title_style":"","ocean_post_title_background_color":"","ocean_post_title_background":0,"ocean_post_title_bg_image_position":"","ocean_post_title_bg_image_attachment":"","ocean_post_title_bg_image_repeat":"","ocean_post_title_bg_image_size":"","ocean_post_title_height":0,"ocean_post_title_bg_overlay":0.5,"ocean_post_title_bg_overlay_color":"","ocean_disable_breadcrumbs":"default","ocean_breadcrumbs_color":"","ocean_breadcrumbs_separator_color":"","ocean_breadcrumbs_links_color":"","ocean_breadcrumbs_links_hover_color":"","ocean_display_footer_widgets":"default","ocean_display_footer_bottom":"default","ocean_custom_footer_template":"0","footnotes":""},"class_list":["post-138","page","type-page","status-publish","hentry","entry"],"yoast_head":"<!-- This site is optimized with the Yoast SEO plugin v27.4 - https:\/\/yoast.com\/product\/yoast-seo-wordpress\/ -->\n<title>Dropshipping - Gr\u00fcnlandstaudenhof<\/title>\n<meta name=\"description\" content=\"Entdecken Sie die Vorteile des Dropshippings und steigern Sie die Effizienz Ihres Unternehmens! Mit unserem ma\u00dfgeschneiderten Dropshipping-Konzept\" \/>\n<meta name=\"robots\" content=\"index, follow, max-snippet:-1, max-image-preview:large, max-video-preview:-1\" \/>\n<link rel=\"canonical\" href=\"https:\/\/www.gruenlandstaudenhof.de\/cms2\/unternehmen\/dropshipping\/\" \/>\n<meta property=\"og:locale\" content=\"de_DE\" \/>\n<meta property=\"og:type\" content=\"article\" \/>\n<meta property=\"og:title\" content=\"Dropshipping - Gr\u00fcnlandstaudenhof\" \/>\n<meta property=\"og:description\" content=\"Entdecken Sie die Vorteile des Dropshippings und steigern Sie die Effizienz Ihres Unternehmens! Mit unserem ma\u00dfgeschneiderten Dropshipping-Konzept\" \/>\n<meta property=\"og:url\" content=\"https:\/\/www.gruenlandstaudenhof.de\/cms2\/unternehmen\/dropshipping\/\" \/>\n<meta property=\"og:site_name\" content=\"Gr\u00fcnlandstaudenhof\" \/>\n<meta property=\"article:publisher\" content=\"https:\/\/www.facebook.com\/gruenlandstaudenhof\" \/>\n<meta property=\"article:modified_time\" content=\"2024-05-27T11:00:07+00:00\" \/>\n<meta property=\"og:image\" content=\"https:\/\/www.gruenlandstaudenhof.de\/cms2\/wp-content\/uploads\/2019\/01\/Logo192.png\" \/>\n\t<meta property=\"og:image:width\" content=\"192\" \/>\n\t<meta property=\"og:image:height\" content=\"192\" \/>\n\t<meta property=\"og:image:type\" content=\"image\/png\" \/>\n<meta name=\"twitter:card\" content=\"summary_large_image\" \/>\n<meta name=\"twitter:site\" content=\"@GSH_Oberhausen\" \/>\n<meta name=\"twitter:label1\" content=\"Gesch\u00e4tzte Lesezeit\" \/>\n\t<meta name=\"twitter:data1\" content=\"3\u00a0Minuten\" \/>\n<!-- \/ Yoast SEO plugin. -->","yoast_head_json":{"title":"Dropshipping - Gr\u00fcnlandstaudenhof","description":"Entdecken Sie die Vorteile des Dropshippings und steigern Sie die Effizienz Ihres Unternehmens! Mit unserem ma\u00dfgeschneiderten Dropshipping-Konzept","robots":{"index":"index","follow":"follow","max-snippet":"max-snippet:-1","max-image-preview":"max-image-preview:large","max-video-preview":"max-video-preview:-1"},"canonical":"https:\/\/www.gruenlandstaudenhof.de\/cms2\/unternehmen\/dropshipping\/","og_locale":"de_DE","og_type":"article","og_title":"Dropshipping - Gr\u00fcnlandstaudenhof","og_description":"Entdecken Sie die Vorteile des Dropshippings und steigern Sie die Effizienz Ihres Unternehmens! Mit unserem ma\u00dfgeschneiderten Dropshipping-Konzept","og_url":"https:\/\/www.gruenlandstaudenhof.de\/cms2\/unternehmen\/dropshipping\/","og_site_name":"Gr\u00fcnlandstaudenhof","article_publisher":"https:\/\/www.facebook.com\/gruenlandstaudenhof","article_modified_time":"2024-05-27T11:00:07+00:00","og_image":[{"width":192,"height":192,"url":"https:\/\/www.gruenlandstaudenhof.de\/cms2\/wp-content\/uploads\/2019\/01\/Logo192.png","type":"image\/png"}],"twitter_card":"summary_large_image","twitter_site":"@GSH_Oberhausen","twitter_misc":{"Gesch\u00e4tzte Lesezeit":"3\u00a0Minuten"},"schema":{"@context":"https:\/\/schema.org","@graph":[{"@type":"WebPage","@id":"https:\/\/www.gruenlandstaudenhof.de\/cms2\/unternehmen\/dropshipping\/","url":"https:\/\/www.gruenlandstaudenhof.de\/cms2\/unternehmen\/dropshipping\/","name":"Dropshipping - Gr\u00fcnlandstaudenhof","isPartOf":{"@id":"https:\/\/www.gruenlandstaudenhof.de\/cms2\/#website"},"datePublished":"2016-02-11T15:33:40+00:00","dateModified":"2024-05-27T11:00:07+00:00","description":"Entdecken Sie die Vorteile des Dropshippings und steigern Sie die Effizienz Ihres Unternehmens! Mit unserem ma\u00dfgeschneiderten Dropshipping-Konzept","breadcrumb":{"@id":"https:\/\/www.gruenlandstaudenhof.de\/cms2\/unternehmen\/dropshipping\/#breadcrumb"},"inLanguage":"de","potentialAction":[{"@type":"ReadAction","target":["https:\/\/www.gruenlandstaudenhof.de\/cms2\/unternehmen\/dropshipping\/"]}]},{"@type":"BreadcrumbList","@id":"https:\/\/www.gruenlandstaudenhof.de\/cms2\/unternehmen\/dropshipping\/#breadcrumb","itemListElement":[{"@type":"ListItem","position":1,"name":"Startseite","item":"https:\/\/www.gruenlandstaudenhof.de\/cms2\/"},{"@type":"ListItem","position":2,"name":"Unternehmen","item":"https:\/\/www.gruenlandstaudenhof.de\/cms2\/unternehmen\/"},{"@type":"ListItem","position":3,"name":"Dropshipping"}]},{"@type":"WebSite","@id":"https:\/\/www.gruenlandstaudenhof.de\/cms2\/#website","url":"https:\/\/www.gruenlandstaudenhof.de\/cms2\/","name":"Gr\u00fcnlandstaudenhof","description":"Landwirtschaft, Gartenbau, Landhandel","publisher":{"@id":"https:\/\/www.gruenlandstaudenhof.de\/cms2\/#organization"},"potentialAction":[{"@type":"SearchAction","target":{"@type":"EntryPoint","urlTemplate":"https:\/\/www.gruenlandstaudenhof.de\/cms2\/?s={search_term_string}"},"query-input":{"@type":"PropertyValueSpecification","valueRequired":true,"valueName":"search_term_string"}}],"inLanguage":"de"},{"@type":"Organization","@id":"https:\/\/www.gruenlandstaudenhof.de\/cms2\/#organization","name":"Gr\u00fcnlandstaudenhof","url":"https:\/\/www.gruenlandstaudenhof.de\/cms2\/","logo":{"@type":"ImageObject","inLanguage":"de","@id":"https:\/\/www.gruenlandstaudenhof.de\/cms2\/#\/schema\/logo\/image\/","url":"https:\/\/www.gruenlandstaudenhof.de\/cms2\/wp-content\/uploads\/2016\/03\/logo_briefkopf_OT.png","contentUrl":"https:\/\/www.gruenlandstaudenhof.de\/cms2\/wp-content\/uploads\/2016\/03\/logo_briefkopf_OT.png","width":504,"height":504,"caption":"Gr\u00fcnlandstaudenhof"},"image":{"@id":"https:\/\/www.gruenlandstaudenhof.de\/cms2\/#\/schema\/logo\/image\/"},"sameAs":["https:\/\/www.facebook.com\/gruenlandstaudenhof","https:\/\/x.com\/GSH_Oberhausen","https:\/\/www.instagram.com\/gruenlandstaudenhof\/"]}]}},"uagb_featured_image_src":{"full":false,"thumbnail":false,"medium":false,"medium_large":false,"large":false,"1536x1536":false,"2048x2048":false,"ocean-thumb-m":false,"ocean-thumb-ml":false,"ocean-thumb-l":false},"uagb_author_info":{"display_name":"Administrator","author_link":"https:\/\/www.gruenlandstaudenhof.de\/cms2\/author\/administrator\/"},"uagb_comment_info":0,"uagb_excerpt":"Entdecken Sie die Vorteile des Dropshippings und steigern Sie die Effizienz Ihres Unternehmens! Mit unserem ma\u00dfgeschneiderten Dropshipping-Konzept vertreiben Sie m\u00fchelos hochwertige Produkte direkt an Ihre Kunden, ohne sich um Lagerung, Verpackung oder Versand k\u00fcmmern zu m\u00fcssen. Unser Modell erm\u00f6glicht Ihnen, sich voll und ganz auf Ihr Kerngesch\u00e4ft zu konzentrieren und Ihre Ressourcen effizienter zu nutzen.&hellip;","_links":{"self":[{"href":"https:\/\/www.gruenlandstaudenhof.de\/cms2\/wp-json\/wp\/v2\/pages\/138","targetHints":{"allow":["GET"]}}],"collection":[{"href":"https:\/\/www.gruenlandstaudenhof.de\/cms2\/wp-json\/wp\/v2\/pages"}],"about":[{"href":"https:\/\/www.gruenlandstaudenhof.de\/cms2\/wp-json\/wp\/v2\/types\/page"}],"author":[{"embeddable":true,"href":"https:\/\/www.gruenlandstaudenhof.de\/cms2\/wp-json\/wp\/v2\/users\/1"}],"replies":[{"embeddable":true,"href":"https:\/\/www.gruenlandstaudenhof.de\/cms2\/wp-json\/wp\/v2\/comments?post=138"}],"version-history":[{"count":0,"href":"https:\/\/www.gruenlandstaudenhof.de\/cms2\/wp-json\/wp\/v2\/pages\/138\/revisions"}],"up":[{"embeddable":true,"href":"https:\/\/www.gruenlandstaudenhof.de\/cms2\/wp-json\/wp\/v2\/pages\/204"}],"wp:attachment":[{"href":"https:\/\/www.gruenlandstaudenhof.de\/cms2\/wp-json\/wp\/v2\/media?parent=138"}],"curies":[{"name":"wp","href":"https:\/\/api.w.org\/{rel}","templated":true}]}}