{"id":140,"date":"2016-02-11T16:34:14","date_gmt":"2016-02-11T15:34:14","guid":{"rendered":"http:\/\/www.gruenlandstaudenhof.de\/cms2\/?page_id=140"},"modified":"2024-05-31T11:40:55","modified_gmt":"2024-05-31T09:40:55","slug":"grosshandel","status":"publish","type":"page","link":"https:\/\/www.gruenlandstaudenhof.de\/cms2\/grosshandel\/","title":{"rendered":"Gro\u00dfhandel"},"content":{"rendered":"\n<p>Wir freuen uns \u00fcber Ihr Interesse an unseren Gro\u00dfhandel. Unsere Kunden profitieren von einem breiten und umfangreichen Dienstleistungs- und Produktportfolio, das \u00fcber die regul\u00e4re Warenbeschaffung hinausgeht.<\/p>\n\n\n\n<h2 class=\"wp-block-heading\">Exklusive Konditionen f\u00fcr Gesch\u00e4ftskunden (B2B)<\/h2>\n\n\n\n<p>Unsere Gesch\u00e4ftskundenkonditionen sind ausschlie\u00dflich f\u00fcr Unternehmen aus den Bereichen Handel, Gartenbau und Landwirtschaft g\u00fcltig. Die Mindestabnahmemenge betr\u00e4gt eine Verpackungseinheit (VPE).<\/p>\n\n\n\n<p>Um eine reibungslose Zusammenarbeit zu gew\u00e4hrleisten, bitten wir um Ihr Verst\u00e4ndnis, dass wir jede Anfrage ausgiebig pr\u00fcfen. Daf\u00fcr ben\u00f6tigen wir einige Informationen und Unterlagen Ihrerseits, wie Ihre Gewerbeanmeldung oder einen Handelsregisterauszug.<\/p>\n\n\n\n<p>Bitte beachten Sie, dass Verbraucher sich nicht f\u00fcr unseren Gesch\u00e4ftskundenbereich (B2B) registrieren k\u00f6nnen. Verbraucher k\u00f6nnen jedoch gerne in unserem Webshop f\u00fcr Endkunden bestellen oder \u00fcber die Kontaktm\u00f6glichkeiten eine Bestellung aufgeben.<\/p>\n\n\n\n<h2 class=\"wp-block-heading\">Bewerbung und Anmeldung<\/h2>\n\n\n\n<p>Wenn Sie sich als H\u00e4ndler\/Wiederverk\u00e4ufer, Unternehmen, Firmenkunde (B2B) oder Gro\u00dfkunde bei uns bewerben m\u00f6chten, f\u00fcllen Sie bitte das verlinkte Formular aus. Laden Sie daf\u00fcr bitte auch Ihren Gewerbenachweis hoch.<\/p>\n\n\n\n<p><a href=\"https:\/\/www.gruenlandstaudenhof.de\/cms2\/geschaeftskunden-b2b-registrierung\/\" target=\"_blank\" rel=\"noreferrer noopener\">Gesch\u00e4ftskunden (B2B) Registrierung<\/a><\/p>\n\n\n\n<p>Nach Eingang Ihrer Bewerbung werden wir Kontakt mit Ihnen aufnehmen und Sie zu einem pers\u00f6nlichen Gespr\u00e4ch (in der Regel per Telefon) einladen. In diesem Gespr\u00e4ch geht es vor allem um das gegenseitige Kennenlernen sowie um die Besprechung aller wichtigen Details zum Einkauf und Vertrieb unserer Produkte. Weitere Themen sind unter anderem Zahlungskonditionen und Bestellabwicklung.<\/p>\n\n\n\n<p>Nach unserer \u00dcberpr\u00fcfung werden wir Ihnen ein Firmenkundenkonto f\u00fcr unseren Gro\u00dfhandel anlegen. Dieser Vorgang kann bis zu drei Gesch\u00e4ftstage dauern. Nach erfolgreicher Freigabe erstellen wir Ihnen gerne individuelle Angebote und r\u00e4umen Ihnen entsprechende Rabatte bzw. Konditionen f\u00fcr die Abnahme von Gro\u00dfmengen ein.<\/p>\n\n\n\n<h2 class=\"wp-block-heading\">Bestellung und Auftragsabwicklung<\/h2>\n\n\n\n<p>Nachdem wir Ihre Bewerbung angenommen haben, richten wir Ihnen eine Bestellm\u00f6glichkeit ein. Ihre eingehenden Bestellungen werden von uns bearbeitet, kommissioniert und zur Abholung bereitgestellt oder durch uns oder einen externen Frachtf\u00fchrer geliefert.<\/p>\n\n\n\n<h2 class=\"wp-block-heading\">Weitergehende Kooperationen und Vertriebspartnerschaften<\/h2>\n\n\n\n<p>Sollten Sie Interesse an einer weitergehenden Kooperation (z.B. <a href=\"https:\/\/www.gruenlandstaudenhof.de\/cms2\/produkte\/restaurant-lieferservice\/\" target=\"_blank\" rel=\"noreferrer noopener\">Restaurantlieferservice<\/a>) oder Vertriebspartnerschaft (z.B. <a href=\"https:\/\/www.gruenlandstaudenhof.de\/cms2\/unternehmen\/dropshipping\/\">Dropshipping<\/a>, Fulfillment) haben, wenden Sie sich bitte direkt an unseren Support. Wenn Sie ein pers\u00f6nliches Angebot f\u00fcr eine Leistung w\u00fcnschen, die Sie nicht auf unserer Website gefunden haben, k\u00f6nnen Sie uns gerne <a href=\"https:\/\/www.gruenlandstaudenhof.de\/cms2\/kontakt\/\">kontaktieren<\/a>.<\/p>\n\n\n\n<p>Sollten Sie lediglich kleine Mengen abnehmen, registrieren Sie sich bitte in unserem Webshop als Firma. Hinterlegen Sie dort bei der Registrierung Ihren Firmennamen und, sofern vorhanden, Ihre Umsatzsteuernummer.<\/p>\n\n\n\n<h2 class=\"wp-block-heading\"><strong>Wichtige Hinweise<\/strong><\/h2>\n\n\n\n<ul class=\"wp-block-list\">\n<li>Verbraucher sind von der H\u00e4ndlerregistrierung ausgeschlossen.<\/li>\n\n\n\n<li>Verbraucher sind nicht berechtigt, im B2B-Bereich (Unternehmenskundenbereich) Vertr\u00e4ge abzuschlie\u00dfen.<\/li>\n\n\n\n<li>Der Verkauf an Unternehmer erfolgt ausschlie\u00dflich unter Ausschluss des Widerrufsrechts.<\/li>\n<\/ul>\n\n\n\n<p>Wir freuen uns auf eine erfolgreiche Zusammenarbeit mit Ihnen!<\/p>\n","protected":false},"excerpt":{"rendered":"<p>Wir freuen uns \u00fcber Ihr Interesse an unseren Gro\u00dfhandel. Unsere Kunden profitieren von einem breiten und umfangreichen Dienstleistungs- und Produktportfolio, das \u00fcber die regul\u00e4re Warenbeschaffung hinausgeht. Exklusive Konditionen f\u00fcr Gesch\u00e4ftskunden (B2B) Unsere Gesch\u00e4ftskundenkonditionen sind ausschlie\u00dflich f\u00fcr Unternehmen aus den Bereichen Handel, Gartenbau und Landwirtschaft g\u00fcltig. Die Mindestabnahmemenge betr\u00e4gt eine Verpackungseinheit (VPE). Um eine reibungslose Zusammenarbeit [&hellip;]<\/p>\n","protected":false},"author":1,"featured_media":0,"parent":0,"menu_order":0,"comment_status":"closed","ping_status":"closed","template":"","meta":{"_uag_custom_page_level_css":"","ocean_post_layout":"","ocean_both_sidebars_style":"","ocean_both_sidebars_content_width":0,"ocean_both_sidebars_sidebars_width":0,"ocean_sidebar":"0","ocean_second_sidebar":"0","ocean_disable_margins":"enable","ocean_add_body_class":"","ocean_shortcode_before_top_bar":"","ocean_shortcode_after_top_bar":"","ocean_shortcode_before_header":"","ocean_shortcode_after_header":"","ocean_has_shortcode":"","ocean_shortcode_after_title":"","ocean_shortcode_before_footer_widgets":"","ocean_shortcode_after_footer_widgets":"","ocean_shortcode_before_footer_bottom":"","ocean_shortcode_after_footer_bottom":"","ocean_display_top_bar":"default","ocean_display_header":"default","ocean_header_style":"","ocean_center_header_left_menu":"0","ocean_custom_header_template":"0","ocean_custom_logo":0,"ocean_custom_retina_logo":0,"ocean_custom_logo_max_width":0,"ocean_custom_logo_tablet_max_width":0,"ocean_custom_logo_mobile_max_width":0,"ocean_custom_logo_max_height":0,"ocean_custom_logo_tablet_max_height":0,"ocean_custom_logo_mobile_max_height":0,"ocean_header_custom_menu":"0","ocean_menu_typo_font_family":"0","ocean_menu_typo_font_subset":"","ocean_menu_typo_font_size":0,"ocean_menu_typo_font_size_tablet":0,"ocean_menu_typo_font_size_mobile":0,"ocean_menu_typo_font_size_unit":"px","ocean_menu_typo_font_weight":"","ocean_menu_typo_font_weight_tablet":"","ocean_menu_typo_font_weight_mobile":"","ocean_menu_typo_transform":"","ocean_menu_typo_transform_tablet":"","ocean_menu_typo_transform_mobile":"","ocean_menu_typo_line_height":0,"ocean_menu_typo_line_height_tablet":0,"ocean_menu_typo_line_height_mobile":0,"ocean_menu_typo_line_height_unit":"","ocean_menu_typo_spacing":0,"ocean_menu_typo_spacing_tablet":0,"ocean_menu_typo_spacing_mobile":0,"ocean_menu_typo_spacing_unit":"","ocean_menu_link_color":"","ocean_menu_link_color_hover":"","ocean_menu_link_color_active":"","ocean_menu_link_background":"","ocean_menu_link_hover_background":"","ocean_menu_link_active_background":"","ocean_menu_social_links_bg":"","ocean_menu_social_hover_links_bg":"","ocean_menu_social_links_color":"","ocean_menu_social_hover_links_color":"","ocean_disable_title":"default","ocean_disable_heading":"default","ocean_post_title":"","ocean_post_subheading":"","ocean_post_title_style":"","ocean_post_title_background_color":"","ocean_post_title_background":0,"ocean_post_title_bg_image_position":"","ocean_post_title_bg_image_attachment":"","ocean_post_title_bg_image_repeat":"","ocean_post_title_bg_image_size":"","ocean_post_title_height":0,"ocean_post_title_bg_overlay":0.5,"ocean_post_title_bg_overlay_color":"","ocean_disable_breadcrumbs":"default","ocean_breadcrumbs_color":"","ocean_breadcrumbs_separator_color":"","ocean_breadcrumbs_links_color":"","ocean_breadcrumbs_links_hover_color":"","ocean_display_footer_widgets":"default","ocean_display_footer_bottom":"default","ocean_custom_footer_template":"0","footnotes":""},"class_list":["post-140","page","type-page","status-publish","hentry","entry"],"yoast_head":"<!-- This site is optimized with the Yoast SEO plugin v27.4 - https:\/\/yoast.com\/product\/yoast-seo-wordpress\/ -->\n<title>Gro\u00dfhandel - Gr\u00fcnlandstaudenhof<\/title>\n<meta name=\"description\" content=\"Wir freuen uns \u00fcber Ihr Interesse an unseren Gro\u00dfhandel. Unsere Kunden profitieren von einem breiten und umfangreichen Dienstleistungs- und\" \/>\n<meta name=\"robots\" content=\"index, follow, max-snippet:-1, max-image-preview:large, max-video-preview:-1\" \/>\n<link rel=\"canonical\" href=\"https:\/\/www.gruenlandstaudenhof.de\/cms2\/grosshandel\/\" \/>\n<meta property=\"og:locale\" content=\"de_DE\" \/>\n<meta property=\"og:type\" content=\"article\" \/>\n<meta property=\"og:title\" content=\"Gro\u00dfhandel - Gr\u00fcnlandstaudenhof\" \/>\n<meta property=\"og:description\" content=\"Wir freuen uns \u00fcber Ihr Interesse an unseren Gro\u00dfhandel. Unsere Kunden profitieren von einem breiten und umfangreichen Dienstleistungs- und\" \/>\n<meta property=\"og:url\" content=\"https:\/\/www.gruenlandstaudenhof.de\/cms2\/grosshandel\/\" \/>\n<meta property=\"og:site_name\" content=\"Gr\u00fcnlandstaudenhof\" \/>\n<meta property=\"article:publisher\" content=\"https:\/\/www.facebook.com\/gruenlandstaudenhof\" \/>\n<meta property=\"article:modified_time\" content=\"2024-05-31T09:40:55+00:00\" \/>\n<meta property=\"og:image\" content=\"https:\/\/www.gruenlandstaudenhof.de\/cms2\/wp-content\/uploads\/2019\/01\/Logo192.png\" \/>\n\t<meta property=\"og:image:width\" content=\"192\" \/>\n\t<meta property=\"og:image:height\" content=\"192\" \/>\n\t<meta property=\"og:image:type\" content=\"image\/png\" \/>\n<meta name=\"twitter:card\" content=\"summary_large_image\" \/>\n<meta name=\"twitter:site\" content=\"@GSH_Oberhausen\" \/>\n<meta name=\"twitter:label1\" content=\"Gesch\u00e4tzte Lesezeit\" \/>\n\t<meta name=\"twitter:data1\" content=\"3\u00a0Minuten\" \/>\n<!-- \/ Yoast SEO plugin. -->","yoast_head_json":{"title":"Gro\u00dfhandel - Gr\u00fcnlandstaudenhof","description":"Wir freuen uns \u00fcber Ihr Interesse an unseren Gro\u00dfhandel. Unsere Kunden profitieren von einem breiten und umfangreichen Dienstleistungs- und","robots":{"index":"index","follow":"follow","max-snippet":"max-snippet:-1","max-image-preview":"max-image-preview:large","max-video-preview":"max-video-preview:-1"},"canonical":"https:\/\/www.gruenlandstaudenhof.de\/cms2\/grosshandel\/","og_locale":"de_DE","og_type":"article","og_title":"Gro\u00dfhandel - Gr\u00fcnlandstaudenhof","og_description":"Wir freuen uns \u00fcber Ihr Interesse an unseren Gro\u00dfhandel. Unsere Kunden profitieren von einem breiten und umfangreichen Dienstleistungs- und","og_url":"https:\/\/www.gruenlandstaudenhof.de\/cms2\/grosshandel\/","og_site_name":"Gr\u00fcnlandstaudenhof","article_publisher":"https:\/\/www.facebook.com\/gruenlandstaudenhof","article_modified_time":"2024-05-31T09:40:55+00:00","og_image":[{"width":192,"height":192,"url":"https:\/\/www.gruenlandstaudenhof.de\/cms2\/wp-content\/uploads\/2019\/01\/Logo192.png","type":"image\/png"}],"twitter_card":"summary_large_image","twitter_site":"@GSH_Oberhausen","twitter_misc":{"Gesch\u00e4tzte Lesezeit":"3\u00a0Minuten"},"schema":{"@context":"https:\/\/schema.org","@graph":[{"@type":"WebPage","@id":"https:\/\/www.gruenlandstaudenhof.de\/cms2\/grosshandel\/","url":"https:\/\/www.gruenlandstaudenhof.de\/cms2\/grosshandel\/","name":"Gro\u00dfhandel - Gr\u00fcnlandstaudenhof","isPartOf":{"@id":"https:\/\/www.gruenlandstaudenhof.de\/cms2\/#website"},"datePublished":"2016-02-11T15:34:14+00:00","dateModified":"2024-05-31T09:40:55+00:00","description":"Wir freuen uns \u00fcber Ihr Interesse an unseren Gro\u00dfhandel. Unsere Kunden profitieren von einem breiten und umfangreichen Dienstleistungs- und","breadcrumb":{"@id":"https:\/\/www.gruenlandstaudenhof.de\/cms2\/grosshandel\/#breadcrumb"},"inLanguage":"de","potentialAction":[{"@type":"ReadAction","target":["https:\/\/www.gruenlandstaudenhof.de\/cms2\/grosshandel\/"]}]},{"@type":"BreadcrumbList","@id":"https:\/\/www.gruenlandstaudenhof.de\/cms2\/grosshandel\/#breadcrumb","itemListElement":[{"@type":"ListItem","position":1,"name":"Startseite","item":"https:\/\/www.gruenlandstaudenhof.de\/cms2\/"},{"@type":"ListItem","position":2,"name":"Gro\u00dfhandel"}]},{"@type":"WebSite","@id":"https:\/\/www.gruenlandstaudenhof.de\/cms2\/#website","url":"https:\/\/www.gruenlandstaudenhof.de\/cms2\/","name":"Gr\u00fcnlandstaudenhof","description":"Landwirtschaft, Gartenbau, Landhandel","publisher":{"@id":"https:\/\/www.gruenlandstaudenhof.de\/cms2\/#organization"},"potentialAction":[{"@type":"SearchAction","target":{"@type":"EntryPoint","urlTemplate":"https:\/\/www.gruenlandstaudenhof.de\/cms2\/?s={search_term_string}"},"query-input":{"@type":"PropertyValueSpecification","valueRequired":true,"valueName":"search_term_string"}}],"inLanguage":"de"},{"@type":"Organization","@id":"https:\/\/www.gruenlandstaudenhof.de\/cms2\/#organization","name":"Gr\u00fcnlandstaudenhof","url":"https:\/\/www.gruenlandstaudenhof.de\/cms2\/","logo":{"@type":"ImageObject","inLanguage":"de","@id":"https:\/\/www.gruenlandstaudenhof.de\/cms2\/#\/schema\/logo\/image\/","url":"https:\/\/www.gruenlandstaudenhof.de\/cms2\/wp-content\/uploads\/2016\/03\/logo_briefkopf_OT.png","contentUrl":"https:\/\/www.gruenlandstaudenhof.de\/cms2\/wp-content\/uploads\/2016\/03\/logo_briefkopf_OT.png","width":504,"height":504,"caption":"Gr\u00fcnlandstaudenhof"},"image":{"@id":"https:\/\/www.gruenlandstaudenhof.de\/cms2\/#\/schema\/logo\/image\/"},"sameAs":["https:\/\/www.facebook.com\/gruenlandstaudenhof","https:\/\/x.com\/GSH_Oberhausen","https:\/\/www.instagram.com\/gruenlandstaudenhof\/"]}]}},"uagb_featured_image_src":{"full":false,"thumbnail":false,"medium":false,"medium_large":false,"large":false,"1536x1536":false,"2048x2048":false,"ocean-thumb-m":false,"ocean-thumb-ml":false,"ocean-thumb-l":false},"uagb_author_info":{"display_name":"Administrator","author_link":"https:\/\/www.gruenlandstaudenhof.de\/cms2\/author\/administrator\/"},"uagb_comment_info":0,"uagb_excerpt":"Wir freuen uns \u00fcber Ihr Interesse an unseren Gro\u00dfhandel. Unsere Kunden profitieren von einem breiten und umfangreichen Dienstleistungs- und Produktportfolio, das \u00fcber die regul\u00e4re Warenbeschaffung hinausgeht. Exklusive Konditionen f\u00fcr Gesch\u00e4ftskunden (B2B) Unsere Gesch\u00e4ftskundenkonditionen sind ausschlie\u00dflich f\u00fcr Unternehmen aus den Bereichen Handel, Gartenbau und Landwirtschaft g\u00fcltig. Die Mindestabnahmemenge betr\u00e4gt eine Verpackungseinheit (VPE). Um eine reibungslose Zusammenarbeit&hellip;","_links":{"self":[{"href":"https:\/\/www.gruenlandstaudenhof.de\/cms2\/wp-json\/wp\/v2\/pages\/140","targetHints":{"allow":["GET"]}}],"collection":[{"href":"https:\/\/www.gruenlandstaudenhof.de\/cms2\/wp-json\/wp\/v2\/pages"}],"about":[{"href":"https:\/\/www.gruenlandstaudenhof.de\/cms2\/wp-json\/wp\/v2\/types\/page"}],"author":[{"embeddable":true,"href":"https:\/\/www.gruenlandstaudenhof.de\/cms2\/wp-json\/wp\/v2\/users\/1"}],"replies":[{"embeddable":true,"href":"https:\/\/www.gruenlandstaudenhof.de\/cms2\/wp-json\/wp\/v2\/comments?post=140"}],"version-history":[{"count":0,"href":"https:\/\/www.gruenlandstaudenhof.de\/cms2\/wp-json\/wp\/v2\/pages\/140\/revisions"}],"wp:attachment":[{"href":"https:\/\/www.gruenlandstaudenhof.de\/cms2\/wp-json\/wp\/v2\/media?parent=140"}],"curies":[{"name":"wp","href":"https:\/\/api.w.org\/{rel}","templated":true}]}}