{"id":1617,"date":"2018-11-13T11:21:08","date_gmt":"2018-11-13T10:21:08","guid":{"rendered":"https:\/\/www.gruenlandstaudenhof.de\/cms2\/?p=1617"},"modified":"2025-08-25T16:24:33","modified_gmt":"2025-08-25T14:24:33","slug":"direktverkauf-hofladen","status":"publish","type":"page","link":"https:\/\/www.gruenlandstaudenhof.de\/cms2\/direktverkauf-hofladen\/","title":{"rendered":"Direktverkauf \/ Hofladen"},"content":{"rendered":"\n<h1 class=\"wp-block-heading\">Direktverkauf \/ Hofladen<\/h1>\n\n\n\n<p>Besuchen Sie unseren idyllischen Hofverkauf direkt an der Grenze zwischen Oberhausen und Dinslaken, in der malerischen H\u00fchnerheide in Schmachtendorf. Unser Hofverkauf liegt eingebettet in ein Waldgebiet, umgeben von Feldern, charmanten G\u00e4rten und einer Pferdekoppel.<\/p>\n\n\n\n<p><strong>Unser Angebot:<\/strong><\/p>\n\n\n\n<ul class=\"wp-block-list\">\n<li><strong>Frisches Obst und Gem\u00fcse:<\/strong> Saisonal und regional, direkt vom Feld auf Ihren Tisch.<\/li>\n\n\n\n<li><strong>Kartoffeln:<\/strong> Verschiedene Sorten f\u00fcr jeden Geschmack.<\/li>\n\n\n\n<li><strong>Eier von freilaufenden H\u00fchnern:<\/strong> Wei\u00dfe, braune, gr\u00fcne, blaue und rote Eier &#8211; alle nat\u00fcrlich von unseren Hennen gelegt.<\/li>\n\n\n\n<li><strong><a href=\"https:\/\/www.gruenlandstaudenhof.de\/cms2\/pflanzen\/\">Pflanzen<\/a>:<\/strong> Eine gro\u00dfe Auswahl an <a href=\"https:\/\/www.gruenlandstaudenhof.de\/Shop\/stauden\">Stauden<\/a>, <a href=\"https:\/\/www.gruenlandstaudenhof.de\/Shop\/obstpflanzen\">Obstpflanzen<\/a>, <a href=\"https:\/\/www.gruenlandstaudenhof.de\/Shop\/Balkon-und-Beetpflanzen\">Beet- und Balkonpflanzen<\/a>, <a href=\"https:\/\/www.gruenlandstaudenhof.de\/Shop\/zimmerpflanzen\">Zimmerpflanzen <\/a>und <a href=\"https:\/\/www.gruenlandstaudenhof.de\/Shop\/Gehoelze_1\">Geh\u00f6lzen<\/a>.<\/li>\n\n\n\n<li><strong><a href=\"https:\/\/www.gruenlandstaudenhof.de\/cms2\/gruenlandstaudenhof\/honig\/\">Honig<\/a>:<\/strong> Regionaler Honig, direkt vom Imker in der N\u00e4he.<\/li>\n<\/ul>\n\n\n\n<p>Unsere Produkte stammen aus naturbelassenem und nachhaltigem Anbau. Wir legen Wert auf Regionalit\u00e4t und Saisonalit\u00e4t. Unsere freilaufenden Hennen legen die Eier mit viel Liebe, und wenn Sie m\u00f6chten, k\u00f6nnen Sie bei der Ernte Ihrer Wunschprodukte direkt dabei sein.<\/p>\n\n\n\n<h2 class=\"wp-block-heading\"><strong>Besuchen Sie uns:<\/strong><\/h2>\n\n\n\n<p>Adresse: Forststr. 255, 46147 Oberhausen (Schr\u00e4g gegen\u00fcber, in den kleinen Weg neben der Pferdekoppel)<\/p>\n\n\n\n<h2 class=\"wp-block-heading\"><strong>\u00d6ffnungszeiten:<\/strong><\/h2>\n\n\n\n<ul class=\"wp-block-list\">\n<li>Montag, Dienstag, Donnerstag, Freitag, Samstag: 10:00 Uhr \u2013 13:00 Uhr<\/li>\n\n\n\n<li>Mittwoch: 15:00 Uhr  \u2013 17:00 Uhr<\/li>\n\n\n\n<li>An Sonntagen und an bundesweiten sowie regionalen Feiertagen bleibt unser Hofladen geschlossen.<\/li>\n<\/ul>\n\n\n\n<p>Falls Sie au\u00dferhalb unserer regul\u00e4ren \u00d6ffnungszeiten vorbeikommen und einen Mitarbeiter antreffen, fragen Sie gerne nach, ob Sie noch etwas kaufen k\u00f6nnen. Abholungen sind nach Terminvereinbarung auch au\u00dferhalb der regul\u00e4ren \u00d6ffnungszeiten m\u00f6glich.<\/p>\n\n\n\n<h2 class=\"wp-block-heading\"><strong>Kontakt:<\/strong><\/h2>\n\n\n\n<p>Telefon: 0176 \/ 57982635 (innerhalb unserer Gespr\u00e4chszeiten) E-Mail: Gaertnerei-OB@gruenlandstaudenhof.de<\/p>\n\n\n\n<h2 class=\"wp-block-heading\"><strong>Lieferung:<\/strong><\/h2>\n\n\n\n<p>Lieferungen sind auf Anfrage m\u00f6glich. Bitte sprechen Sie vorab mit einem unserer Mitarbeiter, um die Details zu kl\u00e4ren. Wir sind flexibel und bem\u00fchen uns, Ihre W\u00fcnsche bestm\u00f6glich zu erf\u00fcllen. Ob <a href=\"https:\/\/www.gruenlandstaudenhof.de\/cms2\/wp-content\/uploads\/2020\/02\/Unsere-Obst-und-Gem\u00fcse-Boxen.png\">Obst- und Gem\u00fcsekisten<\/a> oder andere Produkte \u2013 wir finden gemeinsam die passende L\u00f6sung f\u00fcr Ihre Lieferung nach Hause.<\/p>\n","protected":false},"excerpt":{"rendered":"<p>Direktverkauf \/ Hofladen Besuchen Sie unseren idyllischen Hofverkauf direkt an der Grenze zwischen Oberhausen und Dinslaken, in der malerischen H\u00fchnerheide in Schmachtendorf. Unser Hofverkauf liegt eingebettet in ein Waldgebiet, umgeben von Feldern, charmanten G\u00e4rten und einer Pferdekoppel. Unser Angebot: Unsere Produkte stammen aus naturbelassenem und nachhaltigem Anbau. Wir legen Wert auf Regionalit\u00e4t und Saisonalit\u00e4t. Unsere [&hellip;]<\/p>\n","protected":false},"author":1,"featured_media":0,"parent":0,"menu_order":0,"comment_status":"closed","ping_status":"open","template":"","meta":{"_uag_custom_page_level_css":"","ocean_post_layout":"left-sidebar","ocean_both_sidebars_style":"","ocean_both_sidebars_content_width":0,"ocean_both_sidebars_sidebars_width":0,"ocean_sidebar":"0","ocean_second_sidebar":"0","ocean_disable_margins":"enable","ocean_add_body_class":"","ocean_shortcode_before_top_bar":"","ocean_shortcode_after_top_bar":"","ocean_shortcode_before_header":"","ocean_shortcode_after_header":"","ocean_has_shortcode":"","ocean_shortcode_after_title":"","ocean_shortcode_before_footer_widgets":"","ocean_shortcode_after_footer_widgets":"","ocean_shortcode_before_footer_bottom":"","ocean_shortcode_after_footer_bottom":"","ocean_display_top_bar":"default","ocean_display_header":"default","ocean_header_style":"","ocean_center_header_left_menu":"0","ocean_custom_header_template":"0","ocean_custom_logo":0,"ocean_custom_retina_logo":0,"ocean_custom_logo_max_width":0,"ocean_custom_logo_tablet_max_width":0,"ocean_custom_logo_mobile_max_width":0,"ocean_custom_logo_max_height":0,"ocean_custom_logo_tablet_max_height":0,"ocean_custom_logo_mobile_max_height":0,"ocean_header_custom_menu":"0","ocean_menu_typo_font_family":"0","ocean_menu_typo_font_subset":"","ocean_menu_typo_font_size":0,"ocean_menu_typo_font_size_tablet":0,"ocean_menu_typo_font_size_mobile":0,"ocean_menu_typo_font_size_unit":"px","ocean_menu_typo_font_weight":"","ocean_menu_typo_font_weight_tablet":"","ocean_menu_typo_font_weight_mobile":"","ocean_menu_typo_transform":"","ocean_menu_typo_transform_tablet":"","ocean_menu_typo_transform_mobile":"","ocean_menu_typo_line_height":0,"ocean_menu_typo_line_height_tablet":0,"ocean_menu_typo_line_height_mobile":0,"ocean_menu_typo_line_height_unit":"","ocean_menu_typo_spacing":0,"ocean_menu_typo_spacing_tablet":0,"ocean_menu_typo_spacing_mobile":0,"ocean_menu_typo_spacing_unit":"","ocean_menu_link_color":"","ocean_menu_link_color_hover":"","ocean_menu_link_color_active":"","ocean_menu_link_background":"","ocean_menu_link_hover_background":"","ocean_menu_link_active_background":"","ocean_menu_social_links_bg":"","ocean_menu_social_hover_links_bg":"","ocean_menu_social_links_color":"","ocean_menu_social_hover_links_color":"","ocean_disable_title":"default","ocean_disable_heading":"default","ocean_post_title":"","ocean_post_subheading":"","ocean_post_title_style":"","ocean_post_title_background_color":"","ocean_post_title_background":0,"ocean_post_title_bg_image_position":"","ocean_post_title_bg_image_attachment":"","ocean_post_title_bg_image_repeat":"","ocean_post_title_bg_image_size":"","ocean_post_title_height":0,"ocean_post_title_bg_overlay":0.5,"ocean_post_title_bg_overlay_color":"","ocean_disable_breadcrumbs":"default","ocean_breadcrumbs_color":"","ocean_breadcrumbs_separator_color":"","ocean_breadcrumbs_links_color":"","ocean_breadcrumbs_links_hover_color":"","ocean_display_footer_widgets":"default","ocean_display_footer_bottom":"default","ocean_custom_footer_template":"0","footnotes":""},"class_list":["post-1617","page","type-page","status-publish","hentry","entry"],"yoast_head":"<!-- This site is optimized with the Yoast SEO plugin v27.4 - https:\/\/yoast.com\/product\/yoast-seo-wordpress\/ -->\n<title>Direktverkauf \/ Hofladen - Gr\u00fcnlandstaudenhof<\/title>\n<meta name=\"description\" content=\"Direktverkauf \/ Hofladen Besuchen Sie unseren idyllischen Hofverkauf direkt an der Grenze zwischen Oberhausen und Dinslaken, in der malerischen\" \/>\n<meta name=\"robots\" content=\"index, follow, max-snippet:-1, max-image-preview:large, max-video-preview:-1\" \/>\n<link rel=\"canonical\" href=\"https:\/\/www.gruenlandstaudenhof.de\/cms2\/direktverkauf-hofladen\/\" \/>\n<meta property=\"og:locale\" content=\"de_DE\" \/>\n<meta property=\"og:type\" content=\"article\" \/>\n<meta property=\"og:title\" content=\"Direktverkauf \/ Hofladen - Gr\u00fcnlandstaudenhof\" \/>\n<meta property=\"og:description\" content=\"Direktverkauf \/ Hofladen Besuchen Sie unseren idyllischen Hofverkauf direkt an der Grenze zwischen Oberhausen und Dinslaken, in der malerischen\" \/>\n<meta property=\"og:url\" content=\"https:\/\/www.gruenlandstaudenhof.de\/cms2\/direktverkauf-hofladen\/\" \/>\n<meta property=\"og:site_name\" content=\"Gr\u00fcnlandstaudenhof\" \/>\n<meta property=\"article:publisher\" content=\"https:\/\/www.facebook.com\/gruenlandstaudenhof\" \/>\n<meta property=\"article:modified_time\" content=\"2025-08-25T14:24:33+00:00\" \/>\n<meta property=\"og:image\" content=\"https:\/\/www.gruenlandstaudenhof.de\/cms2\/wp-content\/uploads\/2019\/01\/Logo192.png\" \/>\n\t<meta property=\"og:image:width\" content=\"192\" \/>\n\t<meta property=\"og:image:height\" content=\"192\" \/>\n\t<meta property=\"og:image:type\" content=\"image\/png\" \/>\n<meta name=\"twitter:card\" content=\"summary_large_image\" \/>\n<meta name=\"twitter:site\" content=\"@GSH_Oberhausen\" \/>\n<meta name=\"twitter:label1\" content=\"Gesch\u00e4tzte Lesezeit\" \/>\n\t<meta name=\"twitter:data1\" content=\"2\u00a0Minuten\" \/>\n<!-- \/ Yoast SEO plugin. -->","yoast_head_json":{"title":"Direktverkauf \/ Hofladen - Gr\u00fcnlandstaudenhof","description":"Direktverkauf \/ Hofladen Besuchen Sie unseren idyllischen Hofverkauf direkt an der Grenze zwischen Oberhausen und Dinslaken, in der malerischen","robots":{"index":"index","follow":"follow","max-snippet":"max-snippet:-1","max-image-preview":"max-image-preview:large","max-video-preview":"max-video-preview:-1"},"canonical":"https:\/\/www.gruenlandstaudenhof.de\/cms2\/direktverkauf-hofladen\/","og_locale":"de_DE","og_type":"article","og_title":"Direktverkauf \/ Hofladen - Gr\u00fcnlandstaudenhof","og_description":"Direktverkauf \/ Hofladen Besuchen Sie unseren idyllischen Hofverkauf direkt an der Grenze zwischen Oberhausen und Dinslaken, in der malerischen","og_url":"https:\/\/www.gruenlandstaudenhof.de\/cms2\/direktverkauf-hofladen\/","og_site_name":"Gr\u00fcnlandstaudenhof","article_publisher":"https:\/\/www.facebook.com\/gruenlandstaudenhof","article_modified_time":"2025-08-25T14:24:33+00:00","og_image":[{"width":192,"height":192,"url":"https:\/\/www.gruenlandstaudenhof.de\/cms2\/wp-content\/uploads\/2019\/01\/Logo192.png","type":"image\/png"}],"twitter_card":"summary_large_image","twitter_site":"@GSH_Oberhausen","twitter_misc":{"Gesch\u00e4tzte Lesezeit":"2\u00a0Minuten"},"schema":{"@context":"https:\/\/schema.org","@graph":[{"@type":"WebPage","@id":"https:\/\/www.gruenlandstaudenhof.de\/cms2\/direktverkauf-hofladen\/","url":"https:\/\/www.gruenlandstaudenhof.de\/cms2\/direktverkauf-hofladen\/","name":"Direktverkauf \/ Hofladen - Gr\u00fcnlandstaudenhof","isPartOf":{"@id":"https:\/\/www.gruenlandstaudenhof.de\/cms2\/#website"},"datePublished":"2018-11-13T10:21:08+00:00","dateModified":"2025-08-25T14:24:33+00:00","description":"Direktverkauf \/ Hofladen Besuchen Sie unseren idyllischen Hofverkauf direkt an der Grenze zwischen Oberhausen und Dinslaken, in der malerischen","breadcrumb":{"@id":"https:\/\/www.gruenlandstaudenhof.de\/cms2\/direktverkauf-hofladen\/#breadcrumb"},"inLanguage":"de","potentialAction":[{"@type":"ReadAction","target":["https:\/\/www.gruenlandstaudenhof.de\/cms2\/direktverkauf-hofladen\/"]}]},{"@type":"BreadcrumbList","@id":"https:\/\/www.gruenlandstaudenhof.de\/cms2\/direktverkauf-hofladen\/#breadcrumb","itemListElement":[{"@type":"ListItem","position":1,"name":"Startseite","item":"https:\/\/www.gruenlandstaudenhof.de\/cms2\/"},{"@type":"ListItem","position":2,"name":"Direktverkauf \/ Hofladen"}]},{"@type":"WebSite","@id":"https:\/\/www.gruenlandstaudenhof.de\/cms2\/#website","url":"https:\/\/www.gruenlandstaudenhof.de\/cms2\/","name":"Gr\u00fcnlandstaudenhof","description":"Landwirtschaft, Gartenbau, Landhandel","publisher":{"@id":"https:\/\/www.gruenlandstaudenhof.de\/cms2\/#organization"},"potentialAction":[{"@type":"SearchAction","target":{"@type":"EntryPoint","urlTemplate":"https:\/\/www.gruenlandstaudenhof.de\/cms2\/?s={search_term_string}"},"query-input":{"@type":"PropertyValueSpecification","valueRequired":true,"valueName":"search_term_string"}}],"inLanguage":"de"},{"@type":"Organization","@id":"https:\/\/www.gruenlandstaudenhof.de\/cms2\/#organization","name":"Gr\u00fcnlandstaudenhof","url":"https:\/\/www.gruenlandstaudenhof.de\/cms2\/","logo":{"@type":"ImageObject","inLanguage":"de","@id":"https:\/\/www.gruenlandstaudenhof.de\/cms2\/#\/schema\/logo\/image\/","url":"https:\/\/www.gruenlandstaudenhof.de\/cms2\/wp-content\/uploads\/2016\/03\/logo_briefkopf_OT.png","contentUrl":"https:\/\/www.gruenlandstaudenhof.de\/cms2\/wp-content\/uploads\/2016\/03\/logo_briefkopf_OT.png","width":504,"height":504,"caption":"Gr\u00fcnlandstaudenhof"},"image":{"@id":"https:\/\/www.gruenlandstaudenhof.de\/cms2\/#\/schema\/logo\/image\/"},"sameAs":["https:\/\/www.facebook.com\/gruenlandstaudenhof","https:\/\/x.com\/GSH_Oberhausen","https:\/\/www.instagram.com\/gruenlandstaudenhof\/"]}]}},"uagb_featured_image_src":{"full":false,"thumbnail":false,"medium":false,"medium_large":false,"large":false,"1536x1536":false,"2048x2048":false,"ocean-thumb-m":false,"ocean-thumb-ml":false,"ocean-thumb-l":false},"uagb_author_info":{"display_name":"Administrator","author_link":"https:\/\/www.gruenlandstaudenhof.de\/cms2\/author\/administrator\/"},"uagb_comment_info":5,"uagb_excerpt":"Direktverkauf \/ Hofladen Besuchen Sie unseren idyllischen Hofverkauf direkt an der Grenze zwischen Oberhausen und Dinslaken, in der malerischen H\u00fchnerheide in Schmachtendorf. Unser Hofverkauf liegt eingebettet in ein Waldgebiet, umgeben von Feldern, charmanten G\u00e4rten und einer Pferdekoppel. Unser Angebot: Unsere Produkte stammen aus naturbelassenem und nachhaltigem Anbau. Wir legen Wert auf Regionalit\u00e4t und Saisonalit\u00e4t. Unsere&hellip;","_links":{"self":[{"href":"https:\/\/www.gruenlandstaudenhof.de\/cms2\/wp-json\/wp\/v2\/pages\/1617","targetHints":{"allow":["GET"]}}],"collection":[{"href":"https:\/\/www.gruenlandstaudenhof.de\/cms2\/wp-json\/wp\/v2\/pages"}],"about":[{"href":"https:\/\/www.gruenlandstaudenhof.de\/cms2\/wp-json\/wp\/v2\/types\/page"}],"author":[{"embeddable":true,"href":"https:\/\/www.gruenlandstaudenhof.de\/cms2\/wp-json\/wp\/v2\/users\/1"}],"replies":[{"embeddable":true,"href":"https:\/\/www.gruenlandstaudenhof.de\/cms2\/wp-json\/wp\/v2\/comments?post=1617"}],"version-history":[{"count":0,"href":"https:\/\/www.gruenlandstaudenhof.de\/cms2\/wp-json\/wp\/v2\/pages\/1617\/revisions"}],"wp:attachment":[{"href":"https:\/\/www.gruenlandstaudenhof.de\/cms2\/wp-json\/wp\/v2\/media?parent=1617"}],"curies":[{"name":"wp","href":"https:\/\/api.w.org\/{rel}","templated":true}]}}