{"id":1669,"date":"2022-01-24T08:13:19","date_gmt":"2022-01-24T07:13:19","guid":{"rendered":"https:\/\/www.gruenlandstaudenhof.de\/cms2\/?page_id=1669"},"modified":"2024-01-03T11:21:30","modified_gmt":"2024-01-03T10:21:30","slug":"pflanzen","status":"publish","type":"page","link":"https:\/\/www.gruenlandstaudenhof.de\/cms2\/pflanzen\/","title":{"rendered":"Pflanzen"},"content":{"rendered":"\n<p>Wir bieten Ihnen ein umfangreiches Sortiment an verschiedenen Sorten und Arten von Pflanzen. Beim Anbau der Pflanzen achten wir auch hohe Qualit\u00e4t. Nur Pflanzen, die unseren Qualit\u00e4tsanspr\u00fcchen gen\u00fcgen landen im Verkauf. <\/p>\n\n\n\n<p>Hohen Wert legen wir auf Nat\u00fcrlichkeit, dazu geh\u00f6rt der naturbelassene und nachhaltigen Anbau. Chemische oder k\u00fcnstliche Zus\u00e4tze, die Kultivierung in Bioreaktoren oder die genetische Manipulation sind bei uns nat\u00fcrlich absolut tabu.<\/p>\n\n\n\n<h2 class=\"wp-block-heading\">Stauden<\/h2>\n\n\n\n<p>Die Welt der Stauden besticht durch Ihre unglaubliche Vielfalt. Verschiedenste Sorten mit einer schier unendlichen Zahl an Farben, Formen und Strukturen bringen Lebendigkeit und Sch\u00f6nheit in jeden Garten.<\/p>\n\n\n\n<p>Stauden lassen sich auf eine unendliche Art und Weise individuell kombinieren.<\/p>\n\n\n\n<p>Wir bieten Ihnen ein umfangreiches Spektrum an Sorten und Arten. F\u00fcr jeden Standort und jede Ihrer Ideen stehen wir Ihnen zur Seite:<\/p>\n\n\n\n<ul class=\"wp-block-list\">\n<li>Von schattiger bis zu voll sonnigen Lagen<\/li>\n\n\n\n<li>Japanischer Garten, Englischer Garten, naturnaher Garten, Steing\u00e4rten<\/li>\n\n\n\n<li>Feuchtzonen, Trockenzonen<\/li>\n\n\n\n<li>Schattenbeete, Strukturbeete, Dachbegr\u00fcnung<\/li>\n\n\n\n<li>uvm.<\/li>\n<\/ul>\n\n\n\n<p>Wir beraten Sie gerne und stellen Ihnen eine Auswahl aus unserem Sortiment \u2013 genau f\u00fcr Ihre Anspr\u00fcche und W\u00fcnsche \u2013 zusammen: von Begleitstauden bzw. Begeleitbepflanzungen bis zu ganzen Konzepten z.B. Steingarten.<\/p>\n\n\n\n<p class=\"has-text-align-center\"><a href=\"https:\/\/www.gruenlandstaudenhof.de\/Shop\/stauden\"> Direkt zu unserem Staudensortiment im Shop<\/a><\/p>\n\n\n\n<h2 class=\"wp-block-heading\">Gr\u00e4ser<\/h2>\n\n\n\n<p>Gr\u00e4ser geh\u00f6ren mittlerweile zu beliebtesten Schmuckpflanzen in Haus und Garten. Gr\u00e4ser sind weit mehr als nur \u201eRasen\u201c oder \u201eGras\u201c. Gr\u00e4ser eignen sich hervorragend zur Unterst\u00fctzung in einem Staudenbeeten, K\u00e4sten und K\u00fcbeln. <\/p>\n\n\n\n<p>Als Kontrakt zum umgebenden Blatt- und Bl\u00fchwerk von Geh\u00f6lzen und Stauden eignen sich Gr\u00e4ser hervorragend.<\/p>\n\n\n\n<p>Egal ob sonnig oder schattig, sumpfig, steinig oder trocken, f\u00fcr jedes Gebiet und jeden Anspruch gibt es passende Gr\u00e4ser. Ziergr\u00e4ser sind vielf\u00e4ltig einsetzbar und Nutzgr\u00e4ser z.B. Katzengras unterst\u00fctzt sogar Ihre Haustiere.<\/p>\n\n\n\n<p class=\"has-text-align-center\"><a href=\"https:\/\/www.gruenlandstaudenhof.de\/Shop\/Graeser\">Direkt zu unserer Auswahl an Gr\u00e4sern<\/a><\/p>\n\n\n\n<h2 class=\"wp-block-heading\">Farne<\/h2>\n\n\n\n<p>Farne geh\u00f6ren zu den \u00e4ltesten belegten Pflanzen auf dem Planeten. Ihre Einsatzgebiete sind sehr umfangreich. Von der exklusiven Untermalung im Garten bis zur Akzetsetzung in der Wohnung.<\/p>\n\n\n\n<p>Farne ben\u00f6tigen nicht viel Sonne, daher sind sie Ideal f\u00fcr schattige Lagen im Garten und im Haus. Feuchtigkeitsliebende Farne eignen sich z.B. im Badezimmer um z.B. einen tropischen Akzent zu setzen.<\/p>\n\n\n\n<p>Es gibt Farne in unz\u00e4hligen Gr\u00f6\u00dfen und Formen. Es gibt Wintergr\u00fcne und Sommergr\u00fcne Farne. Einige Farnarten wachsen stark und eignen sich als Hintergrundpflanze, andere eher schwach und bringen einen unterstreichenden Touch. <\/p>\n\n\n\n<p>Im Fr\u00fchjahr rollen die Wedel der Farne aus und strecken sich empor. Ein sch\u00f6nes Schauspiel von Mutter Natur.<\/p>\n\n\n\n<h2 class=\"wp-block-heading\">Wasserpflanzen<\/h2>\n\n\n\n<p>Ein Gartenteich oder ein Wasserspiel hat schon immer eine gro\u00dfe Faszination und Anziehungskraft in der gesamten Menschheitsgeschichte hervorgebracht. Der Verwendung von Wasser-Elementen sind kaum grenzen gesetzt. Seien es Wasserspiele in den Schl\u00f6ssern oder der kleine Teich im Garten. <\/p>\n\n\n\n<p>Wasser ist vielf\u00e4ltig wie kaum ein anderes Element. Es kann ruhig aber auch Wild sein. Ein Bachlauf oder ein Teich k\u00f6nnen zum Entspannen einladen und einen ruhigen Gegenpol zur hektischen Gesellschaft bilden. <\/p>\n\n\n\n<p>F\u00fcr Kinder ist ein Wasser ein wundersch\u00f6nes Spiel-Element besonders im Sommer. Erfrischend und belebend bei starker Hitze.<\/p>\n\n\n\n<p>Ein Teich mit Fischen ist ebenfalls sehr interessant.<\/p>\n\n\n\n<p>Selbst ein kleiner Garten kann durch einen Teich oder Wasserspiel mit einem angenehmen Pl\u00e4tschern ein Highlight sein. Wasserspiele und Teiche m\u00fcssen nicht besonders gro\u00df sein um Ihre Wirkung zu entfalten.<\/p>\n\n\n\n<p>Aber nicht nur im Garten, auch auf dem Balkon oder in der Wohnung kann man Wasserspiele genie\u00dfen. Kleine Zimmerbrunnen oder Balkonbrunnen eignen sich hervorragend daf\u00fcr.<\/p>\n\n\n\n<p>Eine Speisk\u00fcbel mit kleinen Seerosen, Rohrkolben, nat\u00fcrlich Wasser, einem Balkonbrunnenystem, umgeben von T\u00f6pfen mit Wasserpflanzen wie Schwertlilien wirken Wunder und machen aus jedem Balkon eine kleine Oase.<\/p>\n\n\n\n<p>Unser Wasserpflanzensortiment eignet sich f\u00fcr alle Lebensbereiche in und um den Teich, den Bachlauf oder den Brunnen. Unser Sortiment umfasst u.a. Funktionspflanzen, die das Wasser reinigen oder Sauerstoff liefern.<\/p>\n\n\n\n<h2 class=\"wp-block-heading\">Bodendecker<\/h2>\n\n\n\n<p>Bodendecker haben multiple Einsatzgebiete:<\/p>\n\n\n\n<ul class=\"wp-block-list\">\n<li>Als F\u00fcllelement in Beeten um z.B. Geh\u00f6lzfl\u00e4chen zu unterpflanzen<\/li>\n\n\n\n<li>Fl\u00e4chenbegr\u00fcnung \/ Dachbegr\u00fcnung<\/li>\n\n\n\n<li>Grabschmuck<\/li>\n\n\n\n<li>Bepflanzung von stark beanspruchten Fl\u00e4chenbegr\u00fcnung<\/li>\n<\/ul>\n\n\n\n<p>Es gibt Bodendecker, die sommergr\u00fcn sind aber auch immergr\u00fcne. Einige Bodendecker sind unscheinbar, andere setzen ein Highlight in Ihren Garten, andere Bl\u00fchen besonders lange.<\/p>\n\n\n\n<p>Bei Bodendeckern gilt: je enger sie gepflanzt werden, desto schneller wachsen sie. Und je schneller ein Teppich gebildet wurde, desto schwerer haben es Unkr\u00e4uter.<\/p>\n\n\n\n<h3 class=\"wp-block-heading\">Dachstauden<\/h3>\n\n\n\n<p>Dachstauden sind eine Sonderform der \u201eBodendecker\u201c. Seit einiger Zeit setzt sich Dachbegr\u00fcnung immer weiter durch. Die zahlreichen \u00f6kologischen und \u00f6konomischen Vorteile sind nicht von der Hand zu weisen.<\/p>\n\n\n\n<p>Unser Dachstauden-Sortiment umfasst ein reichhaltiges Angebot an Sedum und eine Vielzahl weiterer geeigneter Arten und Sorten.<\/p>\n\n\n\n<p class=\"has-text-align-center\"><a href=\"https:\/\/www.gruenlandstaudenhof.de\/Shop\/Bodendecker\">Auswahl an Dachstauden und Dachbegr\u00fcnung<br><\/a><\/p>\n\n\n\n<h2 class=\"wp-block-heading\">Kr\u00e4uterpflanzen<\/h2>\n\n\n\n<p>Seit Alter her begleiten uns Heilkr\u00e4uter und Gew\u00fcrze. Ein Leben ohne diese wunderbaren Pflanzen w\u00e4re kaum m\u00f6glich gewesen.<\/p>\n\n\n\n<p>Seit j\u00fcngerer Zeit werden immer wieder neue Kr\u00e4uter entdeckt bzw. wiederentdeckt, die lange in Vergessenheit geraten sind.<\/p>\n\n\n\n<p>Wir bieten Ihnen ein umfangreiches Kr\u00e4utersortiment von Gew\u00fcrzkr\u00e4utern bis Heilkr\u00e4utern. Gerne beraten wir Sie auch wenn Sie sich einen Kr\u00e4utergarten oder eine Kr\u00e4uterschnecke anlegen m\u00f6chten.<\/p>\n\n\n\n<h2 class=\"wp-block-heading\">Geh\u00f6lze<\/h2>\n\n\n\n<p>Was ist ein Garten ohne Geh\u00f6lze. Von Baum bis zum Strauch sind Geh\u00f6lze unglaublich vielseitig.<\/p>\n\n\n\n<p>Ein gro\u00dfer Baum ist im Garten sicherlich ein Highlight, aber auch eine kleine Palme im Bad unterstreicht und bringt einen exotischen Touch.<\/p>\n\n\n\n<p>Wundersch\u00f6ne Rosen erbl\u00fchen in Ihrem Garten. Im Fr\u00fchjahr fliegen die Apfelbl\u00fcten.  Ein herrlicher Anblick, auf dem man im Garten nicht verzichten sollte. <\/p>\n\n\n\n<p class=\"has-text-align-center\"><a href=\"https:\/\/www.gruenlandstaudenhof.de\/Shop\/Gehoelze_1\">Hier finden Sie unsere Geh\u00f6lzauswahl in unserem Webshop<\/a> Unterteilt in <a href=\"https:\/\/www.gruenlandstaudenhof.de\/Shop\/Rosen\">Rosen<\/a>, <a href=\"https:\/\/www.gruenlandstaudenhof.de\/Shop\/Straeucher-und-Hecken\">Str\u00e4ucher und Heckenpflanzen<\/a> sowie <a href=\"https:\/\/www.gruenlandstaudenhof.de\/Shop\/obstpflanzen\">Obstgeh\u00f6lze<\/a><\/p>\n\n\n\n<h2 class=\"wp-block-heading\">Zimmerpflanzen<\/h2>\n\n\n\n<p>Was ist ein Raum ohne Pflanzen? Einigen w\u00fcrden sagen leblos. Zimmerpflanzen bringen nicht nur Leben in ein Zimmer. Sie sind unglaubliche Funktionsmonster, die auf Menschen positiv Einwirken. Zimmerpflanzen reinigen die Luft und filtern Schadstoffe heraus. Sie wirken positiv auf das Raumklima und sehen dabei auch noch sch\u00f6n aus. <\/p>\n\n\n\n<p>Es gibt unz\u00e4hlige Arten an Zimmerpflanzen von Bl\u00fchpflanzen bis zu Gr\u00fcnpflanzen, von klein bis gro\u00df. Zimmerpflanzen sind wahre Meister der Raumluft.<\/p>\n\n\n\n<p>Besonders in Gro\u00dfraumb\u00fcros, aber auch in Zimmern in denen sich Menschen regelm\u00e4\u00dfig aufhalten sind Zimmerpflanzen ein absolutes muss.<\/p>\n\n\n\n<p>Zimmerpflanzen k\u00f6nnen aber noch mehr. Sie k\u00f6nnen einen Raum in einen Dschungel verwandeln. Eine farblosen Raum, Farbe verleihen.<\/p>\n\n\n\n<p class=\"has-text-align-center\"><a href=\"https:\/\/www.gruenlandstaudenhof.de\/Shop\/zimmerpflanzen\">Unser Zimmerpflanzensortiment im Webshop<\/a><\/p>\n\n\n\n<h2 class=\"wp-block-heading\"> <br> Obst und Gem\u00fcsepflanzen <\/h2>\n\n\n\n<p>Wer mag nicht leckeres und frisches Obst oder Gem\u00fcse? Wir haben\nf\u00fcr Sie verschiedene Obst und Gem\u00fcsepflanzen zusammengestellt.\nIdeal f\u00fcr den eigenen Garten, aber auch f\u00fcr den Balkon. \n<\/p>\n\n\n\n<p>Es gibt eine Vielzahl von Gem\u00fcse und Obst, dass Sie in Ihrem\nBalkon z.B. in K\u00e4sten oder K\u00fcbeln ziehen k\u00f6nnen.<\/p>\n\n\n\n<p>Ideal ist auch Naschobst wie zum Beispiel <a href=\"https:\/\/www.gruenlandstaudenhof.de\/Shop\/erdbeeren\">Erdbeeren<\/a> f\u00fcr Ihre Kinder oder zum Naschen zwischendurch.<\/p>\n\n\n\n<p>Wir haben f\u00fcr Sie eine Liste von <a href=\"https:\/\/www.gruenlandstaudenhof.de\/cms2\/haus-garten\/beliebte-gemuesesorten-fuer-den-garten\/\">beliebten Gem\u00fcsesorten f\u00fcr Ihren Garten<\/a> zusammen gestellt. <br>In unserem <a href=\"https:\/\/www.gruenlandstaudenhof.de\/cms2\/news-infos\/ratgeber-erdbeeren\/\">Ratgeber Erdbeeren<\/a> finden Sie n\u00fctzliche Tipps und Tricks rund um die Erdbeere.<\/p>\n\n\n\n<h2 class=\"wp-block-heading\">Sortiments\u00fcbersicht<\/h2>\n\n\n\n<p>Unser Pflanzensortiment umfasst unter anderem folgende Sortimentsgruppen<\/p>\n\n\n\n<div class=\"wp-block-columns is-layout-flex wp-container-core-columns-is-layout-9d6595d7 wp-block-columns-is-layout-flex\">\n<div class=\"wp-block-column is-layout-flow wp-block-column-is-layout-flow\">\n<h3 class=\"wp-block-heading\">Baumschule<\/h3>\n\n\n\n<ul class=\"wp-block-list\">\n<li>Bambus<\/li>\n\n\n\n<li>Bodendecker<\/li>\n\n\n\n<li>Buxus<\/li>\n\n\n\n<li>Obstgeh\u00f6lze<\/li>\n\n\n\n<li>Heckenpflanzen\n<ul class=\"wp-block-list\">\n<li>Koniferen<\/li>\n\n\n\n<li>Laub<\/li>\n<\/ul>\n<\/li>\n\n\n\n<li>Hydrangea (Hortensie)<\/li>\n\n\n\n<li>Ilex<\/li>\n\n\n\n<li>Laubgeh\u00f6lze<\/li>\n\n\n\n<li>Nadelgeh\u00f6lze<\/li>\n\n\n\n<li>Picea<\/li>\n\n\n\n<li>Rhododendron<\/li>\n\n\n\n<li>Rosen<\/li>\n\n\n\n<li>Skimmia<\/li>\n\n\n\n<li>Taxus<\/li>\n<\/ul>\n\n\n\n<h3 class=\"wp-block-heading\">Wasserpflanzen<\/h3>\n\n\n\n<h3 class=\"wp-block-heading\">Farne<\/h3>\n<\/div>\n\n\n\n<div class=\"wp-block-column is-layout-flow wp-block-column-is-layout-flow\">\n<h3 class=\"wp-block-heading\">Zimmerpflanzen<\/h3>\n\n\n\n<ul class=\"wp-block-list\">\n<li>Bl\u00fchpflanzen<\/li>\n<\/ul>\n\n\n\n<ul class=\"wp-block-list\">\n<li>Gr\u00fcnpflanzen<\/li>\n<\/ul>\n\n\n\n<ul class=\"wp-block-list\">\n<li>Schling- und Rankpflanzen<\/li>\n<\/ul>\n\n\n\n<h3 class=\"wp-block-heading\">Gem\u00fcsepflanzen<\/h3>\n\n\n\n<h3 class=\"wp-block-heading\">Obstpflanzen<\/h3>\n\n\n\n<ul class=\"wp-block-list\">\n<li>Erdbeeren<\/li>\n\n\n\n<li><a href=\"https:\/\/www.gruenlandstaudenhof.de\/cms2\/pflanzen\/erdbeeren\/die-besten-alten-erdbeersorten\/\">Alte Erdbeersorten<\/a><\/li>\n<\/ul>\n\n\n\n<p>Seltene Erdbeersorten finden Sie der \u00dcbersichtlichkeit aufgeteilt auf 3 Unterseiten:<\/p>\n\n\n\n<ul class=\"wp-block-list\">\n<li><a href=\"https:\/\/www.gruenlandstaudenhof.de\/cms2\/pflanzen\/erdbeeren\/die-seltensten-erdbeersorten-teil-1\/\">Seltene Erdbeersorten 1<\/a><\/li>\n\n\n\n<li><a href=\"https:\/\/www.gruenlandstaudenhof.de\/cms2\/pflanzen\/erdbeeren\/die-seltensten-erdbeersorten-teil-2\/\">Seltene Erdbeersorten 2<\/a><\/li>\n\n\n\n<li><a href=\"https:\/\/www.gruenlandstaudenhof.de\/cms2\/pflanzen\/erdbeeren\/die-seltensten-erdbeersorten-teil-3\/\">Seltene Erdbeersorten 3<\/a><\/li>\n<\/ul>\n\n\n\n<h3 class=\"wp-block-heading\">Kr\u00e4uterpflanzen<\/h3>\n\n\n\n<h3 class=\"wp-block-heading\">Schnittgr\u00fcn<\/h3>\n\n\n\n<h3 class=\"wp-block-heading\"><a href=\"https:\/\/www.gruenlandstaudenhof.de\/cms2\/gruenlandstaudenhof\/produkte\/stauden\/\">Stauden<\/a><\/h3>\n\n\n\n<h3 class=\"wp-block-heading\">Ziergr\u00e4ser<\/h3>\n\n\n\n<h3 class=\"wp-block-heading\">Zwiebelpflanzen<\/h3>\n\n\n\n<h3 class=\"wp-block-heading\">S\u00e4mereien<\/h3>\n<\/div>\n<\/div>\n\n\n\n<p>Bitte werfen Sie einen Blick in unsere <a href=\"https:\/\/www.gruenlandstaudenhof.de\/cms2\/kataloge\/\" target=\"_blank\" rel=\"noreferrer noopener\">Kataloge<\/a> oder unseren <a href=\"https:\/\/www.gruenlandstaudenhof.de\/cms2\/kontakt\/\" target=\"_blank\" rel=\"noreferrer noopener\">Webshop<\/a>. Sollten Sie Bedarf an Produkten haben, die nicht aufgef\u00fchrt sind, stehen wir Ihnen gerne zur Verf\u00fcgung. Sie k\u00f6nnen uns beispielsweise \u00fcber unser <a href=\"https:\/\/www.gruenlandstaudenhof.de\/cms2\/kontakt\/\" target=\"_blank\" rel=\"noreferrer noopener\">Kontaktformular<\/a> erreichen.<\/p>\n","protected":false},"excerpt":{"rendered":"<p>Wir bieten Ihnen ein umfangreiches Sortiment an verschiedenen Sorten und Arten von Pflanzen. Beim Anbau der Pflanzen achten wir auch hohe Qualit\u00e4t. Nur Pflanzen, die unseren Qualit\u00e4tsanspr\u00fcchen gen\u00fcgen landen im Verkauf. Hohen Wert legen wir auf Nat\u00fcrlichkeit, dazu geh\u00f6rt der naturbelassene und nachhaltigen Anbau. Chemische oder k\u00fcnstliche Zus\u00e4tze, die Kultivierung in Bioreaktoren oder die genetische [&hellip;]<\/p>\n","protected":false},"author":1,"featured_media":0,"parent":0,"menu_order":0,"comment_status":"closed","ping_status":"closed","template":"","meta":{"_uag_custom_page_level_css":"","ocean_post_layout":"left-sidebar","ocean_both_sidebars_style":"","ocean_both_sidebars_content_width":0,"ocean_both_sidebars_sidebars_width":0,"ocean_sidebar":"0","ocean_second_sidebar":"0","ocean_disable_margins":"enable","ocean_add_body_class":"","ocean_shortcode_before_top_bar":"","ocean_shortcode_after_top_bar":"","ocean_shortcode_before_header":"","ocean_shortcode_after_header":"","ocean_has_shortcode":"","ocean_shortcode_after_title":"","ocean_shortcode_before_footer_widgets":"","ocean_shortcode_after_footer_widgets":"","ocean_shortcode_before_footer_bottom":"","ocean_shortcode_after_footer_bottom":"","ocean_display_top_bar":"default","ocean_display_header":"default","ocean_header_style":"","ocean_center_header_left_menu":"0","ocean_custom_header_template":"0","ocean_custom_logo":0,"ocean_custom_retina_logo":0,"ocean_custom_logo_max_width":0,"ocean_custom_logo_tablet_max_width":0,"ocean_custom_logo_mobile_max_width":0,"ocean_custom_logo_max_height":0,"ocean_custom_logo_tablet_max_height":0,"ocean_custom_logo_mobile_max_height":0,"ocean_header_custom_menu":"0","ocean_menu_typo_font_family":"0","ocean_menu_typo_font_subset":"","ocean_menu_typo_font_size":0,"ocean_menu_typo_font_size_tablet":0,"ocean_menu_typo_font_size_mobile":0,"ocean_menu_typo_font_size_unit":"px","ocean_menu_typo_font_weight":"","ocean_menu_typo_font_weight_tablet":"","ocean_menu_typo_font_weight_mobile":"","ocean_menu_typo_transform":"","ocean_menu_typo_transform_tablet":"","ocean_menu_typo_transform_mobile":"","ocean_menu_typo_line_height":0,"ocean_menu_typo_line_height_tablet":0,"ocean_menu_typo_line_height_mobile":0,"ocean_menu_typo_line_height_unit":"","ocean_menu_typo_spacing":0,"ocean_menu_typo_spacing_tablet":0,"ocean_menu_typo_spacing_mobile":0,"ocean_menu_typo_spacing_unit":"","ocean_menu_link_color":"","ocean_menu_link_color_hover":"","ocean_menu_link_color_active":"","ocean_menu_link_background":"","ocean_menu_link_hover_background":"","ocean_menu_link_active_background":"","ocean_menu_social_links_bg":"","ocean_menu_social_hover_links_bg":"","ocean_menu_social_links_color":"","ocean_menu_social_hover_links_color":"","ocean_disable_title":"default","ocean_disable_heading":"default","ocean_post_title":"","ocean_post_subheading":"","ocean_post_title_style":"","ocean_post_title_background_color":"","ocean_post_title_background":0,"ocean_post_title_bg_image_position":"","ocean_post_title_bg_image_attachment":"","ocean_post_title_bg_image_repeat":"","ocean_post_title_bg_image_size":"","ocean_post_title_height":0,"ocean_post_title_bg_overlay":0.5,"ocean_post_title_bg_overlay_color":"","ocean_disable_breadcrumbs":"default","ocean_breadcrumbs_color":"","ocean_breadcrumbs_separator_color":"","ocean_breadcrumbs_links_color":"","ocean_breadcrumbs_links_hover_color":"","ocean_display_footer_widgets":"default","ocean_display_footer_bottom":"default","ocean_custom_footer_template":"0","footnotes":""},"class_list":["post-1669","page","type-page","status-publish","hentry","entry"],"yoast_head":"<!-- This site is optimized with the Yoast SEO plugin v27.4 - https:\/\/yoast.com\/product\/yoast-seo-wordpress\/ -->\n<title>Pflanzen - Gr\u00fcnlandstaudenhof<\/title>\n<meta name=\"description\" content=\"Wir bieten Ihnen ein umfangreiches Sortiment an verschiedenen Sorten und Arten von Pflanzen. Beim Anbau der Pflanzen achten wir auch hohe Qualit\u00e4t. Nur\" \/>\n<meta name=\"robots\" content=\"index, follow, max-snippet:-1, max-image-preview:large, max-video-preview:-1\" \/>\n<link rel=\"canonical\" href=\"https:\/\/www.gruenlandstaudenhof.de\/cms2\/pflanzen\/\" \/>\n<meta property=\"og:locale\" content=\"de_DE\" \/>\n<meta property=\"og:type\" content=\"article\" \/>\n<meta property=\"og:title\" content=\"Pflanzen - Gr\u00fcnlandstaudenhof\" \/>\n<meta property=\"og:description\" content=\"Wir bieten Ihnen ein umfangreiches Sortiment an verschiedenen Sorten und Arten von Pflanzen. Beim Anbau der Pflanzen achten wir auch hohe Qualit\u00e4t. Nur\" \/>\n<meta property=\"og:url\" content=\"https:\/\/www.gruenlandstaudenhof.de\/cms2\/pflanzen\/\" \/>\n<meta property=\"og:site_name\" content=\"Gr\u00fcnlandstaudenhof\" \/>\n<meta property=\"article:publisher\" content=\"https:\/\/www.facebook.com\/gruenlandstaudenhof\" \/>\n<meta property=\"article:modified_time\" content=\"2024-01-03T10:21:30+00:00\" \/>\n<meta property=\"og:image\" content=\"https:\/\/www.gruenlandstaudenhof.de\/cms2\/wp-content\/uploads\/2019\/01\/Logo192.png\" \/>\n\t<meta property=\"og:image:width\" content=\"192\" \/>\n\t<meta property=\"og:image:height\" content=\"192\" \/>\n\t<meta property=\"og:image:type\" content=\"image\/png\" \/>\n<meta name=\"twitter:card\" content=\"summary_large_image\" \/>\n<meta name=\"twitter:site\" content=\"@GSH_Oberhausen\" \/>\n<meta name=\"twitter:label1\" content=\"Gesch\u00e4tzte Lesezeit\" \/>\n\t<meta name=\"twitter:data1\" content=\"7\u00a0Minuten\" \/>\n<!-- \/ Yoast SEO plugin. -->","yoast_head_json":{"title":"Pflanzen - Gr\u00fcnlandstaudenhof","description":"Wir bieten Ihnen ein umfangreiches Sortiment an verschiedenen Sorten und Arten von Pflanzen. Beim Anbau der Pflanzen achten wir auch hohe Qualit\u00e4t. Nur","robots":{"index":"index","follow":"follow","max-snippet":"max-snippet:-1","max-image-preview":"max-image-preview:large","max-video-preview":"max-video-preview:-1"},"canonical":"https:\/\/www.gruenlandstaudenhof.de\/cms2\/pflanzen\/","og_locale":"de_DE","og_type":"article","og_title":"Pflanzen - Gr\u00fcnlandstaudenhof","og_description":"Wir bieten Ihnen ein umfangreiches Sortiment an verschiedenen Sorten und Arten von Pflanzen. Beim Anbau der Pflanzen achten wir auch hohe Qualit\u00e4t. Nur","og_url":"https:\/\/www.gruenlandstaudenhof.de\/cms2\/pflanzen\/","og_site_name":"Gr\u00fcnlandstaudenhof","article_publisher":"https:\/\/www.facebook.com\/gruenlandstaudenhof","article_modified_time":"2024-01-03T10:21:30+00:00","og_image":[{"width":192,"height":192,"url":"https:\/\/www.gruenlandstaudenhof.de\/cms2\/wp-content\/uploads\/2019\/01\/Logo192.png","type":"image\/png"}],"twitter_card":"summary_large_image","twitter_site":"@GSH_Oberhausen","twitter_misc":{"Gesch\u00e4tzte Lesezeit":"7\u00a0Minuten"},"schema":{"@context":"https:\/\/schema.org","@graph":[{"@type":"WebPage","@id":"https:\/\/www.gruenlandstaudenhof.de\/cms2\/pflanzen\/","url":"https:\/\/www.gruenlandstaudenhof.de\/cms2\/pflanzen\/","name":"Pflanzen - Gr\u00fcnlandstaudenhof","isPartOf":{"@id":"https:\/\/www.gruenlandstaudenhof.de\/cms2\/#website"},"datePublished":"2022-01-24T07:13:19+00:00","dateModified":"2024-01-03T10:21:30+00:00","description":"Wir bieten Ihnen ein umfangreiches Sortiment an verschiedenen Sorten und Arten von Pflanzen. Beim Anbau der Pflanzen achten wir auch hohe Qualit\u00e4t. Nur","breadcrumb":{"@id":"https:\/\/www.gruenlandstaudenhof.de\/cms2\/pflanzen\/#breadcrumb"},"inLanguage":"de","potentialAction":[{"@type":"ReadAction","target":["https:\/\/www.gruenlandstaudenhof.de\/cms2\/pflanzen\/"]}]},{"@type":"BreadcrumbList","@id":"https:\/\/www.gruenlandstaudenhof.de\/cms2\/pflanzen\/#breadcrumb","itemListElement":[{"@type":"ListItem","position":1,"name":"Startseite","item":"https:\/\/www.gruenlandstaudenhof.de\/cms2\/"},{"@type":"ListItem","position":2,"name":"Pflanzen"}]},{"@type":"WebSite","@id":"https:\/\/www.gruenlandstaudenhof.de\/cms2\/#website","url":"https:\/\/www.gruenlandstaudenhof.de\/cms2\/","name":"Gr\u00fcnlandstaudenhof","description":"Landwirtschaft, Gartenbau, Landhandel","publisher":{"@id":"https:\/\/www.gruenlandstaudenhof.de\/cms2\/#organization"},"potentialAction":[{"@type":"SearchAction","target":{"@type":"EntryPoint","urlTemplate":"https:\/\/www.gruenlandstaudenhof.de\/cms2\/?s={search_term_string}"},"query-input":{"@type":"PropertyValueSpecification","valueRequired":true,"valueName":"search_term_string"}}],"inLanguage":"de"},{"@type":"Organization","@id":"https:\/\/www.gruenlandstaudenhof.de\/cms2\/#organization","name":"Gr\u00fcnlandstaudenhof","url":"https:\/\/www.gruenlandstaudenhof.de\/cms2\/","logo":{"@type":"ImageObject","inLanguage":"de","@id":"https:\/\/www.gruenlandstaudenhof.de\/cms2\/#\/schema\/logo\/image\/","url":"https:\/\/www.gruenlandstaudenhof.de\/cms2\/wp-content\/uploads\/2016\/03\/logo_briefkopf_OT.png","contentUrl":"https:\/\/www.gruenlandstaudenhof.de\/cms2\/wp-content\/uploads\/2016\/03\/logo_briefkopf_OT.png","width":504,"height":504,"caption":"Gr\u00fcnlandstaudenhof"},"image":{"@id":"https:\/\/www.gruenlandstaudenhof.de\/cms2\/#\/schema\/logo\/image\/"},"sameAs":["https:\/\/www.facebook.com\/gruenlandstaudenhof","https:\/\/x.com\/GSH_Oberhausen","https:\/\/www.instagram.com\/gruenlandstaudenhof\/"]}]}},"uagb_featured_image_src":{"full":false,"thumbnail":false,"medium":false,"medium_large":false,"large":false,"1536x1536":false,"2048x2048":false,"ocean-thumb-m":false,"ocean-thumb-ml":false,"ocean-thumb-l":false},"uagb_author_info":{"display_name":"Administrator","author_link":"https:\/\/www.gruenlandstaudenhof.de\/cms2\/author\/administrator\/"},"uagb_comment_info":0,"uagb_excerpt":"Wir bieten Ihnen ein umfangreiches Sortiment an verschiedenen Sorten und Arten von Pflanzen. Beim Anbau der Pflanzen achten wir auch hohe Qualit\u00e4t. Nur Pflanzen, die unseren Qualit\u00e4tsanspr\u00fcchen gen\u00fcgen landen im Verkauf. Hohen Wert legen wir auf Nat\u00fcrlichkeit, dazu geh\u00f6rt der naturbelassene und nachhaltigen Anbau. Chemische oder k\u00fcnstliche Zus\u00e4tze, die Kultivierung in Bioreaktoren oder die genetische&hellip;","_links":{"self":[{"href":"https:\/\/www.gruenlandstaudenhof.de\/cms2\/wp-json\/wp\/v2\/pages\/1669","targetHints":{"allow":["GET"]}}],"collection":[{"href":"https:\/\/www.gruenlandstaudenhof.de\/cms2\/wp-json\/wp\/v2\/pages"}],"about":[{"href":"https:\/\/www.gruenlandstaudenhof.de\/cms2\/wp-json\/wp\/v2\/types\/page"}],"author":[{"embeddable":true,"href":"https:\/\/www.gruenlandstaudenhof.de\/cms2\/wp-json\/wp\/v2\/users\/1"}],"replies":[{"embeddable":true,"href":"https:\/\/www.gruenlandstaudenhof.de\/cms2\/wp-json\/wp\/v2\/comments?post=1669"}],"version-history":[{"count":0,"href":"https:\/\/www.gruenlandstaudenhof.de\/cms2\/wp-json\/wp\/v2\/pages\/1669\/revisions"}],"wp:attachment":[{"href":"https:\/\/www.gruenlandstaudenhof.de\/cms2\/wp-json\/wp\/v2\/media?parent=1669"}],"curies":[{"name":"wp","href":"https:\/\/api.w.org\/{rel}","templated":true}]}}