{"id":204,"date":"2016-02-29T13:24:36","date_gmt":"2016-02-29T12:24:36","guid":{"rendered":"http:\/\/www.gruenlandstaudenhof.de\/cms2\/?page_id=204"},"modified":"2019-11-05T12:03:27","modified_gmt":"2019-11-05T11:03:27","slug":"unternehmen","status":"publish","type":"page","link":"https:\/\/www.gruenlandstaudenhof.de\/cms2\/unternehmen\/","title":{"rendered":"Unternehmen"},"content":{"rendered":"<h1 class=\"western\">\u00dcber uns<\/h1>\n<p>Gr\u00fcnlandstaudenhof wurde 2012 durch den Oberhausener Unternehmer Walter Rei\u00dfner gegr\u00fcndet. Urspr\u00fcnglich eine Erweiterung seines Hobbys dem Gartenbau und der Landwirtschaft, entwickelte sich schnell ein umfangreiches Unternehmen mit internationalem Kundenkreis.<\/p>\n<p>Das Unternehmen Gr\u00fcnlandstaudenhof steht f\u00fcr naturbelassenen Anbau und hohe Qualit\u00e4tsma\u00dfst\u00e4be.<\/p>\n<p>Gr\u00fcnlandstaudenhof hat seinen Sitz im beschaulichen Schmachtendorf einem Ortsteil der Stadt Oberhausen.<\/p>\n<p>Neben einem Umfangreichen Sortiment von Pflanzen aus naturbelassenem Anbau bietet Gr\u00fcnlandstaudenhof auch naturbelassenes Obst und Gem\u00fcse sowie Eier von freilaufenden H\u00fchnern an.<\/p>\n<h2 class=\"western\">Entwicklung<\/h2>\n<p>Seit der Gr\u00fcndung entwickelt und w\u00e4chst Gr\u00fcnlandstaudenhof kontinuierlich weiter. Dazu z\u00e4hlt auch der Evaluierung und das Eintreten in neue Gesch\u00e4ftsfelder.<\/p>\n<p>So werden die Anbaufl\u00e4chen und Gew\u00e4chsh\u00e4user regelm\u00e4\u00dfig erweitert und modernisiert.<\/p>\n<p>Ende 2015\/Anfang 2016 wurde ein eigens f\u00fcr die Bed\u00fcrfnisse von Gr\u00fcnlandstaudenhof umfangreiches ERP-System durch Christoph Rei\u00dfner geplant und entwickelt.<\/p>\n<p>Ab 2016 betreibt Gr\u00fcnlandstaudenhof einen Hofverkauf bei dem frische und selbsterzeugte Produkte wie Gem\u00fcse und Obst von von den eigenen Feldern , Eier aus eigener H\u00fchner Haltung uvm. gekauft werden k\u00f6nnen.<\/p>\n<p>Spezialisiert haben wir uns auch hier auf das &#8220;exklusive&#8221; und &#8220;besondere&#8221; aber auch auf alte und vergessene Kulturen, dazu z\u00e4hlen u.a. blaue Karotten oder gr\u00fcne Eier. Weitergehend legen wir wert auf einen nachhaltigen und naturbelassen Anbau.<\/p>\n<p>Anfang 2017 haben wir mit der Zucht von K\u00fcken unserer H\u00fchner begonnen.<\/p>\n<p>Mitte 2017 wurden unsere Tierbest\u00e4nde aufgestockt.<\/p>\n<p>Ende 2017 wurde das ERP-System des Unternehmens um das selbst entwickelte Modul \u201eLandwirtschaft\u201c erweitert, welches alle Prozesse eines landwirtschaftlichen Unternehmens abbildet.<\/p>\n<p>2018 Start der Projektinitiative \u201eNachhaltigkeit\u201c. Die Projektinitiative \u201eNachhaltigkeit\u201c richtet sich an Kinderg\u00e4rten, Schulen, Lehrer, Eltern und alle, die sich f\u00fcr dieses Thema interessieren.<\/p>\n<p>Die Thematik der \u201eNachhaltigkeit\u201c wird von uns in Kursen und Seminaren vermitteln.<\/p>\n<p>Dabei geht es um<\/p>\n<ol>\n<li>Nachhaltige Landwirtschaft, Ern\u00e4hrung, Lebensweise sowie Ressourcenumgang<\/li>\n<li>Nachhaltiges Finanzmanagement<\/li>\n<li>Nachhaltiger Umgang mit den Internet, den sozialen Netzen und dem Einkauf im Internet<\/li>\n<\/ol>\n<p>Die Erweiterung des Projektes um neue Themenbereiche wird geplant.<\/p>\n<h2 class=\"western\">\u00dcber den Unternehmer Walter Rei\u00dfner<\/h2>\n<p>Wer aus dem Ruhrgebiet kommt, dem d\u00fcrfte der Name Walter Rei\u00dfner etwas sagen.<\/p>\n<p>Walter Rei\u00dfner ist seit 1979 Unternehmer und hat seit dieser Zeit umfangreiche Projekte geplant und Unternehmen gegr\u00fcndet.<\/p>\n<p>Durch die stetige Weiterentwicklung des Familienunternehmens konnten neue M\u00e4rkte und Segmente erschlossen werden. Der Zusammenschluss mit anderen Familienmitgliedern erm\u00f6glichte ein gro\u00dfes Spektrum an weiteren Leistungen wie z.B. Landwirtschaft, Gartenbau, Unternehmensberatung, IT, Immobilien, Investment und Logistik.<\/p>\n<p>Gr\u00fcnlandstaudenhof steht f\u00fcr nat\u00fcrliche, nachhaltige naturbelassene Premium-Qualit\u00e4t aus Oberhausen.<\/p>\n","protected":false},"excerpt":{"rendered":"<p>\u00dcber uns Gr\u00fcnlandstaudenhof wurde 2012 durch den Oberhausener Unternehmer Walter Rei\u00dfner gegr\u00fcndet. Urspr\u00fcnglich eine Erweiterung seines Hobbys dem Gartenbau und der Landwirtschaft, entwickelte sich schnell ein umfangreiches Unternehmen mit internationalem Kundenkreis. Das Unternehmen Gr\u00fcnlandstaudenhof steht f\u00fcr naturbelassenen Anbau und hohe Qualit\u00e4tsma\u00dfst\u00e4be. Gr\u00fcnlandstaudenhof hat seinen Sitz im beschaulichen Schmachtendorf einem Ortsteil der Stadt Oberhausen. Neben einem [&hellip;]<\/p>\n","protected":false},"author":1,"featured_media":0,"parent":0,"menu_order":0,"comment_status":"closed","ping_status":"closed","template":"","meta":{"_uag_custom_page_level_css":"","ocean_post_layout":"","ocean_both_sidebars_style":"","ocean_both_sidebars_content_width":0,"ocean_both_sidebars_sidebars_width":0,"ocean_sidebar":"","ocean_second_sidebar":"","ocean_disable_margins":"enable","ocean_add_body_class":"","ocean_shortcode_before_top_bar":"","ocean_shortcode_after_top_bar":"","ocean_shortcode_before_header":"","ocean_shortcode_after_header":"","ocean_has_shortcode":"","ocean_shortcode_after_title":"","ocean_shortcode_before_footer_widgets":"","ocean_shortcode_after_footer_widgets":"","ocean_shortcode_before_footer_bottom":"","ocean_shortcode_after_footer_bottom":"","ocean_display_top_bar":"default","ocean_display_header":"default","ocean_header_style":"","ocean_center_header_left_menu":"","ocean_custom_header_template":"","ocean_custom_logo":0,"ocean_custom_retina_logo":0,"ocean_custom_logo_max_width":0,"ocean_custom_logo_tablet_max_width":0,"ocean_custom_logo_mobile_max_width":0,"ocean_custom_logo_max_height":0,"ocean_custom_logo_tablet_max_height":0,"ocean_custom_logo_mobile_max_height":0,"ocean_header_custom_menu":"","ocean_menu_typo_font_family":"","ocean_menu_typo_font_subset":"","ocean_menu_typo_font_size":0,"ocean_menu_typo_font_size_tablet":0,"ocean_menu_typo_font_size_mobile":0,"ocean_menu_typo_font_size_unit":"px","ocean_menu_typo_font_weight":"","ocean_menu_typo_font_weight_tablet":"","ocean_menu_typo_font_weight_mobile":"","ocean_menu_typo_transform":"","ocean_menu_typo_transform_tablet":"","ocean_menu_typo_transform_mobile":"","ocean_menu_typo_line_height":0,"ocean_menu_typo_line_height_tablet":0,"ocean_menu_typo_line_height_mobile":0,"ocean_menu_typo_line_height_unit":"","ocean_menu_typo_spacing":0,"ocean_menu_typo_spacing_tablet":0,"ocean_menu_typo_spacing_mobile":0,"ocean_menu_typo_spacing_unit":"","ocean_menu_link_color":"","ocean_menu_link_color_hover":"","ocean_menu_link_color_active":"","ocean_menu_link_background":"","ocean_menu_link_hover_background":"","ocean_menu_link_active_background":"","ocean_menu_social_links_bg":"","ocean_menu_social_hover_links_bg":"","ocean_menu_social_links_color":"","ocean_menu_social_hover_links_color":"","ocean_disable_title":"default","ocean_disable_heading":"default","ocean_post_title":"","ocean_post_subheading":"","ocean_post_title_style":"","ocean_post_title_background_color":"","ocean_post_title_background":0,"ocean_post_title_bg_image_position":"","ocean_post_title_bg_image_attachment":"","ocean_post_title_bg_image_repeat":"","ocean_post_title_bg_image_size":"","ocean_post_title_height":0,"ocean_post_title_bg_overlay":0.5,"ocean_post_title_bg_overlay_color":"","ocean_disable_breadcrumbs":"default","ocean_breadcrumbs_color":"","ocean_breadcrumbs_separator_color":"","ocean_breadcrumbs_links_color":"","ocean_breadcrumbs_links_hover_color":"","ocean_display_footer_widgets":"default","ocean_display_footer_bottom":"default","ocean_custom_footer_template":"","footnotes":""},"class_list":["post-204","page","type-page","status-publish","hentry","entry"],"yoast_head":"<!-- This site is optimized with the Yoast SEO plugin v27.5 - https:\/\/yoast.com\/product\/yoast-seo-wordpress\/ -->\n<title>Unternehmen - Gr\u00fcnlandstaudenhof<\/title>\n<meta name=\"description\" content=\"\u00dcber uns Gr\u00fcnlandstaudenhof wurde 2012 durch den Oberhausener Unternehmer Walter Rei\u00dfner gegr\u00fcndet. Urspr\u00fcnglich eine Erweiterung seines Hobbys dem\" \/>\n<meta name=\"robots\" content=\"index, follow, max-snippet:-1, max-image-preview:large, max-video-preview:-1\" \/>\n<link rel=\"canonical\" href=\"https:\/\/www.gruenlandstaudenhof.de\/cms2\/unternehmen\/\" \/>\n<meta property=\"og:locale\" content=\"de_DE\" \/>\n<meta property=\"og:type\" content=\"article\" \/>\n<meta property=\"og:title\" content=\"Unternehmen - Gr\u00fcnlandstaudenhof\" \/>\n<meta property=\"og:description\" content=\"\u00dcber uns Gr\u00fcnlandstaudenhof wurde 2012 durch den Oberhausener Unternehmer Walter Rei\u00dfner gegr\u00fcndet. Urspr\u00fcnglich eine Erweiterung seines Hobbys dem\" \/>\n<meta property=\"og:url\" content=\"https:\/\/www.gruenlandstaudenhof.de\/cms2\/unternehmen\/\" \/>\n<meta property=\"og:site_name\" content=\"Gr\u00fcnlandstaudenhof\" \/>\n<meta property=\"article:publisher\" content=\"https:\/\/www.facebook.com\/gruenlandstaudenhof\" \/>\n<meta property=\"article:modified_time\" content=\"2019-11-05T11:03:27+00:00\" \/>\n<meta property=\"og:image\" content=\"https:\/\/www.gruenlandstaudenhof.de\/cms2\/wp-content\/uploads\/2019\/01\/Logo192.png\" \/>\n\t<meta property=\"og:image:width\" content=\"192\" \/>\n\t<meta property=\"og:image:height\" content=\"192\" \/>\n\t<meta property=\"og:image:type\" content=\"image\/png\" \/>\n<meta name=\"twitter:card\" content=\"summary_large_image\" \/>\n<meta name=\"twitter:site\" content=\"@GSH_Oberhausen\" \/>\n<meta name=\"twitter:label1\" content=\"Gesch\u00e4tzte Lesezeit\" \/>\n\t<meta name=\"twitter:data1\" content=\"2\u00a0Minuten\" \/>\n<!-- \/ Yoast SEO plugin. -->","yoast_head_json":{"title":"Unternehmen - Gr\u00fcnlandstaudenhof","description":"\u00dcber uns Gr\u00fcnlandstaudenhof wurde 2012 durch den Oberhausener Unternehmer Walter Rei\u00dfner gegr\u00fcndet. Urspr\u00fcnglich eine Erweiterung seines Hobbys dem","robots":{"index":"index","follow":"follow","max-snippet":"max-snippet:-1","max-image-preview":"max-image-preview:large","max-video-preview":"max-video-preview:-1"},"canonical":"https:\/\/www.gruenlandstaudenhof.de\/cms2\/unternehmen\/","og_locale":"de_DE","og_type":"article","og_title":"Unternehmen - Gr\u00fcnlandstaudenhof","og_description":"\u00dcber uns Gr\u00fcnlandstaudenhof wurde 2012 durch den Oberhausener Unternehmer Walter Rei\u00dfner gegr\u00fcndet. Urspr\u00fcnglich eine Erweiterung seines Hobbys dem","og_url":"https:\/\/www.gruenlandstaudenhof.de\/cms2\/unternehmen\/","og_site_name":"Gr\u00fcnlandstaudenhof","article_publisher":"https:\/\/www.facebook.com\/gruenlandstaudenhof","article_modified_time":"2019-11-05T11:03:27+00:00","og_image":[{"width":192,"height":192,"url":"https:\/\/www.gruenlandstaudenhof.de\/cms2\/wp-content\/uploads\/2019\/01\/Logo192.png","type":"image\/png"}],"twitter_card":"summary_large_image","twitter_site":"@GSH_Oberhausen","twitter_misc":{"Gesch\u00e4tzte Lesezeit":"2\u00a0Minuten"},"schema":{"@context":"https:\/\/schema.org","@graph":[{"@type":"WebPage","@id":"https:\/\/www.gruenlandstaudenhof.de\/cms2\/unternehmen\/","url":"https:\/\/www.gruenlandstaudenhof.de\/cms2\/unternehmen\/","name":"Unternehmen - Gr\u00fcnlandstaudenhof","isPartOf":{"@id":"https:\/\/www.gruenlandstaudenhof.de\/cms2\/#website"},"datePublished":"2016-02-29T12:24:36+00:00","dateModified":"2019-11-05T11:03:27+00:00","description":"\u00dcber uns Gr\u00fcnlandstaudenhof wurde 2012 durch den Oberhausener Unternehmer Walter Rei\u00dfner gegr\u00fcndet. Urspr\u00fcnglich eine Erweiterung seines Hobbys dem","breadcrumb":{"@id":"https:\/\/www.gruenlandstaudenhof.de\/cms2\/unternehmen\/#breadcrumb"},"inLanguage":"de","potentialAction":[{"@type":"ReadAction","target":["https:\/\/www.gruenlandstaudenhof.de\/cms2\/unternehmen\/"]}]},{"@type":"BreadcrumbList","@id":"https:\/\/www.gruenlandstaudenhof.de\/cms2\/unternehmen\/#breadcrumb","itemListElement":[{"@type":"ListItem","position":1,"name":"Startseite","item":"https:\/\/www.gruenlandstaudenhof.de\/cms2\/"},{"@type":"ListItem","position":2,"name":"Unternehmen"}]},{"@type":"WebSite","@id":"https:\/\/www.gruenlandstaudenhof.de\/cms2\/#website","url":"https:\/\/www.gruenlandstaudenhof.de\/cms2\/","name":"Gr\u00fcnlandstaudenhof","description":"Landwirtschaft, Gartenbau, Landhandel","publisher":{"@id":"https:\/\/www.gruenlandstaudenhof.de\/cms2\/#organization"},"potentialAction":[{"@type":"SearchAction","target":{"@type":"EntryPoint","urlTemplate":"https:\/\/www.gruenlandstaudenhof.de\/cms2\/?s={search_term_string}"},"query-input":{"@type":"PropertyValueSpecification","valueRequired":true,"valueName":"search_term_string"}}],"inLanguage":"de"},{"@type":"Organization","@id":"https:\/\/www.gruenlandstaudenhof.de\/cms2\/#organization","name":"Gr\u00fcnlandstaudenhof","url":"https:\/\/www.gruenlandstaudenhof.de\/cms2\/","logo":{"@type":"ImageObject","inLanguage":"de","@id":"https:\/\/www.gruenlandstaudenhof.de\/cms2\/#\/schema\/logo\/image\/","url":"https:\/\/www.gruenlandstaudenhof.de\/cms2\/wp-content\/uploads\/2016\/03\/logo_briefkopf_OT.png","contentUrl":"https:\/\/www.gruenlandstaudenhof.de\/cms2\/wp-content\/uploads\/2016\/03\/logo_briefkopf_OT.png","width":504,"height":504,"caption":"Gr\u00fcnlandstaudenhof"},"image":{"@id":"https:\/\/www.gruenlandstaudenhof.de\/cms2\/#\/schema\/logo\/image\/"},"sameAs":["https:\/\/www.facebook.com\/gruenlandstaudenhof","https:\/\/x.com\/GSH_Oberhausen","https:\/\/www.instagram.com\/gruenlandstaudenhof\/"]}]}},"uagb_featured_image_src":{"full":false,"thumbnail":false,"medium":false,"medium_large":false,"large":false,"1536x1536":false,"2048x2048":false,"ocean-thumb-m":false,"ocean-thumb-ml":false,"ocean-thumb-l":false},"uagb_author_info":{"display_name":"Administrator","author_link":"https:\/\/www.gruenlandstaudenhof.de\/cms2\/author\/administrator\/"},"uagb_comment_info":0,"uagb_excerpt":"\u00dcber uns Gr\u00fcnlandstaudenhof wurde 2012 durch den Oberhausener Unternehmer Walter Rei\u00dfner gegr\u00fcndet. Urspr\u00fcnglich eine Erweiterung seines Hobbys dem Gartenbau und der Landwirtschaft, entwickelte sich schnell ein umfangreiches Unternehmen mit internationalem Kundenkreis. Das Unternehmen Gr\u00fcnlandstaudenhof steht f\u00fcr naturbelassenen Anbau und hohe Qualit\u00e4tsma\u00dfst\u00e4be. Gr\u00fcnlandstaudenhof hat seinen Sitz im beschaulichen Schmachtendorf einem Ortsteil der Stadt Oberhausen. Neben einem&hellip;","_links":{"self":[{"href":"https:\/\/www.gruenlandstaudenhof.de\/cms2\/wp-json\/wp\/v2\/pages\/204","targetHints":{"allow":["GET"]}}],"collection":[{"href":"https:\/\/www.gruenlandstaudenhof.de\/cms2\/wp-json\/wp\/v2\/pages"}],"about":[{"href":"https:\/\/www.gruenlandstaudenhof.de\/cms2\/wp-json\/wp\/v2\/types\/page"}],"author":[{"embeddable":true,"href":"https:\/\/www.gruenlandstaudenhof.de\/cms2\/wp-json\/wp\/v2\/users\/1"}],"replies":[{"embeddable":true,"href":"https:\/\/www.gruenlandstaudenhof.de\/cms2\/wp-json\/wp\/v2\/comments?post=204"}],"version-history":[{"count":0,"href":"https:\/\/www.gruenlandstaudenhof.de\/cms2\/wp-json\/wp\/v2\/pages\/204\/revisions"}],"wp:attachment":[{"href":"https:\/\/www.gruenlandstaudenhof.de\/cms2\/wp-json\/wp\/v2\/media?parent=204"}],"curies":[{"name":"wp","href":"https:\/\/api.w.org\/{rel}","templated":true}]}}