{"id":3309,"date":"2021-10-25T09:49:44","date_gmt":"2021-10-25T07:49:44","guid":{"rendered":"https:\/\/www.gruenlandstaudenhof.de\/cms2\/?page_id=3309"},"modified":"2025-04-24T12:46:29","modified_gmt":"2025-04-24T10:46:29","slug":"gutschein-einloesen","status":"publish","type":"page","link":"https:\/\/www.gruenlandstaudenhof.de\/cms2\/gutschein-einloesen\/","title":{"rendered":"Geschenkgutscheine einl\u00f6sen"},"content":{"rendered":"\n<p>Wenn Sie einen Geschenkgutschein einl\u00f6sen, erhalten Sie den entsprechenden Betrag als Gutschrift auf Ihr Kundenkonto.<\/p>\n\n\n\n<ol class=\"wp-block-list\">\n<li><strong>E-Mail-Adresse angeben<\/strong><br>Tragen Sie im untenstehenden Feld bitte die E-Mail-Adresse ein, mit der Sie Ihr Konto in unserem Webshop registriert haben.<br>Falls Sie noch kein Konto besitzen, k\u00f6nnen Sie sich jederzeit in unserem <a href=\"https:\/\/www.gruenlandstaudenhof.de\/Shop\/Registrieren\">Webshop registrieren <\/a>und eines anlegen.<\/li>\n\n\n\n<li><strong>Pr\u00fcfung &amp; Freischaltung<\/strong><br>Nach Pr\u00fcfung Ihres Gutscheincodes buchen wir das Guthaben auf Ihrem Kundenkonto und benachrichtigen Sie per E-Mail.<\/li>\n<\/ol>\n\n\n\n<p><strong>Wichtige Hinweise:<\/strong><\/p>\n\n\n\n<ul class=\"wp-block-list\">\n<li>Geben Sie Ihre E-Mail-Adresse und Ihren Gutscheincode exakt so ein, wie Sie Ihre E-Mail-Adresse registriert bzw. Ihren Gutscheincode erhalten haben.<\/li>\n\n\n\n<li>Ein gleichzeitiges Einl\u00f6sen desselben Gutscheins im Online-Shop und im Hofladen ist nicht gestattet.<\/li>\n<\/ul>\n\n\n\n<p><\/p>\n\n\n\n<div class=\"wp-block-contact-form-7-contact-form-selector\">\n<div class=\"wpcf7 no-js\" id=\"wpcf7-f3308-o1\" lang=\"de-DE\" dir=\"ltr\" data-wpcf7-id=\"3308\">\n<div class=\"screen-reader-response\"><p role=\"status\" aria-live=\"polite\" aria-atomic=\"true\"><\/p> <ul><\/ul><\/div>\n<form action=\"\/cms2\/wp-json\/wp\/v2\/pages\/3309#wpcf7-f3308-o1\" method=\"post\" class=\"wpcf7-form init wpcf7-acceptance-as-validation\" aria-label=\"Kontaktformular\" novalidate=\"novalidate\" data-status=\"init\">\n<fieldset class=\"hidden-fields-container\"><input type=\"hidden\" name=\"_wpcf7\" value=\"3308\" \/><input type=\"hidden\" name=\"_wpcf7_version\" value=\"6.1.5\" \/><input type=\"hidden\" name=\"_wpcf7_locale\" value=\"de_DE\" \/><input type=\"hidden\" name=\"_wpcf7_unit_tag\" value=\"wpcf7-f3308-o1\" \/><input type=\"hidden\" name=\"_wpcf7_container_post\" value=\"0\" \/><input type=\"hidden\" name=\"_wpcf7_posted_data_hash\" value=\"\" \/><input type=\"hidden\" name=\"_wpcf7cf_hidden_group_fields\" value=\"[]\" \/><input type=\"hidden\" name=\"_wpcf7cf_hidden_groups\" value=\"[]\" \/><input type=\"hidden\" name=\"_wpcf7cf_visible_groups\" value=\"[]\" \/><input type=\"hidden\" name=\"_wpcf7cf_repeaters\" value=\"[]\" \/><input type=\"hidden\" name=\"_wpcf7cf_steps\" value=\"{}\" \/><input type=\"hidden\" name=\"_wpcf7cf_options\" value=\"{&quot;form_id&quot;:3308,&quot;conditions&quot;:[],&quot;settings&quot;:{&quot;animation&quot;:&quot;yes&quot;,&quot;animation_intime&quot;:200,&quot;animation_outtime&quot;:200,&quot;conditions_ui&quot;:&quot;normal&quot;,&quot;notice_dismissed&quot;:false}}\" \/>\n<\/fieldset>\n<p><label> E-Mail-Adresse des Kundenkontos auf dem Sie das Guthaben gutschreiben lassen m\u00f6chten (Unter dieser E-Mail-Adresse muss ein aktives Konto vorhanden sein):<br \/>\n<span class=\"wpcf7-form-control-wrap\" data-name=\"eMail\"><input size=\"40\" maxlength=\"400\" class=\"wpcf7-form-control wpcf7-email wpcf7-validates-as-required wpcf7-text wpcf7-validates-as-email\" aria-required=\"true\" aria-invalid=\"false\" value=\"\" type=\"email\" name=\"eMail\" \/><\/span> <\/label>\n<\/p>\n<p><label> Der Gutscheincode:<br \/>\n<span class=\"wpcf7-form-control-wrap\" data-name=\"Gutscheincode\"><input size=\"40\" maxlength=\"400\" class=\"wpcf7-form-control wpcf7-text wpcf7-validates-as-required\" aria-required=\"true\" aria-invalid=\"false\" value=\"\" type=\"text\" name=\"Gutscheincode\" \/><\/span> <\/label>\n<\/p>\n<p><span id=\"wpcf7-69e15476ac62b-wrapper\" class=\"wpcf7-form-control-wrap Telefonnummer-wrap\" style=\"display:none !important; visibility:hidden !important;\"><label for=\"wpcf7-69e15476ac62b-field\" class=\"hp-message\">Bitte lasse dieses Feld leer.<\/label><input id=\"wpcf7-69e15476ac62b-field\"  class=\"wpcf7-form-control wpcf7-text\" type=\"text\" name=\"Telefonnummer\" value=\"\" size=\"40\" tabindex=\"-1\" autocomplete=\"new-password\" \/><\/span><br \/>\n<span id=\"wpcf7-69e15476ac6ad-wrapper\" class=\"wpcf7-form-control-wrap Website-wrap\" style=\"display:none !important; visibility:hidden !important;\"><label for=\"wpcf7-69e15476ac6ad-field\" class=\"hp-message\">Bitte lasse dieses Feld leer.<\/label><input id=\"wpcf7-69e15476ac6ad-field\"  class=\"wpcf7-form-control wpcf7-text\" type=\"text\" name=\"Website\" value=\"\" size=\"40\" tabindex=\"-1\" autocomplete=\"new-password\" \/><\/span><br \/>\n<span id=\"wpcf7-69e15476ac6fb-wrapper\" class=\"wpcf7-form-control-wrap Message-wrap\" style=\"display:none !important; visibility:hidden !important;\"><label for=\"wpcf7-69e15476ac6fb-field\" class=\"hp-message\">Bitte lasse dieses Feld leer.<\/label><input id=\"wpcf7-69e15476ac6fb-field\"  class=\"wpcf7-form-control wpcf7-text\" type=\"text\" name=\"Message\" value=\"\" size=\"40\" tabindex=\"-1\" autocomplete=\"new-password\" \/><\/span>\n<\/p>\n<p><span class=\"wpcf7-form-control-wrap\" data-name=\"acceptance-405\"><span class=\"wpcf7-form-control wpcf7-acceptance\"><span class=\"wpcf7-list-item\"><input type=\"checkbox\" name=\"acceptance-405\" value=\"1\" aria-invalid=\"false\" \/><\/span><\/span><\/span> Ich habe die Angaben gepr\u00fcft und m\u00f6chte, dass der Gutschein auf das Konto unter der \u00fcbermittelten E-Mail-Adresse gutgeschrieben wird.\n<\/p>\n<p>Bitte beachten Sie unsere <a href=\"https:\/\/www.gruenlandstaudenhof.de\/Shop\/Datenschutz\" target=\"_blank\">Datenschutzerkl\u00e4rung<\/a>.\n<\/p>\n<p><input class=\"wpcf7-form-control wpcf7-submit has-spinner\" type=\"submit\" value=\"Senden\" \/>\n<\/p><div class=\"wpcf7-response-output\" aria-hidden=\"true\"><\/div>\n<\/form>\n<\/div>\n<\/div>\n\n\n\n<p><\/p>\n","protected":false},"excerpt":{"rendered":"<p>Wenn Sie einen Geschenkgutschein einl\u00f6sen, erhalten Sie den entsprechenden Betrag als Gutschrift auf Ihr Kundenkonto. Wichtige Hinweise:<\/p>\n","protected":false},"author":1,"featured_media":0,"parent":0,"menu_order":0,"comment_status":"closed","ping_status":"closed","template":"","meta":{"_uag_custom_page_level_css":"","ocean_post_layout":"","ocean_both_sidebars_style":"","ocean_both_sidebars_content_width":0,"ocean_both_sidebars_sidebars_width":0,"ocean_sidebar":"0","ocean_second_sidebar":"0","ocean_disable_margins":"enable","ocean_add_body_class":"","ocean_shortcode_before_top_bar":"","ocean_shortcode_after_top_bar":"","ocean_shortcode_before_header":"","ocean_shortcode_after_header":"","ocean_has_shortcode":"","ocean_shortcode_after_title":"","ocean_shortcode_before_footer_widgets":"","ocean_shortcode_after_footer_widgets":"","ocean_shortcode_before_footer_bottom":"","ocean_shortcode_after_footer_bottom":"","ocean_display_top_bar":"default","ocean_display_header":"default","ocean_header_style":"","ocean_center_header_left_menu":"0","ocean_custom_header_template":"0","ocean_custom_logo":0,"ocean_custom_retina_logo":0,"ocean_custom_logo_max_width":0,"ocean_custom_logo_tablet_max_width":0,"ocean_custom_logo_mobile_max_width":0,"ocean_custom_logo_max_height":0,"ocean_custom_logo_tablet_max_height":0,"ocean_custom_logo_mobile_max_height":0,"ocean_header_custom_menu":"0","ocean_menu_typo_font_family":"0","ocean_menu_typo_font_subset":"","ocean_menu_typo_font_size":0,"ocean_menu_typo_font_size_tablet":0,"ocean_menu_typo_font_size_mobile":0,"ocean_menu_typo_font_size_unit":"px","ocean_menu_typo_font_weight":"","ocean_menu_typo_font_weight_tablet":"","ocean_menu_typo_font_weight_mobile":"","ocean_menu_typo_transform":"","ocean_menu_typo_transform_tablet":"","ocean_menu_typo_transform_mobile":"","ocean_menu_typo_line_height":0,"ocean_menu_typo_line_height_tablet":0,"ocean_menu_typo_line_height_mobile":0,"ocean_menu_typo_line_height_unit":"","ocean_menu_typo_spacing":0,"ocean_menu_typo_spacing_tablet":0,"ocean_menu_typo_spacing_mobile":0,"ocean_menu_typo_spacing_unit":"","ocean_menu_link_color":"","ocean_menu_link_color_hover":"","ocean_menu_link_color_active":"","ocean_menu_link_background":"","ocean_menu_link_hover_background":"","ocean_menu_link_active_background":"","ocean_menu_social_links_bg":"","ocean_menu_social_hover_links_bg":"","ocean_menu_social_links_color":"","ocean_menu_social_hover_links_color":"","ocean_disable_title":"default","ocean_disable_heading":"default","ocean_post_title":"","ocean_post_subheading":"","ocean_post_title_style":"","ocean_post_title_background_color":"","ocean_post_title_background":0,"ocean_post_title_bg_image_position":"","ocean_post_title_bg_image_attachment":"","ocean_post_title_bg_image_repeat":"","ocean_post_title_bg_image_size":"","ocean_post_title_height":0,"ocean_post_title_bg_overlay":0.5,"ocean_post_title_bg_overlay_color":"","ocean_disable_breadcrumbs":"default","ocean_breadcrumbs_color":"","ocean_breadcrumbs_separator_color":"","ocean_breadcrumbs_links_color":"","ocean_breadcrumbs_links_hover_color":"","ocean_display_footer_widgets":"default","ocean_display_footer_bottom":"default","ocean_custom_footer_template":"0","footnotes":""},"class_list":["post-3309","page","type-page","status-publish","hentry","entry"],"yoast_head":"<!-- This site is optimized with the Yoast SEO plugin v27.4 - https:\/\/yoast.com\/product\/yoast-seo-wordpress\/ -->\n<title>Geschenkgutscheine einl\u00f6sen - Gr\u00fcnlandstaudenhof<\/title>\n<meta name=\"description\" content=\"Wenn Sie einen Geschenkgutschein einl\u00f6sen, erhalten Sie den entsprechenden Betrag als Gutschrift auf Ihr Kundenkonto. E-Mail-Adresse angebenTragen Sie im\" \/>\n<meta name=\"robots\" content=\"index, follow, max-snippet:-1, max-image-preview:large, max-video-preview:-1\" \/>\n<link rel=\"canonical\" href=\"https:\/\/www.gruenlandstaudenhof.de\/cms2\/gutschein-einloesen\/\" \/>\n<meta property=\"og:locale\" content=\"de_DE\" \/>\n<meta property=\"og:type\" content=\"article\" \/>\n<meta property=\"og:title\" content=\"Geschenkgutscheine einl\u00f6sen - Gr\u00fcnlandstaudenhof\" \/>\n<meta property=\"og:description\" content=\"Wenn Sie einen Geschenkgutschein einl\u00f6sen, erhalten Sie den entsprechenden Betrag als Gutschrift auf Ihr Kundenkonto. E-Mail-Adresse angebenTragen Sie im\" \/>\n<meta property=\"og:url\" content=\"https:\/\/www.gruenlandstaudenhof.de\/cms2\/gutschein-einloesen\/\" \/>\n<meta property=\"og:site_name\" content=\"Gr\u00fcnlandstaudenhof\" \/>\n<meta property=\"article:publisher\" content=\"https:\/\/www.facebook.com\/gruenlandstaudenhof\" \/>\n<meta property=\"article:modified_time\" content=\"2025-04-24T10:46:29+00:00\" \/>\n<meta property=\"og:image\" content=\"https:\/\/www.gruenlandstaudenhof.de\/cms2\/wp-content\/uploads\/2019\/01\/Logo192.png\" \/>\n\t<meta property=\"og:image:width\" content=\"192\" \/>\n\t<meta property=\"og:image:height\" content=\"192\" \/>\n\t<meta property=\"og:image:type\" content=\"image\/png\" \/>\n<meta name=\"twitter:card\" content=\"summary_large_image\" \/>\n<meta name=\"twitter:site\" content=\"@GSH_Oberhausen\" \/>\n<meta name=\"twitter:label1\" content=\"Gesch\u00e4tzte Lesezeit\" \/>\n\t<meta name=\"twitter:data1\" content=\"1\u00a0Minute\" \/>\n<!-- \/ Yoast SEO plugin. -->","yoast_head_json":{"title":"Geschenkgutscheine einl\u00f6sen - Gr\u00fcnlandstaudenhof","description":"Wenn Sie einen Geschenkgutschein einl\u00f6sen, erhalten Sie den entsprechenden Betrag als Gutschrift auf Ihr Kundenkonto. E-Mail-Adresse angebenTragen Sie im","robots":{"index":"index","follow":"follow","max-snippet":"max-snippet:-1","max-image-preview":"max-image-preview:large","max-video-preview":"max-video-preview:-1"},"canonical":"https:\/\/www.gruenlandstaudenhof.de\/cms2\/gutschein-einloesen\/","og_locale":"de_DE","og_type":"article","og_title":"Geschenkgutscheine einl\u00f6sen - Gr\u00fcnlandstaudenhof","og_description":"Wenn Sie einen Geschenkgutschein einl\u00f6sen, erhalten Sie den entsprechenden Betrag als Gutschrift auf Ihr Kundenkonto. E-Mail-Adresse angebenTragen Sie im","og_url":"https:\/\/www.gruenlandstaudenhof.de\/cms2\/gutschein-einloesen\/","og_site_name":"Gr\u00fcnlandstaudenhof","article_publisher":"https:\/\/www.facebook.com\/gruenlandstaudenhof","article_modified_time":"2025-04-24T10:46:29+00:00","og_image":[{"width":192,"height":192,"url":"https:\/\/www.gruenlandstaudenhof.de\/cms2\/wp-content\/uploads\/2019\/01\/Logo192.png","type":"image\/png"}],"twitter_card":"summary_large_image","twitter_site":"@GSH_Oberhausen","twitter_misc":{"Gesch\u00e4tzte Lesezeit":"1\u00a0Minute"},"schema":{"@context":"https:\/\/schema.org","@graph":[{"@type":"WebPage","@id":"https:\/\/www.gruenlandstaudenhof.de\/cms2\/gutschein-einloesen\/","url":"https:\/\/www.gruenlandstaudenhof.de\/cms2\/gutschein-einloesen\/","name":"Geschenkgutscheine einl\u00f6sen - Gr\u00fcnlandstaudenhof","isPartOf":{"@id":"https:\/\/www.gruenlandstaudenhof.de\/cms2\/#website"},"datePublished":"2021-10-25T07:49:44+00:00","dateModified":"2025-04-24T10:46:29+00:00","description":"Wenn Sie einen Geschenkgutschein einl\u00f6sen, erhalten Sie den entsprechenden Betrag als Gutschrift auf Ihr Kundenkonto. E-Mail-Adresse angebenTragen Sie im","breadcrumb":{"@id":"https:\/\/www.gruenlandstaudenhof.de\/cms2\/gutschein-einloesen\/#breadcrumb"},"inLanguage":"de","potentialAction":[{"@type":"ReadAction","target":["https:\/\/www.gruenlandstaudenhof.de\/cms2\/gutschein-einloesen\/"]}]},{"@type":"BreadcrumbList","@id":"https:\/\/www.gruenlandstaudenhof.de\/cms2\/gutschein-einloesen\/#breadcrumb","itemListElement":[{"@type":"ListItem","position":1,"name":"Startseite","item":"https:\/\/www.gruenlandstaudenhof.de\/cms2\/"},{"@type":"ListItem","position":2,"name":"Geschenkgutscheine einl\u00f6sen"}]},{"@type":"WebSite","@id":"https:\/\/www.gruenlandstaudenhof.de\/cms2\/#website","url":"https:\/\/www.gruenlandstaudenhof.de\/cms2\/","name":"Gr\u00fcnlandstaudenhof","description":"Landwirtschaft, Gartenbau, Landhandel","publisher":{"@id":"https:\/\/www.gruenlandstaudenhof.de\/cms2\/#organization"},"potentialAction":[{"@type":"SearchAction","target":{"@type":"EntryPoint","urlTemplate":"https:\/\/www.gruenlandstaudenhof.de\/cms2\/?s={search_term_string}"},"query-input":{"@type":"PropertyValueSpecification","valueRequired":true,"valueName":"search_term_string"}}],"inLanguage":"de"},{"@type":"Organization","@id":"https:\/\/www.gruenlandstaudenhof.de\/cms2\/#organization","name":"Gr\u00fcnlandstaudenhof","url":"https:\/\/www.gruenlandstaudenhof.de\/cms2\/","logo":{"@type":"ImageObject","inLanguage":"de","@id":"https:\/\/www.gruenlandstaudenhof.de\/cms2\/#\/schema\/logo\/image\/","url":"https:\/\/www.gruenlandstaudenhof.de\/cms2\/wp-content\/uploads\/2016\/03\/logo_briefkopf_OT.png","contentUrl":"https:\/\/www.gruenlandstaudenhof.de\/cms2\/wp-content\/uploads\/2016\/03\/logo_briefkopf_OT.png","width":504,"height":504,"caption":"Gr\u00fcnlandstaudenhof"},"image":{"@id":"https:\/\/www.gruenlandstaudenhof.de\/cms2\/#\/schema\/logo\/image\/"},"sameAs":["https:\/\/www.facebook.com\/gruenlandstaudenhof","https:\/\/x.com\/GSH_Oberhausen","https:\/\/www.instagram.com\/gruenlandstaudenhof\/"]}]}},"uagb_featured_image_src":{"full":false,"thumbnail":false,"medium":false,"medium_large":false,"large":false,"1536x1536":false,"2048x2048":false,"ocean-thumb-m":false,"ocean-thumb-ml":false,"ocean-thumb-l":false},"uagb_author_info":{"display_name":"Administrator","author_link":"https:\/\/www.gruenlandstaudenhof.de\/cms2\/author\/administrator\/"},"uagb_comment_info":0,"uagb_excerpt":"Wenn Sie einen Geschenkgutschein einl\u00f6sen, erhalten Sie den entsprechenden Betrag als Gutschrift auf Ihr Kundenkonto. Wichtige Hinweise:","_links":{"self":[{"href":"https:\/\/www.gruenlandstaudenhof.de\/cms2\/wp-json\/wp\/v2\/pages\/3309","targetHints":{"allow":["GET"]}}],"collection":[{"href":"https:\/\/www.gruenlandstaudenhof.de\/cms2\/wp-json\/wp\/v2\/pages"}],"about":[{"href":"https:\/\/www.gruenlandstaudenhof.de\/cms2\/wp-json\/wp\/v2\/types\/page"}],"author":[{"embeddable":true,"href":"https:\/\/www.gruenlandstaudenhof.de\/cms2\/wp-json\/wp\/v2\/users\/1"}],"replies":[{"embeddable":true,"href":"https:\/\/www.gruenlandstaudenhof.de\/cms2\/wp-json\/wp\/v2\/comments?post=3309"}],"version-history":[{"count":0,"href":"https:\/\/www.gruenlandstaudenhof.de\/cms2\/wp-json\/wp\/v2\/pages\/3309\/revisions"}],"wp:attachment":[{"href":"https:\/\/www.gruenlandstaudenhof.de\/cms2\/wp-json\/wp\/v2\/media?parent=3309"}],"curies":[{"name":"wp","href":"https:\/\/api.w.org\/{rel}","templated":true}]}}