{"id":3407,"date":"2021-12-07T11:13:39","date_gmt":"2021-12-07T10:13:39","guid":{"rendered":"https:\/\/www.gruenlandstaudenhof.de\/cms2\/?page_id=3407"},"modified":"2024-05-31T11:51:58","modified_gmt":"2024-05-31T09:51:58","slug":"frische-logistik","status":"publish","type":"page","link":"https:\/\/www.gruenlandstaudenhof.de\/cms2\/logistik\/frische-logistik\/","title":{"rendered":"Frische Logistik \u2013 Ihre L\u00f6sung f\u00fcr frische Produkte"},"content":{"rendered":"\n<p>Frische Logistik \u2013 Damit Ihre Produkte immer frisch ankommen!<\/p>\n\n\n\n<h2 class=\"wp-block-heading\">Frisch vom Feld, direkt auf den Tisch<\/h2>\n\n\n\n<p>Mit modernen und effizienten L\u00f6sungen sorgen wir daf\u00fcr, dass Ihre Waren schnell und zuverl\u00e4ssig zu Ihnen und Ihren Kunden gelangen. Unsere zukunftsorientierten Logistikprozesse garantieren, dass Ihre Produkte immer in bester Qualit\u00e4t und Frische ankommen.<\/p>\n\n\n\n<h2 class=\"wp-block-heading\">Effiziente Transporte f\u00fcr h\u00f6chste Frische und Qualit\u00e4t<\/h2>\n\n\n\n<p>Dank innovativer Logistikl\u00f6sungen und einem perfekt abgestimmten Netzwerk aus eigener Infrastruktur und externen Partnern bieten wir maximale Effizienz bei jedem Transport. So stellen wir sicher, dass Ihre Produkte stets frisch und in optimalem Zustand geliefert werden.<\/p>\n\n\n\n<h2 class=\"wp-block-heading\">Exklusive Konditionen f\u00fcr Gesch\u00e4ftskunden<\/h2>\n\n\n\n<p>F\u00fcr unsere Gesch\u00e4ftskunden haben wir besondere Konditionen im Angebot. Lassen Sie sich von unseren ma\u00dfgeschneiderten Logistikl\u00f6sungen \u00fcberzeugen und profitieren Sie von unseren attraktiven Konditionen.<\/p>\n\n\n\n<h2 class=\"wp-block-heading\">Kontaktieren Sie uns f\u00fcr ein pers\u00f6nliches Angebot<\/h2>\n\n\n\n<p>M\u00f6chten Sie mehr \u00fcber unsere Logistikdienstleistungen erfahren oder ein individuelles Angebot erhalten? Z\u00f6gern Sie nicht, uns zu <a href=\"https:\/\/www.gruenlandstaudenhof.de\/cms2\/kontakt\/\">kontaktieren<\/a>. Unser Team steht Ihnen jederzeit zur Verf\u00fcgung, um Ihre Fragen zu beantworten und Ihnen die besten L\u00f6sungen f\u00fcr Ihre Logistikbed\u00fcrfnisse zu bieten.<\/p>\n","protected":false},"excerpt":{"rendered":"<p>Frische Logistik \u2013 Damit Ihre Produkte immer frisch ankommen! Frisch vom Feld, direkt auf den Tisch Mit modernen und effizienten L\u00f6sungen sorgen wir daf\u00fcr, dass Ihre Waren schnell und zuverl\u00e4ssig zu Ihnen und Ihren Kunden gelangen. Unsere zukunftsorientierten Logistikprozesse garantieren, dass Ihre Produkte immer in bester Qualit\u00e4t und Frische ankommen. Effiziente Transporte f\u00fcr h\u00f6chste Frische [&hellip;]<\/p>\n","protected":false},"author":1,"featured_media":0,"parent":3412,"menu_order":0,"comment_status":"closed","ping_status":"closed","template":"","meta":{"_uag_custom_page_level_css":"","ocean_post_layout":"","ocean_both_sidebars_style":"","ocean_both_sidebars_content_width":0,"ocean_both_sidebars_sidebars_width":0,"ocean_sidebar":"0","ocean_second_sidebar":"0","ocean_disable_margins":"enable","ocean_add_body_class":"","ocean_shortcode_before_top_bar":"","ocean_shortcode_after_top_bar":"","ocean_shortcode_before_header":"","ocean_shortcode_after_header":"","ocean_has_shortcode":"","ocean_shortcode_after_title":"","ocean_shortcode_before_footer_widgets":"","ocean_shortcode_after_footer_widgets":"","ocean_shortcode_before_footer_bottom":"","ocean_shortcode_after_footer_bottom":"","ocean_display_top_bar":"default","ocean_display_header":"default","ocean_header_style":"","ocean_center_header_left_menu":"0","ocean_custom_header_template":"0","ocean_custom_logo":0,"ocean_custom_retina_logo":0,"ocean_custom_logo_max_width":0,"ocean_custom_logo_tablet_max_width":0,"ocean_custom_logo_mobile_max_width":0,"ocean_custom_logo_max_height":0,"ocean_custom_logo_tablet_max_height":0,"ocean_custom_logo_mobile_max_height":0,"ocean_header_custom_menu":"0","ocean_menu_typo_font_family":"0","ocean_menu_typo_font_subset":"","ocean_menu_typo_font_size":0,"ocean_menu_typo_font_size_tablet":0,"ocean_menu_typo_font_size_mobile":0,"ocean_menu_typo_font_size_unit":"px","ocean_menu_typo_font_weight":"","ocean_menu_typo_font_weight_tablet":"","ocean_menu_typo_font_weight_mobile":"","ocean_menu_typo_transform":"","ocean_menu_typo_transform_tablet":"","ocean_menu_typo_transform_mobile":"","ocean_menu_typo_line_height":0,"ocean_menu_typo_line_height_tablet":0,"ocean_menu_typo_line_height_mobile":0,"ocean_menu_typo_line_height_unit":"","ocean_menu_typo_spacing":0,"ocean_menu_typo_spacing_tablet":0,"ocean_menu_typo_spacing_mobile":0,"ocean_menu_typo_spacing_unit":"","ocean_menu_link_color":"","ocean_menu_link_color_hover":"","ocean_menu_link_color_active":"","ocean_menu_link_background":"","ocean_menu_link_hover_background":"","ocean_menu_link_active_background":"","ocean_menu_social_links_bg":"","ocean_menu_social_hover_links_bg":"","ocean_menu_social_links_color":"","ocean_menu_social_hover_links_color":"","ocean_disable_title":"default","ocean_disable_heading":"default","ocean_post_title":"","ocean_post_subheading":"","ocean_post_title_style":"","ocean_post_title_background_color":"","ocean_post_title_background":0,"ocean_post_title_bg_image_position":"","ocean_post_title_bg_image_attachment":"","ocean_post_title_bg_image_repeat":"","ocean_post_title_bg_image_size":"","ocean_post_title_height":0,"ocean_post_title_bg_overlay":0.5,"ocean_post_title_bg_overlay_color":"","ocean_disable_breadcrumbs":"default","ocean_breadcrumbs_color":"","ocean_breadcrumbs_separator_color":"","ocean_breadcrumbs_links_color":"","ocean_breadcrumbs_links_hover_color":"","ocean_display_footer_widgets":"default","ocean_display_footer_bottom":"default","ocean_custom_footer_template":"0","footnotes":""},"class_list":["post-3407","page","type-page","status-publish","hentry","entry"],"yoast_head":"<!-- This site is optimized with the Yoast SEO plugin v27.4 - https:\/\/yoast.com\/product\/yoast-seo-wordpress\/ -->\n<title>Frische Logistik \u2013 Ihre L\u00f6sung f\u00fcr frische Produkte - Gr\u00fcnlandstaudenhof<\/title>\n<meta name=\"description\" content=\"Frische Logistik \u2013 Damit Ihre Produkte immer frisch ankommen! Frisch vom Feld, direkt auf den Tisch Mit modernen und effizienten L\u00f6sungen sorgen wir\" \/>\n<meta name=\"robots\" content=\"index, follow, max-snippet:-1, max-image-preview:large, max-video-preview:-1\" \/>\n<link rel=\"canonical\" href=\"https:\/\/www.gruenlandstaudenhof.de\/cms2\/logistik\/frische-logistik\/\" \/>\n<meta property=\"og:locale\" content=\"de_DE\" \/>\n<meta property=\"og:type\" content=\"article\" \/>\n<meta property=\"og:title\" content=\"Frische Logistik \u2013 Ihre L\u00f6sung f\u00fcr frische Produkte - Gr\u00fcnlandstaudenhof\" \/>\n<meta property=\"og:description\" content=\"Frische Logistik \u2013 Damit Ihre Produkte immer frisch ankommen! Frisch vom Feld, direkt auf den Tisch Mit modernen und effizienten L\u00f6sungen sorgen wir\" \/>\n<meta property=\"og:url\" content=\"https:\/\/www.gruenlandstaudenhof.de\/cms2\/logistik\/frische-logistik\/\" \/>\n<meta property=\"og:site_name\" content=\"Gr\u00fcnlandstaudenhof\" \/>\n<meta property=\"article:publisher\" content=\"https:\/\/www.facebook.com\/gruenlandstaudenhof\" \/>\n<meta property=\"article:modified_time\" content=\"2024-05-31T09:51:58+00:00\" \/>\n<meta property=\"og:image\" content=\"https:\/\/www.gruenlandstaudenhof.de\/cms2\/wp-content\/uploads\/2019\/01\/Logo192.png\" \/>\n\t<meta property=\"og:image:width\" content=\"192\" \/>\n\t<meta property=\"og:image:height\" content=\"192\" \/>\n\t<meta property=\"og:image:type\" content=\"image\/png\" \/>\n<meta name=\"twitter:card\" content=\"summary_large_image\" \/>\n<meta name=\"twitter:site\" content=\"@GSH_Oberhausen\" \/>\n<meta name=\"twitter:label1\" content=\"Gesch\u00e4tzte Lesezeit\" \/>\n\t<meta name=\"twitter:data1\" content=\"1\u00a0Minute\" \/>\n<!-- \/ Yoast SEO plugin. -->","yoast_head_json":{"title":"Frische Logistik \u2013 Ihre L\u00f6sung f\u00fcr frische Produkte - Gr\u00fcnlandstaudenhof","description":"Frische Logistik \u2013 Damit Ihre Produkte immer frisch ankommen! Frisch vom Feld, direkt auf den Tisch Mit modernen und effizienten L\u00f6sungen sorgen wir","robots":{"index":"index","follow":"follow","max-snippet":"max-snippet:-1","max-image-preview":"max-image-preview:large","max-video-preview":"max-video-preview:-1"},"canonical":"https:\/\/www.gruenlandstaudenhof.de\/cms2\/logistik\/frische-logistik\/","og_locale":"de_DE","og_type":"article","og_title":"Frische Logistik \u2013 Ihre L\u00f6sung f\u00fcr frische Produkte - Gr\u00fcnlandstaudenhof","og_description":"Frische Logistik \u2013 Damit Ihre Produkte immer frisch ankommen! Frisch vom Feld, direkt auf den Tisch Mit modernen und effizienten L\u00f6sungen sorgen wir","og_url":"https:\/\/www.gruenlandstaudenhof.de\/cms2\/logistik\/frische-logistik\/","og_site_name":"Gr\u00fcnlandstaudenhof","article_publisher":"https:\/\/www.facebook.com\/gruenlandstaudenhof","article_modified_time":"2024-05-31T09:51:58+00:00","og_image":[{"width":192,"height":192,"url":"https:\/\/www.gruenlandstaudenhof.de\/cms2\/wp-content\/uploads\/2019\/01\/Logo192.png","type":"image\/png"}],"twitter_card":"summary_large_image","twitter_site":"@GSH_Oberhausen","twitter_misc":{"Gesch\u00e4tzte Lesezeit":"1\u00a0Minute"},"schema":{"@context":"https:\/\/schema.org","@graph":[{"@type":"WebPage","@id":"https:\/\/www.gruenlandstaudenhof.de\/cms2\/logistik\/frische-logistik\/","url":"https:\/\/www.gruenlandstaudenhof.de\/cms2\/logistik\/frische-logistik\/","name":"Frische Logistik \u2013 Ihre L\u00f6sung f\u00fcr frische Produkte - Gr\u00fcnlandstaudenhof","isPartOf":{"@id":"https:\/\/www.gruenlandstaudenhof.de\/cms2\/#website"},"datePublished":"2021-12-07T10:13:39+00:00","dateModified":"2024-05-31T09:51:58+00:00","description":"Frische Logistik \u2013 Damit Ihre Produkte immer frisch ankommen! Frisch vom Feld, direkt auf den Tisch Mit modernen und effizienten L\u00f6sungen sorgen wir","breadcrumb":{"@id":"https:\/\/www.gruenlandstaudenhof.de\/cms2\/logistik\/frische-logistik\/#breadcrumb"},"inLanguage":"de","potentialAction":[{"@type":"ReadAction","target":["https:\/\/www.gruenlandstaudenhof.de\/cms2\/logistik\/frische-logistik\/"]}]},{"@type":"BreadcrumbList","@id":"https:\/\/www.gruenlandstaudenhof.de\/cms2\/logistik\/frische-logistik\/#breadcrumb","itemListElement":[{"@type":"ListItem","position":1,"name":"Startseite","item":"https:\/\/www.gruenlandstaudenhof.de\/cms2\/"},{"@type":"ListItem","position":2,"name":"Logistikl\u00f6sungen f\u00fcr Ihre Bed\u00fcrfnisse","item":"https:\/\/www.gruenlandstaudenhof.de\/cms2\/logistik\/"},{"@type":"ListItem","position":3,"name":"Frische Logistik \u2013 Ihre L\u00f6sung f\u00fcr frische Produkte"}]},{"@type":"WebSite","@id":"https:\/\/www.gruenlandstaudenhof.de\/cms2\/#website","url":"https:\/\/www.gruenlandstaudenhof.de\/cms2\/","name":"Gr\u00fcnlandstaudenhof","description":"Landwirtschaft, Gartenbau, Landhandel","publisher":{"@id":"https:\/\/www.gruenlandstaudenhof.de\/cms2\/#organization"},"potentialAction":[{"@type":"SearchAction","target":{"@type":"EntryPoint","urlTemplate":"https:\/\/www.gruenlandstaudenhof.de\/cms2\/?s={search_term_string}"},"query-input":{"@type":"PropertyValueSpecification","valueRequired":true,"valueName":"search_term_string"}}],"inLanguage":"de"},{"@type":"Organization","@id":"https:\/\/www.gruenlandstaudenhof.de\/cms2\/#organization","name":"Gr\u00fcnlandstaudenhof","url":"https:\/\/www.gruenlandstaudenhof.de\/cms2\/","logo":{"@type":"ImageObject","inLanguage":"de","@id":"https:\/\/www.gruenlandstaudenhof.de\/cms2\/#\/schema\/logo\/image\/","url":"https:\/\/www.gruenlandstaudenhof.de\/cms2\/wp-content\/uploads\/2016\/03\/logo_briefkopf_OT.png","contentUrl":"https:\/\/www.gruenlandstaudenhof.de\/cms2\/wp-content\/uploads\/2016\/03\/logo_briefkopf_OT.png","width":504,"height":504,"caption":"Gr\u00fcnlandstaudenhof"},"image":{"@id":"https:\/\/www.gruenlandstaudenhof.de\/cms2\/#\/schema\/logo\/image\/"},"sameAs":["https:\/\/www.facebook.com\/gruenlandstaudenhof","https:\/\/x.com\/GSH_Oberhausen","https:\/\/www.instagram.com\/gruenlandstaudenhof\/"]}]}},"uagb_featured_image_src":{"full":false,"thumbnail":false,"medium":false,"medium_large":false,"large":false,"1536x1536":false,"2048x2048":false,"ocean-thumb-m":false,"ocean-thumb-ml":false,"ocean-thumb-l":false},"uagb_author_info":{"display_name":"Administrator","author_link":"https:\/\/www.gruenlandstaudenhof.de\/cms2\/author\/administrator\/"},"uagb_comment_info":0,"uagb_excerpt":"Frische Logistik \u2013 Damit Ihre Produkte immer frisch ankommen! Frisch vom Feld, direkt auf den Tisch Mit modernen und effizienten L\u00f6sungen sorgen wir daf\u00fcr, dass Ihre Waren schnell und zuverl\u00e4ssig zu Ihnen und Ihren Kunden gelangen. Unsere zukunftsorientierten Logistikprozesse garantieren, dass Ihre Produkte immer in bester Qualit\u00e4t und Frische ankommen. Effiziente Transporte f\u00fcr h\u00f6chste Frische&hellip;","_links":{"self":[{"href":"https:\/\/www.gruenlandstaudenhof.de\/cms2\/wp-json\/wp\/v2\/pages\/3407","targetHints":{"allow":["GET"]}}],"collection":[{"href":"https:\/\/www.gruenlandstaudenhof.de\/cms2\/wp-json\/wp\/v2\/pages"}],"about":[{"href":"https:\/\/www.gruenlandstaudenhof.de\/cms2\/wp-json\/wp\/v2\/types\/page"}],"author":[{"embeddable":true,"href":"https:\/\/www.gruenlandstaudenhof.de\/cms2\/wp-json\/wp\/v2\/users\/1"}],"replies":[{"embeddable":true,"href":"https:\/\/www.gruenlandstaudenhof.de\/cms2\/wp-json\/wp\/v2\/comments?post=3407"}],"version-history":[{"count":0,"href":"https:\/\/www.gruenlandstaudenhof.de\/cms2\/wp-json\/wp\/v2\/pages\/3407\/revisions"}],"up":[{"embeddable":true,"href":"https:\/\/www.gruenlandstaudenhof.de\/cms2\/wp-json\/wp\/v2\/pages\/3412"}],"wp:attachment":[{"href":"https:\/\/www.gruenlandstaudenhof.de\/cms2\/wp-json\/wp\/v2\/media?parent=3407"}],"curies":[{"name":"wp","href":"https:\/\/api.w.org\/{rel}","templated":true}]}}