{"id":3762,"date":"2022-01-19T09:31:58","date_gmt":"2022-01-19T08:31:58","guid":{"rendered":"https:\/\/www.gruenlandstaudenhof.de\/cms2\/?p=3762"},"modified":"2025-08-25T16:24:38","modified_gmt":"2025-08-25T14:24:38","slug":"wiesenpatenschaft","status":"publish","type":"page","link":"https:\/\/www.gruenlandstaudenhof.de\/cms2\/wiesenpatenschaft\/","title":{"rendered":"Wiesenpatenschaft"},"content":{"rendered":"\n<p>Perfektes Geschenk f\u00fcr alle Naturliebhaber, Unternehmen und Menschen, die Ihren CO2 Fu\u00dfabdruck verbessern m\u00f6chten sowie nachhaltig unsere Flora und Fauna f\u00f6rdern und erhalten m\u00f6chten. Geben Sie vielen Tieren von klein bis gro\u00df ein sicheres Zuhause.<\/p>\n\n\n\n<div class=\"wp-block-image\"><figure class=\"alignright is-resized\"><img loading=\"lazy\" decoding=\"async\" src=\"https:\/\/www.gruenlandstaudenhof.de\/cms2\/wp-content\/uploads\/2021\/12\/IMG-20210703-WA0032-150x150.jpg\" alt=\"\" class=\"wp-image-3484\" width=\"150\" height=\"150\"\/><figcaption><em>Blumenwiese<\/em><\/figcaption><\/figure><\/div>\n\n\n\n<p>Wir verwenden viele verschiedene Bl\u00fchpflanzen. Besonders f\u00fcr Bienen und Insekten ist es eine willkommene Oase.<\/p>\n\n\n\n<p>Bl\u00fchwiesen haben ein gro\u00dfes Potential um CO2 zu speichern. Je nach Zusammensetzung und Umweltfaktoren wie Boden, Bodenverdichtung, Feuchtigkeit, Humusanteil, Pflanzen kenn eine j\u00e4hrliche CO2 Speicherung von bis zu 25 kg pro Quadratmeter erreicht werden.<\/p>\n\n\n\n<p>Unsere Patenschaft f\u00fcr 1 Quadratmeter kostet pro Jahr 12,00\u20ac inkl. MwSt.<\/p>\n\n\n\n<p>Als aktiver Pate erhalten Sie exklusiven Zugang zu unseren Sonderaktionen.<\/p>\n\n\n\n<p>Die von uns angebotenen Wiesenpatenschaften sind rein symbolischer Natur. Aus der \u00dcbernahme einer Patenschaft entstehen keine Anspr\u00fcche an uns oder auf die Wiese f\u00fcr die Sie eine Patenschaft \u00fcbernommen haben. Es k\u00f6nnen mehrere Personen die Patenschaft f\u00fcr ein St\u00fcck Wiese \u00fcbernehmen.<\/p>\n\n\n\n<p>Die Vertragslaufzeit beginnt mit Abschluss des Vertrags und Zahlungsanweisung. Die Laufzeit betr\u00e4gt 1 Jahr. Nach Ablauf der Vertragslaufzeit kann die Patenschaft gerne verl\u00e4ngert werden.<\/p>\n\n\n\n<p>Urkundenversand: Auf Wunsch k\u00f6nnen wir die Urkunde gegen Kosten\u00fcbernahme in H\u00f6he von 4,95\u20ac innerhalb Deutschlands versenden.<\/p>\n\n\n\n<p>Alle Preise inkl. gesetzlicher MwSt.<\/p>\n\n\n\n<h2 class=\"wp-block-heading\" id=\"interesse-an-einer-patenschaft-dann-fullen-sie-das-folgende-formular-aus-und-wir-melden-uns-bei-ihnen-zuruck\">Interesse an einer Patenschaft? Dann f\u00fcllen Sie das folgende Formular aus und wir melden uns bei Ihnen zur\u00fcck.<\/h2>\n\n\n\n<div class=\"wp-block-contact-form-7-contact-form-selector\">\n<div class=\"wpcf7 no-js\" id=\"wpcf7-f3761-o1\" lang=\"de-DE\" dir=\"ltr\" data-wpcf7-id=\"3761\">\n<div class=\"screen-reader-response\"><p role=\"status\" aria-live=\"polite\" aria-atomic=\"true\"><\/p> <ul><\/ul><\/div>\n<form action=\"\/cms2\/wp-json\/wp\/v2\/pages\/3762#wpcf7-f3761-o1\" method=\"post\" class=\"wpcf7-form init wpcf7-acceptance-as-validation\" aria-label=\"Kontaktformular\" novalidate=\"novalidate\" data-status=\"init\">\n<fieldset class=\"hidden-fields-container\"><input type=\"hidden\" name=\"_wpcf7\" value=\"3761\" \/><input type=\"hidden\" name=\"_wpcf7_version\" value=\"6.1.5\" \/><input type=\"hidden\" name=\"_wpcf7_locale\" value=\"de_DE\" \/><input type=\"hidden\" name=\"_wpcf7_unit_tag\" value=\"wpcf7-f3761-o1\" \/><input type=\"hidden\" name=\"_wpcf7_container_post\" value=\"0\" \/><input type=\"hidden\" name=\"_wpcf7_posted_data_hash\" value=\"\" \/><input type=\"hidden\" name=\"_wpcf7cf_hidden_group_fields\" value=\"[]\" \/><input type=\"hidden\" name=\"_wpcf7cf_hidden_groups\" value=\"[]\" \/><input type=\"hidden\" name=\"_wpcf7cf_visible_groups\" value=\"[]\" \/><input type=\"hidden\" name=\"_wpcf7cf_repeaters\" value=\"[]\" \/><input type=\"hidden\" name=\"_wpcf7cf_steps\" value=\"{}\" \/><input type=\"hidden\" name=\"_wpcf7cf_options\" value=\"{&quot;form_id&quot;:3761,&quot;conditions&quot;:[],&quot;settings&quot;:{&quot;animation&quot;:&quot;yes&quot;,&quot;animation_intime&quot;:200,&quot;animation_outtime&quot;:200,&quot;conditions_ui&quot;:&quot;normal&quot;,&quot;notice_dismissed&quot;:false}}\" \/>\n<\/fieldset>\n<p><label> Anzahl Anteile*<br \/>\n<span class=\"wpcf7-form-control-wrap\" data-name=\"Anteile\"><input class=\"wpcf7-form-control wpcf7-number wpcf7-validates-as-number nummergroesser\" min=\"1\" max=\"1000\" aria-invalid=\"false\" value=\"\" type=\"number\" name=\"Anteile\" \/><\/span><br \/>\n<\/label>\n<\/p>\n<p> Name und Kontakt\n<\/p>\n<p><label> Firma<br \/>\n<span class=\"wpcf7-form-control-wrap\" data-name=\"Firma\"><input size=\"40\" maxlength=\"400\" class=\"wpcf7-form-control wpcf7-text\" aria-invalid=\"false\" value=\"\" type=\"text\" name=\"Firma\" \/><\/span> <\/label>\n<\/p>\n<p><label> Vorname*<br \/>\n<span class=\"wpcf7-form-control-wrap\" data-name=\"Vorname\"><input size=\"40\" maxlength=\"400\" class=\"wpcf7-form-control wpcf7-text wpcf7-validates-as-required\" aria-required=\"true\" aria-invalid=\"false\" value=\"\" type=\"text\" name=\"Vorname\" \/><\/span> <\/label>\n<\/p>\n<p><label> Nachname*<br \/>\n<span class=\"wpcf7-form-control-wrap\" data-name=\"Nachname\"><input size=\"40\" maxlength=\"400\" class=\"wpcf7-form-control wpcf7-text wpcf7-validates-as-required\" aria-required=\"true\" aria-invalid=\"false\" value=\"\" type=\"text\" name=\"Nachname\" \/><\/span> <\/label>\n<\/p>\n<p><label> Stra\u00dfe und Hausnummer*<br \/>\n<span class=\"wpcf7-form-control-wrap\" data-name=\"Strasse\"><input size=\"40\" maxlength=\"400\" class=\"wpcf7-form-control wpcf7-text wpcf7-validates-as-required\" aria-required=\"true\" aria-invalid=\"false\" value=\"\" type=\"text\" name=\"Strasse\" \/><\/span> <\/label>\n<\/p>\n<p><label> PLZ*<br \/>\n<span class=\"wpcf7-form-control-wrap\" data-name=\"PLZ\"><input size=\"40\" maxlength=\"400\" class=\"wpcf7-form-control wpcf7-text wpcf7-validates-as-required\" aria-required=\"true\" aria-invalid=\"false\" value=\"\" type=\"text\" name=\"PLZ\" \/><\/span> <\/label>\n<\/p>\n<p><label> Ort*<br \/>\n<span class=\"wpcf7-form-control-wrap\" data-name=\"ORT\"><input size=\"40\" maxlength=\"400\" class=\"wpcf7-form-control wpcf7-text wpcf7-validates-as-required\" aria-required=\"true\" aria-invalid=\"false\" value=\"\" type=\"text\" name=\"ORT\" \/><\/span> <\/label>\n<\/p>\n<p><label> E-Mail*<br \/>\n<span class=\"wpcf7-form-control-wrap\" data-name=\"Mail\"><input size=\"40\" maxlength=\"400\" class=\"wpcf7-form-control wpcf7-email wpcf7-validates-as-required wpcf7-text wpcf7-validates-as-email\" aria-required=\"true\" aria-invalid=\"false\" value=\"\" type=\"email\" name=\"Mail\" \/><\/span> <\/label>\n<\/p>\n<p><label> Tel<br \/>\n<span class=\"wpcf7-form-control-wrap\" data-name=\"Tel\"><input size=\"40\" maxlength=\"400\" class=\"wpcf7-form-control wpcf7-tel wpcf7-text wpcf7-validates-as-tel\" aria-invalid=\"false\" value=\"\" type=\"tel\" name=\"Tel\" \/><\/span> <\/label>\n<\/p>\n<p><label> Name des Paten (falls abweichend)<br \/>\n<span class=\"wpcf7-form-control-wrap\" data-name=\"Pate\"><input size=\"40\" maxlength=\"400\" class=\"wpcf7-form-control wpcf7-text\" aria-invalid=\"false\" value=\"\" type=\"text\" name=\"Pate\" \/><\/span> <\/label>\n<\/p>\n<p><span class=\"wpcf7-form-control-wrap\" data-name=\"Urkunde\"><span class=\"wpcf7-form-control wpcf7-radio\"><span class=\"wpcf7-list-item first\"><label><input type=\"radio\" name=\"Urkunde\" value=\"Urkunde im Hofladen abholen\" checked=\"checked\" \/><span class=\"wpcf7-list-item-label\">Urkunde im Hofladen abholen<\/span><\/label><\/span><span class=\"wpcf7-list-item last\"><label><input type=\"radio\" name=\"Urkunde\" value=\"Urkunde an obige Adresse versenden\" \/><span class=\"wpcf7-list-item-label\">Urkunde an obige Adresse versenden<\/span><\/label><\/span><\/span><\/span>\n<\/p>\n<p>* Pflichtfeld\n<\/p>\n<p><span id=\"wpcf7-69e36c2df0695-wrapper\" class=\"wpcf7-form-control-wrap Telenonnummer-wrap\" style=\"display:none !important; visibility:hidden !important;\"><label for=\"wpcf7-69e36c2df0695-field\" class=\"hp-message\">Bitte lasse dieses Feld leer.<\/label><input id=\"wpcf7-69e36c2df0695-field\"  class=\"wpcf7-form-control wpcf7-text\" type=\"text\" name=\"Telenonnummer\" value=\"\" size=\"40\" tabindex=\"-1\" autocomplete=\"new-password\" \/><\/span><br \/>\n<span id=\"wpcf7-69e36c2df06f1-wrapper\" class=\"wpcf7-form-control-wrap Website-wrap\" style=\"display:none !important; visibility:hidden !important;\"><label for=\"wpcf7-69e36c2df06f1-field\" class=\"hp-message\">Bitte lasse dieses Feld leer.<\/label><input id=\"wpcf7-69e36c2df06f1-field\"  class=\"wpcf7-form-control wpcf7-text\" type=\"text\" name=\"Website\" value=\"\" size=\"40\" tabindex=\"-1\" autocomplete=\"new-password\" \/><\/span>\n<\/p>\n<p>Bitte beachten Sie unsere <a href=\"https:\/\/www.gruenlandstaudenhof.de\/Shop\/Datenschutz\" target=\"_blank\">Datenschutzerkl\u00e4rung<\/a>.\n<\/p>\n<p><input class=\"wpcf7-form-control wpcf7-submit has-spinner\" type=\"submit\" value=\"Anfrage senden\" \/>\n<\/p><div class=\"wpcf7-response-output\" aria-hidden=\"true\"><\/div>\n<\/form>\n<\/div>\n<\/div>\n\n\n\n<h2 class=\"wp-block-heading\" id=\"faq\">FAQ<\/h2>\n\n\n\n<p><strong>Ich h\u00e4tte gerne, dass ich als Pate mit meinem Namen \/ Firmenname aufgef\u00fchrt wird. Ist das m\u00f6glich?<\/strong><\/p>\n\n\n\n<p>Aufgrund der DSGVO ist die Nennung von Namen immer schwierig. Sie m\u00fcssten uns dazu ihre Zustimmung gesondert \u00fcbermitteln. Der Name wird f\u00fcr die Dauer der Patenschaft hinterlegt und nach Ablauf oder bei Verzug entfernt.<\/p>\n\n\n\n<p><strong>K\u00f6nnen Sie meinen Namen mit einem Backlink hinterlegen?<\/strong><\/p>\n\n\n\n<p>Auf Wunsch k\u00f6nnen wir Ihren Namen mit einen Backlink hinterlegen.<\/p>\n\n\n\n<p>Die Zielseite des Backlink darf<br>\u2022 nicht anst\u00f6\u00dfig oder gegen die guten Sitten versto\u00dfen sein<br>\u2022 nicht gegen geltendes deutsches Recht versto\u00dfen<br>\u2022 nicht gesetzlich, insbesondere durch das Urheber- und Markenrecht, gesch\u00fctzte Inhalte ohne Berechtigung versto\u00dfen<br>\u2022 keinen Inhalt ausschlie\u00dflich f\u00fcr Erwachsene anbieten<\/p>\n\n\n\n<p>Der Link wird als &#8220;nofollow&#8221; f\u00fcr die Dauer der Patenschaft hinterlegt und nach Ablauf entfernt. Der Link wird auch entfernt, sollte die Zielseite gegen eine der obigen Bedingungen versto\u00dfen oder Sie in Verzug geraten.<\/p>\n\n\n\n<p><strong>Kann ich die Wiese betreten oder nutzen?<\/strong><\/p>\n\n\n\n<p>Um die Tiere nicht zu st\u00f6ren oder die Wiese zu zerst\u00f6ren ist es nicht erlaubt die Wiese zu betreten oder zu nutzen.<\/p>\n\n\n\n<p><strong>Kann ich mehr als den obigen Betrag f\u00fcr eine Patenschaft spenden?<\/strong><\/p>\n\n\n\n<p>Ja, Sie k\u00f6nnen gerne auch einen h\u00f6heren Betrag spenden.<\/p>\n\n\n\n<p><strong>Wo und wann kann ich die Urkunde abholen?<\/strong><\/p>\n\n\n\n<p>Die Urkunde k\u00f6nnen Sie nach Benachrichtigung bei uns im Hofladen abholen.<\/p>\n\n\n\n<p><strong>K\u00f6nnen Sie mir die Urkunde auch zusenden?<\/strong><\/p>\n\n\n\n<p>Wir k\u00f6nnen Ihnen die Urkunde gegen Kosten\u00fcbernahme auch zu senden, markieren Sie daf\u00fcr bei der Anfrage das entsprechende Feld. Es wird in der Angebotplanung mit einflie\u00dfen.<\/p>\n\n\n\n<p><strong>Was versteht man unter Sonderaktionen?<\/strong><\/p>\n\n\n\n<p>Bei den Sonderaktionen handelt es sich um freiwillige nach unserem Ermessen angebotene Aktionen. Sie sind nicht garantiert.<br>Hier bei kann es sich Beispielsweise um Rabatte, Zugaben oder Veranstaltungen handeln.<\/p>\n","protected":false},"excerpt":{"rendered":"<p>Perfektes Geschenk f\u00fcr alle Naturliebhaber, Unternehmen und Menschen, die Ihren CO2 Fu\u00dfabdruck verbessern m\u00f6chten sowie nachhaltig unsere Flora und Fauna f\u00f6rdern und erhalten m\u00f6chten. Geben Sie vielen Tieren von klein bis gro\u00df ein sicheres Zuhause. Wir verwenden viele verschiedene Bl\u00fchpflanzen. Besonders f\u00fcr Bienen und Insekten ist es eine willkommene Oase. Bl\u00fchwiesen haben ein gro\u00dfes Potential [&hellip;]<\/p>\n","protected":false},"author":1,"featured_media":3484,"parent":0,"menu_order":0,"comment_status":"closed","ping_status":"open","template":"","meta":{"_uag_custom_page_level_css":"","ocean_post_layout":"left-sidebar","ocean_both_sidebars_style":"","ocean_both_sidebars_content_width":0,"ocean_both_sidebars_sidebars_width":0,"ocean_sidebar":"0","ocean_second_sidebar":"0","ocean_disable_margins":"enable","ocean_add_body_class":"","ocean_shortcode_before_top_bar":"","ocean_shortcode_after_top_bar":"","ocean_shortcode_before_header":"","ocean_shortcode_after_header":"","ocean_has_shortcode":"","ocean_shortcode_after_title":"","ocean_shortcode_before_footer_widgets":"","ocean_shortcode_after_footer_widgets":"","ocean_shortcode_before_footer_bottom":"","ocean_shortcode_after_footer_bottom":"","ocean_display_top_bar":"default","ocean_display_header":"default","ocean_header_style":"","ocean_center_header_left_menu":"0","ocean_custom_header_template":"0","ocean_custom_logo":0,"ocean_custom_retina_logo":0,"ocean_custom_logo_max_width":0,"ocean_custom_logo_tablet_max_width":0,"ocean_custom_logo_mobile_max_width":0,"ocean_custom_logo_max_height":0,"ocean_custom_logo_tablet_max_height":0,"ocean_custom_logo_mobile_max_height":0,"ocean_header_custom_menu":"0","ocean_menu_typo_font_family":"0","ocean_menu_typo_font_subset":"","ocean_menu_typo_font_size":0,"ocean_menu_typo_font_size_tablet":0,"ocean_menu_typo_font_size_mobile":0,"ocean_menu_typo_font_size_unit":"px","ocean_menu_typo_font_weight":"","ocean_menu_typo_font_weight_tablet":"","ocean_menu_typo_font_weight_mobile":"","ocean_menu_typo_transform":"","ocean_menu_typo_transform_tablet":"","ocean_menu_typo_transform_mobile":"","ocean_menu_typo_line_height":0,"ocean_menu_typo_line_height_tablet":0,"ocean_menu_typo_line_height_mobile":0,"ocean_menu_typo_line_height_unit":"","ocean_menu_typo_spacing":0,"ocean_menu_typo_spacing_tablet":0,"ocean_menu_typo_spacing_mobile":0,"ocean_menu_typo_spacing_unit":"","ocean_menu_link_color":"","ocean_menu_link_color_hover":"","ocean_menu_link_color_active":"","ocean_menu_link_background":"","ocean_menu_link_hover_background":"","ocean_menu_link_active_background":"","ocean_menu_social_links_bg":"","ocean_menu_social_hover_links_bg":"","ocean_menu_social_links_color":"","ocean_menu_social_hover_links_color":"","ocean_disable_title":"default","ocean_disable_heading":"default","ocean_post_title":"","ocean_post_subheading":"","ocean_post_title_style":"","ocean_post_title_background_color":"","ocean_post_title_background":0,"ocean_post_title_bg_image_position":"","ocean_post_title_bg_image_attachment":"","ocean_post_title_bg_image_repeat":"","ocean_post_title_bg_image_size":"","ocean_post_title_height":0,"ocean_post_title_bg_overlay":0.5,"ocean_post_title_bg_overlay_color":"","ocean_disable_breadcrumbs":"default","ocean_breadcrumbs_color":"","ocean_breadcrumbs_separator_color":"","ocean_breadcrumbs_links_color":"","ocean_breadcrumbs_links_hover_color":"","ocean_display_footer_widgets":"default","ocean_display_footer_bottom":"default","ocean_custom_footer_template":"0","footnotes":""},"class_list":["post-3762","page","type-page","status-publish","has-post-thumbnail","hentry","entry","has-media"],"yoast_head":"<!-- This site is optimized with the Yoast SEO plugin v27.4 - https:\/\/yoast.com\/product\/yoast-seo-wordpress\/ -->\n<title>Wiesenpatenschaft - Gr\u00fcnlandstaudenhof<\/title>\n<meta name=\"description\" content=\"Perfektes Geschenk f\u00fcr alle Naturliebhaber, Unternehmen und Menschen, die Ihren CO2 Fu\u00dfabdruck verbessern m\u00f6chten sowie nachhaltig unsere Flora und Fauna\" \/>\n<meta name=\"robots\" content=\"index, follow, max-snippet:-1, max-image-preview:large, max-video-preview:-1\" \/>\n<link rel=\"canonical\" href=\"https:\/\/www.gruenlandstaudenhof.de\/cms2\/wiesenpatenschaft\/\" \/>\n<meta property=\"og:locale\" content=\"de_DE\" \/>\n<meta property=\"og:type\" content=\"article\" \/>\n<meta property=\"og:title\" content=\"Wiesenpatenschaft - Gr\u00fcnlandstaudenhof\" \/>\n<meta property=\"og:description\" content=\"Perfektes Geschenk f\u00fcr alle Naturliebhaber, Unternehmen und Menschen, die Ihren CO2 Fu\u00dfabdruck verbessern m\u00f6chten sowie nachhaltig unsere Flora und Fauna\" \/>\n<meta property=\"og:url\" content=\"https:\/\/www.gruenlandstaudenhof.de\/cms2\/wiesenpatenschaft\/\" \/>\n<meta property=\"og:site_name\" content=\"Gr\u00fcnlandstaudenhof\" \/>\n<meta property=\"article:publisher\" content=\"https:\/\/www.facebook.com\/gruenlandstaudenhof\" \/>\n<meta property=\"article:modified_time\" content=\"2025-08-25T14:24:38+00:00\" \/>\n<meta property=\"og:image\" content=\"https:\/\/www.gruenlandstaudenhof.de\/cms2\/wp-content\/uploads\/2021\/12\/IMG-20210703-WA0032.jpg\" \/>\n\t<meta property=\"og:image:width\" content=\"1200\" \/>\n\t<meta property=\"og:image:height\" content=\"1599\" \/>\n\t<meta property=\"og:image:type\" content=\"image\/jpeg\" \/>\n<meta name=\"twitter:card\" content=\"summary_large_image\" \/>\n<meta name=\"twitter:site\" content=\"@GSH_Oberhausen\" \/>\n<meta name=\"twitter:label1\" content=\"Gesch\u00e4tzte Lesezeit\" \/>\n\t<meta name=\"twitter:data1\" content=\"4\u00a0Minuten\" \/>\n<!-- \/ Yoast SEO plugin. -->","yoast_head_json":{"title":"Wiesenpatenschaft - Gr\u00fcnlandstaudenhof","description":"Perfektes Geschenk f\u00fcr alle Naturliebhaber, Unternehmen und Menschen, die Ihren CO2 Fu\u00dfabdruck verbessern m\u00f6chten sowie nachhaltig unsere Flora und Fauna","robots":{"index":"index","follow":"follow","max-snippet":"max-snippet:-1","max-image-preview":"max-image-preview:large","max-video-preview":"max-video-preview:-1"},"canonical":"https:\/\/www.gruenlandstaudenhof.de\/cms2\/wiesenpatenschaft\/","og_locale":"de_DE","og_type":"article","og_title":"Wiesenpatenschaft - Gr\u00fcnlandstaudenhof","og_description":"Perfektes Geschenk f\u00fcr alle Naturliebhaber, Unternehmen und Menschen, die Ihren CO2 Fu\u00dfabdruck verbessern m\u00f6chten sowie nachhaltig unsere Flora und Fauna","og_url":"https:\/\/www.gruenlandstaudenhof.de\/cms2\/wiesenpatenschaft\/","og_site_name":"Gr\u00fcnlandstaudenhof","article_publisher":"https:\/\/www.facebook.com\/gruenlandstaudenhof","article_modified_time":"2025-08-25T14:24:38+00:00","og_image":[{"width":1200,"height":1599,"url":"https:\/\/www.gruenlandstaudenhof.de\/cms2\/wp-content\/uploads\/2021\/12\/IMG-20210703-WA0032.jpg","type":"image\/jpeg"}],"twitter_card":"summary_large_image","twitter_site":"@GSH_Oberhausen","twitter_misc":{"Gesch\u00e4tzte Lesezeit":"4\u00a0Minuten"},"schema":{"@context":"https:\/\/schema.org","@graph":[{"@type":"WebPage","@id":"https:\/\/www.gruenlandstaudenhof.de\/cms2\/wiesenpatenschaft\/","url":"https:\/\/www.gruenlandstaudenhof.de\/cms2\/wiesenpatenschaft\/","name":"Wiesenpatenschaft - Gr\u00fcnlandstaudenhof","isPartOf":{"@id":"https:\/\/www.gruenlandstaudenhof.de\/cms2\/#website"},"primaryImageOfPage":{"@id":"https:\/\/www.gruenlandstaudenhof.de\/cms2\/wiesenpatenschaft\/#primaryimage"},"image":{"@id":"https:\/\/www.gruenlandstaudenhof.de\/cms2\/wiesenpatenschaft\/#primaryimage"},"thumbnailUrl":"https:\/\/www.gruenlandstaudenhof.de\/cms2\/wp-content\/uploads\/2021\/12\/IMG-20210703-WA0032.jpg","datePublished":"2022-01-19T08:31:58+00:00","dateModified":"2025-08-25T14:24:38+00:00","description":"Perfektes Geschenk f\u00fcr alle Naturliebhaber, Unternehmen und Menschen, die Ihren CO2 Fu\u00dfabdruck verbessern m\u00f6chten sowie nachhaltig unsere Flora und Fauna","breadcrumb":{"@id":"https:\/\/www.gruenlandstaudenhof.de\/cms2\/wiesenpatenschaft\/#breadcrumb"},"inLanguage":"de","potentialAction":[{"@type":"ReadAction","target":["https:\/\/www.gruenlandstaudenhof.de\/cms2\/wiesenpatenschaft\/"]}]},{"@type":"ImageObject","inLanguage":"de","@id":"https:\/\/www.gruenlandstaudenhof.de\/cms2\/wiesenpatenschaft\/#primaryimage","url":"https:\/\/www.gruenlandstaudenhof.de\/cms2\/wp-content\/uploads\/2021\/12\/IMG-20210703-WA0032.jpg","contentUrl":"https:\/\/www.gruenlandstaudenhof.de\/cms2\/wp-content\/uploads\/2021\/12\/IMG-20210703-WA0032.jpg","width":1200,"height":1599,"caption":"Blumenwiese"},{"@type":"BreadcrumbList","@id":"https:\/\/www.gruenlandstaudenhof.de\/cms2\/wiesenpatenschaft\/#breadcrumb","itemListElement":[{"@type":"ListItem","position":1,"name":"Startseite","item":"https:\/\/www.gruenlandstaudenhof.de\/cms2\/"},{"@type":"ListItem","position":2,"name":"Wiesenpatenschaft"}]},{"@type":"WebSite","@id":"https:\/\/www.gruenlandstaudenhof.de\/cms2\/#website","url":"https:\/\/www.gruenlandstaudenhof.de\/cms2\/","name":"Gr\u00fcnlandstaudenhof","description":"Landwirtschaft, Gartenbau, Landhandel","publisher":{"@id":"https:\/\/www.gruenlandstaudenhof.de\/cms2\/#organization"},"potentialAction":[{"@type":"SearchAction","target":{"@type":"EntryPoint","urlTemplate":"https:\/\/www.gruenlandstaudenhof.de\/cms2\/?s={search_term_string}"},"query-input":{"@type":"PropertyValueSpecification","valueRequired":true,"valueName":"search_term_string"}}],"inLanguage":"de"},{"@type":"Organization","@id":"https:\/\/www.gruenlandstaudenhof.de\/cms2\/#organization","name":"Gr\u00fcnlandstaudenhof","url":"https:\/\/www.gruenlandstaudenhof.de\/cms2\/","logo":{"@type":"ImageObject","inLanguage":"de","@id":"https:\/\/www.gruenlandstaudenhof.de\/cms2\/#\/schema\/logo\/image\/","url":"https:\/\/www.gruenlandstaudenhof.de\/cms2\/wp-content\/uploads\/2016\/03\/logo_briefkopf_OT.png","contentUrl":"https:\/\/www.gruenlandstaudenhof.de\/cms2\/wp-content\/uploads\/2016\/03\/logo_briefkopf_OT.png","width":504,"height":504,"caption":"Gr\u00fcnlandstaudenhof"},"image":{"@id":"https:\/\/www.gruenlandstaudenhof.de\/cms2\/#\/schema\/logo\/image\/"},"sameAs":["https:\/\/www.facebook.com\/gruenlandstaudenhof","https:\/\/x.com\/GSH_Oberhausen","https:\/\/www.instagram.com\/gruenlandstaudenhof\/"]}]}},"uagb_featured_image_src":{"full":["https:\/\/www.gruenlandstaudenhof.de\/cms2\/wp-content\/uploads\/2021\/12\/IMG-20210703-WA0032.jpg",1200,1599,false],"thumbnail":["https:\/\/www.gruenlandstaudenhof.de\/cms2\/wp-content\/uploads\/2021\/12\/IMG-20210703-WA0032-150x150.jpg",150,150,true],"medium":["https:\/\/www.gruenlandstaudenhof.de\/cms2\/wp-content\/uploads\/2021\/12\/IMG-20210703-WA0032-225x300.jpg",225,300,true],"medium_large":["https:\/\/www.gruenlandstaudenhof.de\/cms2\/wp-content\/uploads\/2021\/12\/IMG-20210703-WA0032-768x1023.jpg",768,1023,true],"large":["https:\/\/www.gruenlandstaudenhof.de\/cms2\/wp-content\/uploads\/2021\/12\/IMG-20210703-WA0032-768x1024.jpg",768,1024,true],"1536x1536":["https:\/\/www.gruenlandstaudenhof.de\/cms2\/wp-content\/uploads\/2021\/12\/IMG-20210703-WA0032-1153x1536.jpg",1153,1536,true],"2048x2048":["https:\/\/www.gruenlandstaudenhof.de\/cms2\/wp-content\/uploads\/2021\/12\/IMG-20210703-WA0032.jpg",1200,1599,false],"ocean-thumb-m":["https:\/\/www.gruenlandstaudenhof.de\/cms2\/wp-content\/uploads\/2021\/12\/IMG-20210703-WA0032.jpg",450,600,false],"ocean-thumb-ml":["https:\/\/www.gruenlandstaudenhof.de\/cms2\/wp-content\/uploads\/2021\/12\/IMG-20210703-WA0032.jpg",338,450,false],"ocean-thumb-l":["https:\/\/www.gruenlandstaudenhof.de\/cms2\/wp-content\/uploads\/2021\/12\/IMG-20210703-WA0032.jpg",525,700,false]},"uagb_author_info":{"display_name":"Administrator","author_link":"https:\/\/www.gruenlandstaudenhof.de\/cms2\/author\/administrator\/"},"uagb_comment_info":5,"uagb_excerpt":"Perfektes Geschenk f\u00fcr alle Naturliebhaber, Unternehmen und Menschen, die Ihren CO2 Fu\u00dfabdruck verbessern m\u00f6chten sowie nachhaltig unsere Flora und Fauna f\u00f6rdern und erhalten m\u00f6chten. Geben Sie vielen Tieren von klein bis gro\u00df ein sicheres Zuhause. Wir verwenden viele verschiedene Bl\u00fchpflanzen. Besonders f\u00fcr Bienen und Insekten ist es eine willkommene Oase. Bl\u00fchwiesen haben ein gro\u00dfes Potential&hellip;","_links":{"self":[{"href":"https:\/\/www.gruenlandstaudenhof.de\/cms2\/wp-json\/wp\/v2\/pages\/3762","targetHints":{"allow":["GET"]}}],"collection":[{"href":"https:\/\/www.gruenlandstaudenhof.de\/cms2\/wp-json\/wp\/v2\/pages"}],"about":[{"href":"https:\/\/www.gruenlandstaudenhof.de\/cms2\/wp-json\/wp\/v2\/types\/page"}],"author":[{"embeddable":true,"href":"https:\/\/www.gruenlandstaudenhof.de\/cms2\/wp-json\/wp\/v2\/users\/1"}],"replies":[{"embeddable":true,"href":"https:\/\/www.gruenlandstaudenhof.de\/cms2\/wp-json\/wp\/v2\/comments?post=3762"}],"version-history":[{"count":0,"href":"https:\/\/www.gruenlandstaudenhof.de\/cms2\/wp-json\/wp\/v2\/pages\/3762\/revisions"}],"wp:featuredmedia":[{"embeddable":true,"href":"https:\/\/www.gruenlandstaudenhof.de\/cms2\/wp-json\/wp\/v2\/media\/3484"}],"wp:attachment":[{"href":"https:\/\/www.gruenlandstaudenhof.de\/cms2\/wp-json\/wp\/v2\/media?parent=3762"}],"curies":[{"name":"wp","href":"https:\/\/api.w.org\/{rel}","templated":true}]}}