{"id":3828,"date":"2022-01-24T08:10:15","date_gmt":"2022-01-24T07:10:15","guid":{"rendered":"https:\/\/www.gruenlandstaudenhof.de\/cms2\/?page_id=3828"},"modified":"2025-08-25T16:24:27","modified_gmt":"2025-08-25T14:24:27","slug":"patenschaften","status":"publish","type":"page","link":"https:\/\/www.gruenlandstaudenhof.de\/cms2\/patenschaften\/","title":{"rendered":"Patenschaften"},"content":{"rendered":"\n<p>In der verst\u00e4dterten Welt ist es schwer eigene Tiere zu halten und sich an der Natur erfreuen zu k\u00f6nnen. Stra\u00dfen, Autobahnen, Betonpl\u00e4tze und Betonkl\u00f6tze \u00fcberall wohin das Auge blickt. Gr\u00fcnes findet man im Stadt leben nur sehr selten.<\/p>\n\n\n\n<p>Tiere in der Wohnung zu halten ist vielfach schlicht verboten oder es passt nicht zum Arbeitsalltag.<\/p>\n\n\n\n<p>Doch was kann man tun, wenn man sich trotzdem f\u00fcr die Natur interessiert und an der Pflanzen- und Tierwelt partizipieren will?<\/p>\n\n\n\n<p>Hier kommen wir ins Spiel. \ud83d\ude42<\/p>\n\n\n\n<p><br>Wir bieten Ihnen an symbolische Patenschaften f\u00fcr Tiere, Wiesen, Anteile an einer H\u00fchnerherde oder eine Agrar-Patenschaft an.<\/p>\n\n\n\n<p>Sie unterst\u00fctzen mit einer Spende das von Ihnen ausgew\u00e4hlte \u201ePatenobjekt\u201c.<\/p>\n\n\n\n<p>Mit Ihrer Spende finanzieren wir neben Futtermitteln auch Tierarztbesuche und Unterkunft. Besonders bei bedrohten oder seltenen Tierarten helfen Sie bei der Arterhaltung aktiv mit.<\/p>\n\n\n\n<p>Ein weiterer wichtiger Punkt bei dem Ihre Spende einflie\u00dft ist die Rettung von \u201eTieren in Not\u201c beispielsweise Hennen aus nicht artgerechter Haltung oder Tiere, die bei uns vor dem Hofladen ausgesetzt wurden.<\/p>\n\n\n\n<p>Mit unserer Wiesenpatenschaft unterst\u00fctzen Sie uns beim Anlegen und beim Erhalt von Bl\u00fchwiesen, die f\u00fcr Insekten und anderen Tieren ein Paradies sind. Zudem kompensiert eine Bl\u00fchwiesen einen Teil des CO2.<\/p>\n\n\n\n<p>Bei der Agrar-Patenschaft unterst\u00fctzen Sie den naturbelassenen und nachhaltigen Anbau von Obst und Gem\u00fcse.<\/p>\n\n\n\n<p>Daf\u00fcr erhalten Sie von uns je nach Patenschaft einige Vorteile. Bei einer Patenschaft f\u00fcr einen Anteil an einer H\u00fchnerherde erhalten Sie beispielsweise je Monat 30 Eier. Wenn Sie an eine Agrar-Patenschaft abschlie\u00dfen, erhalten Sie Obst-\/Gem\u00fcse aus unserem Sortiment und ggf. \u00dcberschussbeteiligung.<\/p>\n\n\n\n<p>In jedem Fall k\u00f6nnen Sie von unseren Sonderaktionen exklusiv f\u00fcr Paten profitieren.<\/p>\n\n\n\n<p>Sofern es die Lage zu l\u00e4sst, werden wir versuchen Patentreffen oder \u00e4hnliche Aktionen und Veranstaltungen zu etablieren, an denen Sie z.B. Ihre Patentiere besichtigen k\u00f6nnen.<\/p>\n\n\n\n<p>Folgende Patenschaften bieten wir an<\/p>\n\n\n\n<ul class=\"wp-block-list\"><li><a href=\"https:\/\/www.gruenlandstaudenhof.de\/cms2\/landwirtschaft\/anteil-an-einer-huehnerherde\/\" target=\"_blank\" rel=\"noreferrer noopener\">Patenschaft in Form eines Anteils an einer H\u00fchnerherde<\/a><\/li><li><a href=\"https:\/\/www.gruenlandstaudenhof.de\/cms2\/news-infos\/tierpatenschaft\/\">Tierpatenschaft<\/a><\/li><li><a href=\"https:\/\/www.gruenlandstaudenhof.de\/cms2\/gruenlandstaudenhof\/wiesenpatenschaft\/\" target=\"_blank\" rel=\"noreferrer noopener\">Wiesenpatenschaft<\/a><\/li><li><a href=\"https:\/\/www.gruenlandstaudenhof.de\/cms2\/agrar-patenschaft\/\">Agrar-Patenschaft<\/a><\/li><\/ul>\n\n\n\n<p>Hier geht\u2019s zur <a href=\"https:\/\/www.gruenlandstaudenhof.de\/cms2\/unsere-paten\/\">Patenliste<\/a>.<\/p>\n\n\n\n<p>Wenn Sie m\u00f6chten k\u00f6nnen wir Sie auf einer Patenlisten ver\u00f6ffentlichen, solange Ihre Patenschaft l\u00e4uft. Dazu m\u00fcssen Sie uns gesondert die Erlaubnis geben. Dies begr\u00fcndet sich aus den Regeln der Datenschutzgrundverordnung (DSGVO).<\/p>\n\n\n\n<p>Gerne k\u00f6nnen wir Ihren Namen auch mit einem no-follow Link versehen, wenn Sie dies w\u00fcnschen.<\/p>\n","protected":false},"excerpt":{"rendered":"<p>In der verst\u00e4dterten Welt ist es schwer eigene Tiere zu halten und sich an der Natur erfreuen zu k\u00f6nnen. Stra\u00dfen, Autobahnen, Betonpl\u00e4tze und Betonkl\u00f6tze \u00fcberall wohin das Auge blickt. Gr\u00fcnes findet man im Stadt leben nur sehr selten. Tiere in der Wohnung zu halten ist vielfach schlicht verboten oder es passt nicht zum Arbeitsalltag. Doch [&hellip;]<\/p>\n","protected":false},"author":1,"featured_media":0,"parent":0,"menu_order":0,"comment_status":"closed","ping_status":"closed","template":"","meta":{"_uag_custom_page_level_css":"","ocean_post_layout":"left-sidebar","ocean_both_sidebars_style":"","ocean_both_sidebars_content_width":0,"ocean_both_sidebars_sidebars_width":0,"ocean_sidebar":"0","ocean_second_sidebar":"0","ocean_disable_margins":"enable","ocean_add_body_class":"","ocean_shortcode_before_top_bar":"","ocean_shortcode_after_top_bar":"","ocean_shortcode_before_header":"","ocean_shortcode_after_header":"","ocean_has_shortcode":"","ocean_shortcode_after_title":"","ocean_shortcode_before_footer_widgets":"","ocean_shortcode_after_footer_widgets":"","ocean_shortcode_before_footer_bottom":"","ocean_shortcode_after_footer_bottom":"","ocean_display_top_bar":"default","ocean_display_header":"default","ocean_header_style":"","ocean_center_header_left_menu":"0","ocean_custom_header_template":"0","ocean_custom_logo":0,"ocean_custom_retina_logo":0,"ocean_custom_logo_max_width":0,"ocean_custom_logo_tablet_max_width":0,"ocean_custom_logo_mobile_max_width":0,"ocean_custom_logo_max_height":0,"ocean_custom_logo_tablet_max_height":0,"ocean_custom_logo_mobile_max_height":0,"ocean_header_custom_menu":"0","ocean_menu_typo_font_family":"0","ocean_menu_typo_font_subset":"","ocean_menu_typo_font_size":0,"ocean_menu_typo_font_size_tablet":0,"ocean_menu_typo_font_size_mobile":0,"ocean_menu_typo_font_size_unit":"px","ocean_menu_typo_font_weight":"","ocean_menu_typo_font_weight_tablet":"","ocean_menu_typo_font_weight_mobile":"","ocean_menu_typo_transform":"","ocean_menu_typo_transform_tablet":"","ocean_menu_typo_transform_mobile":"","ocean_menu_typo_line_height":0,"ocean_menu_typo_line_height_tablet":0,"ocean_menu_typo_line_height_mobile":0,"ocean_menu_typo_line_height_unit":"","ocean_menu_typo_spacing":0,"ocean_menu_typo_spacing_tablet":0,"ocean_menu_typo_spacing_mobile":0,"ocean_menu_typo_spacing_unit":"","ocean_menu_link_color":"","ocean_menu_link_color_hover":"","ocean_menu_link_color_active":"","ocean_menu_link_background":"","ocean_menu_link_hover_background":"","ocean_menu_link_active_background":"","ocean_menu_social_links_bg":"","ocean_menu_social_hover_links_bg":"","ocean_menu_social_links_color":"","ocean_menu_social_hover_links_color":"","ocean_disable_title":"default","ocean_disable_heading":"default","ocean_post_title":"","ocean_post_subheading":"","ocean_post_title_style":"","ocean_post_title_background_color":"","ocean_post_title_background":0,"ocean_post_title_bg_image_position":"","ocean_post_title_bg_image_attachment":"","ocean_post_title_bg_image_repeat":"","ocean_post_title_bg_image_size":"","ocean_post_title_height":0,"ocean_post_title_bg_overlay":0.5,"ocean_post_title_bg_overlay_color":"","ocean_disable_breadcrumbs":"default","ocean_breadcrumbs_color":"","ocean_breadcrumbs_separator_color":"","ocean_breadcrumbs_links_color":"","ocean_breadcrumbs_links_hover_color":"","ocean_display_footer_widgets":"default","ocean_display_footer_bottom":"default","ocean_custom_footer_template":"0","footnotes":""},"class_list":["post-3828","page","type-page","status-publish","hentry","entry"],"yoast_head":"<!-- This site is optimized with the Yoast SEO plugin v27.4 - https:\/\/yoast.com\/product\/yoast-seo-wordpress\/ -->\n<title>Patenschaften - Gr\u00fcnlandstaudenhof<\/title>\n<meta name=\"description\" content=\"In der verst\u00e4dterten Welt ist es schwer eigene Tiere zu halten und sich an der Natur erfreuen zu k\u00f6nnen. Stra\u00dfen, Autobahnen, Betonpl\u00e4tze und Betonkl\u00f6tze\" \/>\n<meta name=\"robots\" content=\"index, follow, max-snippet:-1, max-image-preview:large, max-video-preview:-1\" \/>\n<link rel=\"canonical\" href=\"https:\/\/www.gruenlandstaudenhof.de\/cms2\/patenschaften\/\" \/>\n<meta property=\"og:locale\" content=\"de_DE\" \/>\n<meta property=\"og:type\" content=\"article\" \/>\n<meta property=\"og:title\" content=\"Patenschaften - Gr\u00fcnlandstaudenhof\" \/>\n<meta property=\"og:description\" content=\"In der verst\u00e4dterten Welt ist es schwer eigene Tiere zu halten und sich an der Natur erfreuen zu k\u00f6nnen. Stra\u00dfen, Autobahnen, Betonpl\u00e4tze und Betonkl\u00f6tze\" \/>\n<meta property=\"og:url\" content=\"https:\/\/www.gruenlandstaudenhof.de\/cms2\/patenschaften\/\" \/>\n<meta property=\"og:site_name\" content=\"Gr\u00fcnlandstaudenhof\" \/>\n<meta property=\"article:publisher\" content=\"https:\/\/www.facebook.com\/gruenlandstaudenhof\" \/>\n<meta property=\"article:modified_time\" content=\"2025-08-25T14:24:27+00:00\" \/>\n<meta property=\"og:image\" content=\"https:\/\/www.gruenlandstaudenhof.de\/cms2\/wp-content\/uploads\/2019\/01\/Logo192.png\" \/>\n\t<meta property=\"og:image:width\" content=\"192\" \/>\n\t<meta property=\"og:image:height\" content=\"192\" \/>\n\t<meta property=\"og:image:type\" content=\"image\/png\" \/>\n<meta name=\"twitter:card\" content=\"summary_large_image\" \/>\n<meta name=\"twitter:site\" content=\"@GSH_Oberhausen\" \/>\n<meta name=\"twitter:label1\" content=\"Gesch\u00e4tzte Lesezeit\" \/>\n\t<meta name=\"twitter:data1\" content=\"2\u00a0Minuten\" \/>\n<!-- \/ Yoast SEO plugin. -->","yoast_head_json":{"title":"Patenschaften - Gr\u00fcnlandstaudenhof","description":"In der verst\u00e4dterten Welt ist es schwer eigene Tiere zu halten und sich an der Natur erfreuen zu k\u00f6nnen. Stra\u00dfen, Autobahnen, Betonpl\u00e4tze und Betonkl\u00f6tze","robots":{"index":"index","follow":"follow","max-snippet":"max-snippet:-1","max-image-preview":"max-image-preview:large","max-video-preview":"max-video-preview:-1"},"canonical":"https:\/\/www.gruenlandstaudenhof.de\/cms2\/patenschaften\/","og_locale":"de_DE","og_type":"article","og_title":"Patenschaften - Gr\u00fcnlandstaudenhof","og_description":"In der verst\u00e4dterten Welt ist es schwer eigene Tiere zu halten und sich an der Natur erfreuen zu k\u00f6nnen. Stra\u00dfen, Autobahnen, Betonpl\u00e4tze und Betonkl\u00f6tze","og_url":"https:\/\/www.gruenlandstaudenhof.de\/cms2\/patenschaften\/","og_site_name":"Gr\u00fcnlandstaudenhof","article_publisher":"https:\/\/www.facebook.com\/gruenlandstaudenhof","article_modified_time":"2025-08-25T14:24:27+00:00","og_image":[{"width":192,"height":192,"url":"https:\/\/www.gruenlandstaudenhof.de\/cms2\/wp-content\/uploads\/2019\/01\/Logo192.png","type":"image\/png"}],"twitter_card":"summary_large_image","twitter_site":"@GSH_Oberhausen","twitter_misc":{"Gesch\u00e4tzte Lesezeit":"2\u00a0Minuten"},"schema":{"@context":"https:\/\/schema.org","@graph":[{"@type":"WebPage","@id":"https:\/\/www.gruenlandstaudenhof.de\/cms2\/patenschaften\/","url":"https:\/\/www.gruenlandstaudenhof.de\/cms2\/patenschaften\/","name":"Patenschaften - Gr\u00fcnlandstaudenhof","isPartOf":{"@id":"https:\/\/www.gruenlandstaudenhof.de\/cms2\/#website"},"datePublished":"2022-01-24T07:10:15+00:00","dateModified":"2025-08-25T14:24:27+00:00","description":"In der verst\u00e4dterten Welt ist es schwer eigene Tiere zu halten und sich an der Natur erfreuen zu k\u00f6nnen. Stra\u00dfen, Autobahnen, Betonpl\u00e4tze und Betonkl\u00f6tze","breadcrumb":{"@id":"https:\/\/www.gruenlandstaudenhof.de\/cms2\/patenschaften\/#breadcrumb"},"inLanguage":"de","potentialAction":[{"@type":"ReadAction","target":["https:\/\/www.gruenlandstaudenhof.de\/cms2\/patenschaften\/"]}]},{"@type":"BreadcrumbList","@id":"https:\/\/www.gruenlandstaudenhof.de\/cms2\/patenschaften\/#breadcrumb","itemListElement":[{"@type":"ListItem","position":1,"name":"Startseite","item":"https:\/\/www.gruenlandstaudenhof.de\/cms2\/"},{"@type":"ListItem","position":2,"name":"Patenschaften"}]},{"@type":"WebSite","@id":"https:\/\/www.gruenlandstaudenhof.de\/cms2\/#website","url":"https:\/\/www.gruenlandstaudenhof.de\/cms2\/","name":"Gr\u00fcnlandstaudenhof","description":"Landwirtschaft, Gartenbau, Landhandel","publisher":{"@id":"https:\/\/www.gruenlandstaudenhof.de\/cms2\/#organization"},"potentialAction":[{"@type":"SearchAction","target":{"@type":"EntryPoint","urlTemplate":"https:\/\/www.gruenlandstaudenhof.de\/cms2\/?s={search_term_string}"},"query-input":{"@type":"PropertyValueSpecification","valueRequired":true,"valueName":"search_term_string"}}],"inLanguage":"de"},{"@type":"Organization","@id":"https:\/\/www.gruenlandstaudenhof.de\/cms2\/#organization","name":"Gr\u00fcnlandstaudenhof","url":"https:\/\/www.gruenlandstaudenhof.de\/cms2\/","logo":{"@type":"ImageObject","inLanguage":"de","@id":"https:\/\/www.gruenlandstaudenhof.de\/cms2\/#\/schema\/logo\/image\/","url":"https:\/\/www.gruenlandstaudenhof.de\/cms2\/wp-content\/uploads\/2016\/03\/logo_briefkopf_OT.png","contentUrl":"https:\/\/www.gruenlandstaudenhof.de\/cms2\/wp-content\/uploads\/2016\/03\/logo_briefkopf_OT.png","width":504,"height":504,"caption":"Gr\u00fcnlandstaudenhof"},"image":{"@id":"https:\/\/www.gruenlandstaudenhof.de\/cms2\/#\/schema\/logo\/image\/"},"sameAs":["https:\/\/www.facebook.com\/gruenlandstaudenhof","https:\/\/x.com\/GSH_Oberhausen","https:\/\/www.instagram.com\/gruenlandstaudenhof\/"]}]}},"uagb_featured_image_src":{"full":false,"thumbnail":false,"medium":false,"medium_large":false,"large":false,"1536x1536":false,"2048x2048":false,"ocean-thumb-m":false,"ocean-thumb-ml":false,"ocean-thumb-l":false},"uagb_author_info":{"display_name":"Administrator","author_link":"https:\/\/www.gruenlandstaudenhof.de\/cms2\/author\/administrator\/"},"uagb_comment_info":0,"uagb_excerpt":"In der verst\u00e4dterten Welt ist es schwer eigene Tiere zu halten und sich an der Natur erfreuen zu k\u00f6nnen. Stra\u00dfen, Autobahnen, Betonpl\u00e4tze und Betonkl\u00f6tze \u00fcberall wohin das Auge blickt. Gr\u00fcnes findet man im Stadt leben nur sehr selten. Tiere in der Wohnung zu halten ist vielfach schlicht verboten oder es passt nicht zum Arbeitsalltag. Doch&hellip;","_links":{"self":[{"href":"https:\/\/www.gruenlandstaudenhof.de\/cms2\/wp-json\/wp\/v2\/pages\/3828","targetHints":{"allow":["GET"]}}],"collection":[{"href":"https:\/\/www.gruenlandstaudenhof.de\/cms2\/wp-json\/wp\/v2\/pages"}],"about":[{"href":"https:\/\/www.gruenlandstaudenhof.de\/cms2\/wp-json\/wp\/v2\/types\/page"}],"author":[{"embeddable":true,"href":"https:\/\/www.gruenlandstaudenhof.de\/cms2\/wp-json\/wp\/v2\/users\/1"}],"replies":[{"embeddable":true,"href":"https:\/\/www.gruenlandstaudenhof.de\/cms2\/wp-json\/wp\/v2\/comments?post=3828"}],"version-history":[{"count":0,"href":"https:\/\/www.gruenlandstaudenhof.de\/cms2\/wp-json\/wp\/v2\/pages\/3828\/revisions"}],"wp:attachment":[{"href":"https:\/\/www.gruenlandstaudenhof.de\/cms2\/wp-json\/wp\/v2\/media?parent=3828"}],"curies":[{"name":"wp","href":"https:\/\/api.w.org\/{rel}","templated":true}]}}