{"id":3910,"date":"2022-02-23T09:48:58","date_gmt":"2022-02-23T08:48:58","guid":{"rendered":"https:\/\/www.gruenlandstaudenhof.de\/cms2\/?page_id=3910"},"modified":"2023-03-09T10:47:42","modified_gmt":"2023-03-09T09:47:42","slug":"ihre-werbung-auf-gruenlandstaudenhof","status":"publish","type":"page","link":"https:\/\/www.gruenlandstaudenhof.de\/cms2\/ihre-werbung-auf-gruenlandstaudenhof\/","title":{"rendered":"Ihre Werbung auf Gr\u00fcnlandstaudenhof"},"content":{"rendered":"\n<p>Auf unserer Website \u201eGr\u00fcnlandstaudenhof\u201c erscheinen regelm\u00e4\u00dfig Artikel rund um viele Themen wie zum Beispiel Haus &amp; Garten, Landwirtschaft, Tiere. Unter anderem bieten wir umfangreiche Ratgeber, Vergleiche und Berichte an.<\/p>\n\n\n\n<p>Parallel dazu bieten wir moderne Paketwerbung an. Wir k\u00f6nnen unseren Sendungen z.B. Flyer von Ihnen beilegen.<\/p>\n\n\n\n<h2 class=\"wp-block-heading\">Unsere Werbefl\u00e4chen<\/h2>\n\n\n\n<p>Auf unserem Blog k\u00f6nnen Sie folgende Werbefl\u00e4chen mieten.<\/p>\n\n\n\n<h3 class=\"wp-block-heading\">1.) Oben in jedem Blogartikel unter der ersten Teil\u00fcberschrift.<\/h3>\n\n\n\n<p>Dort ist Platz f\u00fcr zwei Werbebanner. Jedes Werbebanner wird 50\u00a0% der Besucher abwechselt angezeigt.<\/p>\n\n\n\n<p>Gr\u00f6\u00dfe der Banner: 300 \u00d7 250 Pixel oder 250 \u00d7 250 Pixel<\/p>\n\n\n\n<p>Anzahl Werbepl\u00e4tze: 2<\/p>\n\n\n\n<p>Preis pro Werbeplatz: 200\u00a0\u20ac zzgl. MwSt. pro Monat<\/p>\n\n\n\n<h3 class=\"wp-block-heading\"><strong>2<\/strong>.) <strong>U<\/strong><strong>nter<\/strong> jedem Blogartikel<\/h3>\n\n\n\n<p>Dort ist Platz f\u00fcr zwei Werbebanner untereinander.<\/p>\n\n\n\n<p>Gr\u00f6\u00dfe der Banner: 468\u00a0\u00d7\u00a060 Pixel<\/p>\n\n\n\n<p>Anzahl Werbepl\u00e4tze: 2<\/p>\n\n\n\n<p>Preis pro Werbeplatz: 60\u00a0\u20ac zzgl. MwSt. pro Monat<\/p>\n\n\n\n<h3 class=\"wp-block-heading\">3.) In der Sidebar von jedem Blogartikel<\/h3>\n\n\n\n<p>Platz f\u00fcr zwei Werbebanner untereinander<\/p>\n\n\n\n<p>Gr\u00f6\u00dfe der Banner: 300 \u00d7 250 Pixel<\/p>\n\n\n\n<p>Anzahl Werbepl\u00e4tze: 2<\/p>\n\n\n\n<p>Preis pro Werbeplatz: 175\u00a0\u20ac zzgl. MwSt. pro Monat<\/p>\n\n\n\n<h3 class=\"wp-block-heading\"><strong>4<\/strong>.) In der Sidebar von jedem Blogartikel<\/h3>\n\n\n\n<p>Platz f\u00fcr zwei Werbebanner nebeneinander<\/p>\n\n\n\n<p>Gr\u00f6\u00dfe der Banner: 125 \u00d7 125 Pixel<\/p>\n\n\n\n<p>Anzahl Werbepl\u00e4tze: 2<\/p>\n\n\n\n<p>Preis pro Werbeplatz: 45\u00a0\u20ac zzgl. MwSt. pro Monat<\/p>\n\n\n\n<h2 class=\"wp-block-heading\">Sponsert Posts<\/h2>\n\n\n\n<p>Sie geben uns ein Thema vor.<br>Anschlie\u00dfend teilen Sie uns den Umfang (in Form eines minimalen und maximalen Zeichenbereiches) des Textes mit.<\/p>\n\n\n\n<p>\u00dcber den Inhalt des Textes entscheiden wir selbst, insbesondere in Bezug auf Meinungen und Bewertungen. Ein \u201egew\u00fcnschtes Ergebnis\u201c kann nicht gekauft werden.<\/p>\n\n\n\n<p>Jeder Text beinhaltet einen Disclaimer, z.\u00a0B.<\/p>\n\n\n\n<p>\u201eWerbung \/ gesponserter Post. Dieser Post wurde vom Auftraggeber XXX gesponsert. Der Inhalt wurde unabh\u00e4ngig von Auftraggeber erstellt. Alle Meinungen, egal ob positiv oder negativ, entsprechen unserer unbeeinflussten Meinung\u201c.<\/p>\n\n\n\n<p>Alle Links zu externen Seiten sind als nofollow gekennzeichnet.<\/p>\n\n\n\n<p>Pro Zeichen berechnen wir 0,05\u00a0\u20ac zzgl. MwSt. <\/p>\n\n\n\n<p>Nach Fertigstellung des Textes wird dieser auf unserer Website ver\u00f6ffentlicht. Der Text bleibt mindestens ein Jahr auf der Website.<\/p>\n\n\n\n<h2 class=\"wp-block-heading\">Produkttest<\/h2>\n\n\n\n<p>Sie stellen uns ein Produkt zur Verf\u00fcgung und geben uns den gew\u00fcnschten Umfang des Artikels (in Form eines minimalen und maximalen Zeichenbereiches) vor.<\/p>\n\n\n\n<p>Das Produkt geht dabei in unser Eigentum \u00fcber.<\/p>\n\n\n\n<p>\u00dcber den Inhalt des Textes entscheiden wir selbst, insbesondere in Bezug auf Meinungen und Bewertungen. Ein \u201egew\u00fcnschtes Ergebnis\u201c kann nicht gekauft werden.<\/p>\n\n\n\n<p>Jeder Text beinhaltet einen Disclaimer, z.\u00a0B.<\/p>\n\n\n\n<p>\u201eWerbung \/ gesponserter Produkttest. Dieser Produkttest wurde vom Auftraggeber XXX gesponsert. Der Inhalt wurde unabh\u00e4ngig von Auftraggeber erstellt. Alle Meinungen, egal, ob positiv oder negativ, entsprechen unserer unbeeinflussten Meinung. Das Produkt d\u00fcrften wir nach dem Test behalten\u201c.<\/p>\n\n\n\n<p>Alle Links zu externen Seiten sind als nofollow gekennzeichnet.<\/p>\n\n\n\n<p>Die Kosten f\u00fcr den Produkttest richten sich nach der Textl\u00e4nge, dem Produkt sowie nach dem Umfang des Produkttests. Der Produkttest bleibt mindestens ein Jahr auf der Website.<\/p>\n\n\n\n<p>Pro Zeichen berechnen wir 0,05\u00a0\u20ac zzgl. MwSt. <\/p>\n\n\n\n<p>Nach Fertigstellung des Textes wird dieser auf unserer Website ver\u00f6ffentlicht. Der Text bleibt mindestens ein Jahr auf der Website.<\/p>\n\n\n\n<h2 class=\"wp-block-heading\">Paketbeilage \/ Auslage Hofladen<\/h2>\n\n\n\n<p>Wir k\u00f6nnen Ihre Flyer oder Produktproben unseren Paketen beilegen oder Ihre Flyer beziehungsweise Produktproben in unserem Hofladen auslegen. Gerne unterbreiten wir Ihnen f\u00fcr Ihre Verteilaktion ein Angebot.<\/p>\n\n\n\n<p>Auslage von Produktproben in unserem Hofladen sind kostenfrei.<\/p>\n\n\n\n<h2 class=\"wp-block-heading\">Seitenaufrufe &amp; Zielgruppe<\/h2>\n\n\n\n<p>Unsere Besucherzahlen entwickeln sich konstant nach oben.<\/p>\n\n\n\n<p>Wenn Sie bei uns werben, erreichen Sie aufgeschlossene Menschen, denen Natur, Garten, gesunde Ern\u00e4hrung, Wohnen und Arbeiten sowie Tiere sehr wichtig sind. Unter unseren Lesern befinden sich neben Garten-interessierte auch Sch\u00fcler und Studenten, Landwirte, professionelle G\u00e4rtner, \u00f6kologisch interessiere Mitmenschen mit einem naturbewussten Lifestyle und einem hohen Anspruch auf Nachhaltigkeit.<\/p>\n\n\n\n<p>Durch unseren B2B-Bereich finden sich unter unseren Lesern auch viele Unternehmen und Selbstst\u00e4ndige.<\/p>\n\n\n\n<h2 class=\"wp-block-heading\">Weitere Kennzahlen<\/h2>\n\n\n\n<p>Auf Facebook (Stand 15.01.2022) haben wir mehr als 4.000 Follower. Erg\u00e4nzend bauen wir unsere Erreichbarkeit \u00fcber Instagram und Twitter aus.<\/p>\n\n\n\n<p>Regelm\u00e4\u00dfig ver\u00f6ffentlichen wir umfangreich als auch aktuelle Artikel in unserem Blog als auch auf unseren Social-Media-Kan\u00e4len.<\/p>\n\n\n\n<h2 class=\"wp-block-heading\">Interesse?<\/h2>\n\n\n\n<p>Wenn Sie Interesse an einer Buchung haben, kontaktieren Sie uns \u00fcber <a href=\"mailto:werben@gruenlandstaudenhof.de\">werben@gruenlandstaudenhof.de<\/a>. Wir senden Ihnen ein pers\u00f6nliches Angebot zu.<\/p>\n\n\n\n<p>Falls Ihr Wunschbanner gerade nicht frei ist, melden Sie sich trotzdem. Wir setzen Sie dann auch eine Warteliste und informieren Sie, sobald das Banner wieder frei geworden ist.<\/p>\n\n\n\n<p>Rabatte bei der Buchung von Werbeanzeigen  \u00fcber einen l\u00e4ngeren Zeitraum  oder bei der Vergabe mehrerer Auftr\u00e4ge sind m\u00f6glich. Die Bezahlung erfolgt per \u00dcberweisung. Die Rechnungsbetr\u00e4ge werden im voraus f\u00e4llig.<\/p>\n\n\n\n<p>Der Mindestzeitraum pro Buchung betr\u00e4gt 3 Monate.<\/p>\n\n\n\n<p>Wir behalten uns ausdr\u00fccklich vor, unpassende Anfragen abzulehnen. Dies betrifft insbesondere rassistische, menschenverachtende oder illegale Angebote.<\/p>\n\n\n\n<p>Wir behalten uns das Recht vor, Texte oder Anzeigen jederzeit anzupassen oder zu entfernen. Dies kann beispielsweise der Fall sein, wenn sich nach Ver\u00f6ffentlichung rechtliche \u00c4nderungen ergeben.<\/p>\n\n\n\n<p>Alle Werbebanner und Links werden selbstverst\u00e4ndlich mit \u201enofollow\u201c gekennzeichnet, damit es f\u00fcr Google als bezahlte Werbung gekennzeichnet ist und es keine Abstrafungen gibt.<\/p>\n\n\n\n<p>Wenn Sie ein gebuchtes Werbebanner verl\u00e4ngern m\u00f6chten, k\u00f6nnen Sie es zum alten Preis erneut schalten, auch wenn sich die Preise zwischenzeitlich erh\u00f6ht haben sollten. Dieses Angebot gilt f\u00fcr 3 Monate.<\/p>\n\n\n\n<p>Alle Preise netto, zzgl. gesetzliche Mehrwertsteuer (19\u00a0%).<\/p>\n\n\n\n<p><strong>Dieses Angebot richtet sich ausschlie\u00dflich an Unternehmen.<\/strong><\/p>\n","protected":false},"excerpt":{"rendered":"<p>Auf unserer Website \u201eGr\u00fcnlandstaudenhof\u201c erscheinen regelm\u00e4\u00dfig Artikel rund um viele Themen wie zum Beispiel Haus &amp; Garten, Landwirtschaft, Tiere. Unter anderem bieten wir umfangreiche Ratgeber, Vergleiche und Berichte an. Parallel dazu bieten wir moderne Paketwerbung an. Wir k\u00f6nnen unseren Sendungen z.B. Flyer von Ihnen beilegen. Unsere Werbefl\u00e4chen Auf unserem Blog k\u00f6nnen Sie folgende Werbefl\u00e4chen mieten. [&hellip;]<\/p>\n","protected":false},"author":1,"featured_media":0,"parent":0,"menu_order":0,"comment_status":"closed","ping_status":"closed","template":"","meta":{"_uag_custom_page_level_css":"","ocean_post_layout":"","ocean_both_sidebars_style":"","ocean_both_sidebars_content_width":0,"ocean_both_sidebars_sidebars_width":0,"ocean_sidebar":"0","ocean_second_sidebar":"0","ocean_disable_margins":"enable","ocean_add_body_class":"","ocean_shortcode_before_top_bar":"","ocean_shortcode_after_top_bar":"","ocean_shortcode_before_header":"","ocean_shortcode_after_header":"","ocean_has_shortcode":"","ocean_shortcode_after_title":"","ocean_shortcode_before_footer_widgets":"","ocean_shortcode_after_footer_widgets":"","ocean_shortcode_before_footer_bottom":"","ocean_shortcode_after_footer_bottom":"","ocean_display_top_bar":"default","ocean_display_header":"default","ocean_header_style":"","ocean_center_header_left_menu":"0","ocean_custom_header_template":"0","ocean_custom_logo":0,"ocean_custom_retina_logo":0,"ocean_custom_logo_max_width":0,"ocean_custom_logo_tablet_max_width":0,"ocean_custom_logo_mobile_max_width":0,"ocean_custom_logo_max_height":0,"ocean_custom_logo_tablet_max_height":0,"ocean_custom_logo_mobile_max_height":0,"ocean_header_custom_menu":"0","ocean_menu_typo_font_family":"0","ocean_menu_typo_font_subset":"","ocean_menu_typo_font_size":0,"ocean_menu_typo_font_size_tablet":0,"ocean_menu_typo_font_size_mobile":0,"ocean_menu_typo_font_size_unit":"px","ocean_menu_typo_font_weight":"","ocean_menu_typo_font_weight_tablet":"","ocean_menu_typo_font_weight_mobile":"","ocean_menu_typo_transform":"","ocean_menu_typo_transform_tablet":"","ocean_menu_typo_transform_mobile":"","ocean_menu_typo_line_height":0,"ocean_menu_typo_line_height_tablet":0,"ocean_menu_typo_line_height_mobile":0,"ocean_menu_typo_line_height_unit":"","ocean_menu_typo_spacing":0,"ocean_menu_typo_spacing_tablet":0,"ocean_menu_typo_spacing_mobile":0,"ocean_menu_typo_spacing_unit":"","ocean_menu_link_color":"","ocean_menu_link_color_hover":"","ocean_menu_link_color_active":"","ocean_menu_link_background":"","ocean_menu_link_hover_background":"","ocean_menu_link_active_background":"","ocean_menu_social_links_bg":"","ocean_menu_social_hover_links_bg":"","ocean_menu_social_links_color":"","ocean_menu_social_hover_links_color":"","ocean_disable_title":"default","ocean_disable_heading":"default","ocean_post_title":"","ocean_post_subheading":"","ocean_post_title_style":"","ocean_post_title_background_color":"","ocean_post_title_background":0,"ocean_post_title_bg_image_position":"","ocean_post_title_bg_image_attachment":"","ocean_post_title_bg_image_repeat":"","ocean_post_title_bg_image_size":"","ocean_post_title_height":0,"ocean_post_title_bg_overlay":0.5,"ocean_post_title_bg_overlay_color":"","ocean_disable_breadcrumbs":"default","ocean_breadcrumbs_color":"","ocean_breadcrumbs_separator_color":"","ocean_breadcrumbs_links_color":"","ocean_breadcrumbs_links_hover_color":"","ocean_display_footer_widgets":"default","ocean_display_footer_bottom":"default","ocean_custom_footer_template":"0","footnotes":""},"class_list":["post-3910","page","type-page","status-publish","hentry","entry"],"yoast_head":"<!-- This site is optimized with the Yoast SEO plugin v27.4 - https:\/\/yoast.com\/product\/yoast-seo-wordpress\/ -->\n<title>Ihre Werbung auf Gr\u00fcnlandstaudenhof - Gr\u00fcnlandstaudenhof<\/title>\n<meta name=\"description\" content=\"Auf unserer Website \u201eGr\u00fcnlandstaudenhof\u201c erscheinen regelm\u00e4\u00dfig Artikel rund um viele Themen wie zum Beispiel Haus &amp; Garten, Landwirtschaft, Tiere.\" \/>\n<meta name=\"robots\" content=\"index, follow, max-snippet:-1, max-image-preview:large, max-video-preview:-1\" \/>\n<link rel=\"canonical\" href=\"https:\/\/www.gruenlandstaudenhof.de\/cms2\/ihre-werbung-auf-gruenlandstaudenhof\/\" \/>\n<meta property=\"og:locale\" content=\"de_DE\" \/>\n<meta property=\"og:type\" content=\"article\" \/>\n<meta property=\"og:title\" content=\"Ihre Werbung auf Gr\u00fcnlandstaudenhof - Gr\u00fcnlandstaudenhof\" \/>\n<meta property=\"og:description\" content=\"Auf unserer Website \u201eGr\u00fcnlandstaudenhof\u201c erscheinen regelm\u00e4\u00dfig Artikel rund um viele Themen wie zum Beispiel Haus &amp; Garten, Landwirtschaft, Tiere.\" \/>\n<meta property=\"og:url\" content=\"https:\/\/www.gruenlandstaudenhof.de\/cms2\/ihre-werbung-auf-gruenlandstaudenhof\/\" \/>\n<meta property=\"og:site_name\" content=\"Gr\u00fcnlandstaudenhof\" \/>\n<meta property=\"article:publisher\" content=\"https:\/\/www.facebook.com\/gruenlandstaudenhof\" \/>\n<meta property=\"article:modified_time\" content=\"2023-03-09T09:47:42+00:00\" \/>\n<meta property=\"og:image\" content=\"https:\/\/www.gruenlandstaudenhof.de\/cms2\/wp-content\/uploads\/2019\/01\/Logo192.png\" \/>\n\t<meta property=\"og:image:width\" content=\"192\" \/>\n\t<meta property=\"og:image:height\" content=\"192\" \/>\n\t<meta property=\"og:image:type\" content=\"image\/png\" \/>\n<meta name=\"twitter:card\" content=\"summary_large_image\" \/>\n<meta name=\"twitter:site\" content=\"@GSH_Oberhausen\" \/>\n<meta name=\"twitter:label1\" content=\"Gesch\u00e4tzte Lesezeit\" \/>\n\t<meta name=\"twitter:data1\" content=\"5\u00a0Minuten\" \/>\n<!-- \/ Yoast SEO plugin. -->","yoast_head_json":{"title":"Ihre Werbung auf Gr\u00fcnlandstaudenhof - Gr\u00fcnlandstaudenhof","description":"Auf unserer Website \u201eGr\u00fcnlandstaudenhof\u201c erscheinen regelm\u00e4\u00dfig Artikel rund um viele Themen wie zum Beispiel Haus &amp; Garten, Landwirtschaft, Tiere.","robots":{"index":"index","follow":"follow","max-snippet":"max-snippet:-1","max-image-preview":"max-image-preview:large","max-video-preview":"max-video-preview:-1"},"canonical":"https:\/\/www.gruenlandstaudenhof.de\/cms2\/ihre-werbung-auf-gruenlandstaudenhof\/","og_locale":"de_DE","og_type":"article","og_title":"Ihre Werbung auf Gr\u00fcnlandstaudenhof - Gr\u00fcnlandstaudenhof","og_description":"Auf unserer Website \u201eGr\u00fcnlandstaudenhof\u201c erscheinen regelm\u00e4\u00dfig Artikel rund um viele Themen wie zum Beispiel Haus &amp; Garten, Landwirtschaft, Tiere.","og_url":"https:\/\/www.gruenlandstaudenhof.de\/cms2\/ihre-werbung-auf-gruenlandstaudenhof\/","og_site_name":"Gr\u00fcnlandstaudenhof","article_publisher":"https:\/\/www.facebook.com\/gruenlandstaudenhof","article_modified_time":"2023-03-09T09:47:42+00:00","og_image":[{"width":192,"height":192,"url":"https:\/\/www.gruenlandstaudenhof.de\/cms2\/wp-content\/uploads\/2019\/01\/Logo192.png","type":"image\/png"}],"twitter_card":"summary_large_image","twitter_site":"@GSH_Oberhausen","twitter_misc":{"Gesch\u00e4tzte Lesezeit":"5\u00a0Minuten"},"schema":{"@context":"https:\/\/schema.org","@graph":[{"@type":"WebPage","@id":"https:\/\/www.gruenlandstaudenhof.de\/cms2\/ihre-werbung-auf-gruenlandstaudenhof\/","url":"https:\/\/www.gruenlandstaudenhof.de\/cms2\/ihre-werbung-auf-gruenlandstaudenhof\/","name":"Ihre Werbung auf Gr\u00fcnlandstaudenhof - Gr\u00fcnlandstaudenhof","isPartOf":{"@id":"https:\/\/www.gruenlandstaudenhof.de\/cms2\/#website"},"datePublished":"2022-02-23T08:48:58+00:00","dateModified":"2023-03-09T09:47:42+00:00","description":"Auf unserer Website \u201eGr\u00fcnlandstaudenhof\u201c erscheinen regelm\u00e4\u00dfig Artikel rund um viele Themen wie zum Beispiel Haus &amp; Garten, Landwirtschaft, Tiere.","breadcrumb":{"@id":"https:\/\/www.gruenlandstaudenhof.de\/cms2\/ihre-werbung-auf-gruenlandstaudenhof\/#breadcrumb"},"inLanguage":"de","potentialAction":[{"@type":"ReadAction","target":["https:\/\/www.gruenlandstaudenhof.de\/cms2\/ihre-werbung-auf-gruenlandstaudenhof\/"]}]},{"@type":"BreadcrumbList","@id":"https:\/\/www.gruenlandstaudenhof.de\/cms2\/ihre-werbung-auf-gruenlandstaudenhof\/#breadcrumb","itemListElement":[{"@type":"ListItem","position":1,"name":"Startseite","item":"https:\/\/www.gruenlandstaudenhof.de\/cms2\/"},{"@type":"ListItem","position":2,"name":"Ihre Werbung auf Gr\u00fcnlandstaudenhof"}]},{"@type":"WebSite","@id":"https:\/\/www.gruenlandstaudenhof.de\/cms2\/#website","url":"https:\/\/www.gruenlandstaudenhof.de\/cms2\/","name":"Gr\u00fcnlandstaudenhof","description":"Landwirtschaft, Gartenbau, Landhandel","publisher":{"@id":"https:\/\/www.gruenlandstaudenhof.de\/cms2\/#organization"},"potentialAction":[{"@type":"SearchAction","target":{"@type":"EntryPoint","urlTemplate":"https:\/\/www.gruenlandstaudenhof.de\/cms2\/?s={search_term_string}"},"query-input":{"@type":"PropertyValueSpecification","valueRequired":true,"valueName":"search_term_string"}}],"inLanguage":"de"},{"@type":"Organization","@id":"https:\/\/www.gruenlandstaudenhof.de\/cms2\/#organization","name":"Gr\u00fcnlandstaudenhof","url":"https:\/\/www.gruenlandstaudenhof.de\/cms2\/","logo":{"@type":"ImageObject","inLanguage":"de","@id":"https:\/\/www.gruenlandstaudenhof.de\/cms2\/#\/schema\/logo\/image\/","url":"https:\/\/www.gruenlandstaudenhof.de\/cms2\/wp-content\/uploads\/2016\/03\/logo_briefkopf_OT.png","contentUrl":"https:\/\/www.gruenlandstaudenhof.de\/cms2\/wp-content\/uploads\/2016\/03\/logo_briefkopf_OT.png","width":504,"height":504,"caption":"Gr\u00fcnlandstaudenhof"},"image":{"@id":"https:\/\/www.gruenlandstaudenhof.de\/cms2\/#\/schema\/logo\/image\/"},"sameAs":["https:\/\/www.facebook.com\/gruenlandstaudenhof","https:\/\/x.com\/GSH_Oberhausen","https:\/\/www.instagram.com\/gruenlandstaudenhof\/"]}]}},"uagb_featured_image_src":{"full":false,"thumbnail":false,"medium":false,"medium_large":false,"large":false,"1536x1536":false,"2048x2048":false,"ocean-thumb-m":false,"ocean-thumb-ml":false,"ocean-thumb-l":false},"uagb_author_info":{"display_name":"Administrator","author_link":"https:\/\/www.gruenlandstaudenhof.de\/cms2\/author\/administrator\/"},"uagb_comment_info":0,"uagb_excerpt":"Auf unserer Website \u201eGr\u00fcnlandstaudenhof\u201c erscheinen regelm\u00e4\u00dfig Artikel rund um viele Themen wie zum Beispiel Haus &amp; Garten, Landwirtschaft, Tiere. Unter anderem bieten wir umfangreiche Ratgeber, Vergleiche und Berichte an. Parallel dazu bieten wir moderne Paketwerbung an. Wir k\u00f6nnen unseren Sendungen z.B. Flyer von Ihnen beilegen. Unsere Werbefl\u00e4chen Auf unserem Blog k\u00f6nnen Sie folgende Werbefl\u00e4chen mieten.&hellip;","_links":{"self":[{"href":"https:\/\/www.gruenlandstaudenhof.de\/cms2\/wp-json\/wp\/v2\/pages\/3910","targetHints":{"allow":["GET"]}}],"collection":[{"href":"https:\/\/www.gruenlandstaudenhof.de\/cms2\/wp-json\/wp\/v2\/pages"}],"about":[{"href":"https:\/\/www.gruenlandstaudenhof.de\/cms2\/wp-json\/wp\/v2\/types\/page"}],"author":[{"embeddable":true,"href":"https:\/\/www.gruenlandstaudenhof.de\/cms2\/wp-json\/wp\/v2\/users\/1"}],"replies":[{"embeddable":true,"href":"https:\/\/www.gruenlandstaudenhof.de\/cms2\/wp-json\/wp\/v2\/comments?post=3910"}],"version-history":[{"count":0,"href":"https:\/\/www.gruenlandstaudenhof.de\/cms2\/wp-json\/wp\/v2\/pages\/3910\/revisions"}],"wp:attachment":[{"href":"https:\/\/www.gruenlandstaudenhof.de\/cms2\/wp-json\/wp\/v2\/media?parent=3910"}],"curies":[{"name":"wp","href":"https:\/\/api.w.org\/{rel}","templated":true}]}}