{"id":4,"date":"2015-09-05T14:25:17","date_gmt":"2015-09-05T12:25:17","guid":{"rendered":"http:\/\/www.gruenlandstaudenhof.de\/cms2\/?page_id=4"},"modified":"2025-07-20T10:13:22","modified_gmt":"2025-07-20T08:13:22","slug":"impressum","status":"publish","type":"page","link":"https:\/\/www.gruenlandstaudenhof.de\/cms2\/impressum\/","title":{"rendered":"Impressum"},"content":{"rendered":"\n<p>Walter Rei\u00dfner<br>Gr\u00fcnlandstaudenhof<br>Am T\u00fcsselbeck 56<br>46147 Oberhausen<br>Deutschland<\/p>\n\n\n\n<p>Tel.: 0208 69835044<br>E-Mail: info@gruenlandstaudenhof.de<\/p>\n\n\n\n<p>Umsatzsteuer-Identifikationsnummer: DE292776192<\/p>\n\n\n\n<p>Wirtschafts-Identifikationsnummer: DE292776192-00001<\/p>\n\n\n\n<p>Verantwortliche\/r i.S.d. \u00a7 18 Abs. 2 MStV:<br>Walter Rei\u00dfner, Am T\u00fcsselbeck 56, 46147 Oberhausen<\/p>\n\n\n\n<p>Zust\u00e4ndige Aufsichtsbeh\u00f6rde f\u00fcr das Angebot audiovisueller Mediendienste:<br>Landesanstalt f\u00fcr Medien NRW, Zollhof 2, 40221 D\u00fcsseldorf, Deutschland<\/p>\n\n\n\n<p>Wir sind zur Teilnahme an einem Streitbeilegungsverfahren vor einer Verbraucherschlichtungsstelle weder verpflichtet noch bereit.<\/p>\n\n\n\n<figure class=\"wp-block-image\"><img decoding=\"async\" src=\"https:\/\/www.it-recht-kanzlei.de\/gfx\/Logos\/logo-fairness-160.png\" alt=\"\"\/><\/figure>\n\n\n\n<p>Mitglied der Initiative &#8220;Fairness im Handel&#8221;.<br>N\u00e4here Informationen: <a target=\"_blank\" href=\"https:\/\/www.fairness-im-handel.de\" rel=\"noreferrer noopener\">https:\/\/www.fairness-im-handel.de<\/a><\/p>\n","protected":false},"excerpt":{"rendered":"<p>Walter Rei\u00dfnerGr\u00fcnlandstaudenhofAm T\u00fcsselbeck 5646147 OberhausenDeutschland Tel.: 0208 69835044E-Mail: info@gruenlandstaudenhof.de Umsatzsteuer-Identifikationsnummer: DE292776192 Wirtschafts-Identifikationsnummer: DE292776192-00001 Verantwortliche\/r i.S.d. \u00a7 18 Abs. 2 MStV:Walter Rei\u00dfner, Am T\u00fcsselbeck 56, 46147 Oberhausen Zust\u00e4ndige Aufsichtsbeh\u00f6rde f\u00fcr das Angebot audiovisueller Mediendienste:Landesanstalt f\u00fcr Medien NRW, Zollhof 2, 40221 D\u00fcsseldorf, Deutschland Wir sind zur Teilnahme an einem Streitbeilegungsverfahren vor einer Verbraucherschlichtungsstelle weder verpflichtet noch bereit. [&hellip;]<\/p>\n","protected":false},"author":1,"featured_media":0,"parent":0,"menu_order":0,"comment_status":"closed","ping_status":"closed","template":"","meta":{"_uag_custom_page_level_css":"","ocean_post_layout":"","ocean_both_sidebars_style":"","ocean_both_sidebars_content_width":0,"ocean_both_sidebars_sidebars_width":0,"ocean_sidebar":"","ocean_second_sidebar":"","ocean_disable_margins":"enable","ocean_add_body_class":"","ocean_shortcode_before_top_bar":"","ocean_shortcode_after_top_bar":"","ocean_shortcode_before_header":"","ocean_shortcode_after_header":"","ocean_has_shortcode":"","ocean_shortcode_after_title":"","ocean_shortcode_before_footer_widgets":"","ocean_shortcode_after_footer_widgets":"","ocean_shortcode_before_footer_bottom":"","ocean_shortcode_after_footer_bottom":"","ocean_display_top_bar":"default","ocean_display_header":"default","ocean_header_style":"","ocean_center_header_left_menu":"","ocean_custom_header_template":"","ocean_custom_logo":0,"ocean_custom_retina_logo":0,"ocean_custom_logo_max_width":0,"ocean_custom_logo_tablet_max_width":0,"ocean_custom_logo_mobile_max_width":0,"ocean_custom_logo_max_height":0,"ocean_custom_logo_tablet_max_height":0,"ocean_custom_logo_mobile_max_height":0,"ocean_header_custom_menu":"","ocean_menu_typo_font_family":"","ocean_menu_typo_font_subset":"","ocean_menu_typo_font_size":0,"ocean_menu_typo_font_size_tablet":0,"ocean_menu_typo_font_size_mobile":0,"ocean_menu_typo_font_size_unit":"px","ocean_menu_typo_font_weight":"","ocean_menu_typo_font_weight_tablet":"","ocean_menu_typo_font_weight_mobile":"","ocean_menu_typo_transform":"","ocean_menu_typo_transform_tablet":"","ocean_menu_typo_transform_mobile":"","ocean_menu_typo_line_height":0,"ocean_menu_typo_line_height_tablet":0,"ocean_menu_typo_line_height_mobile":0,"ocean_menu_typo_line_height_unit":"","ocean_menu_typo_spacing":0,"ocean_menu_typo_spacing_tablet":0,"ocean_menu_typo_spacing_mobile":0,"ocean_menu_typo_spacing_unit":"","ocean_menu_link_color":"","ocean_menu_link_color_hover":"","ocean_menu_link_color_active":"","ocean_menu_link_background":"","ocean_menu_link_hover_background":"","ocean_menu_link_active_background":"","ocean_menu_social_links_bg":"","ocean_menu_social_hover_links_bg":"","ocean_menu_social_links_color":"","ocean_menu_social_hover_links_color":"","ocean_disable_title":"default","ocean_disable_heading":"default","ocean_post_title":"","ocean_post_subheading":"","ocean_post_title_style":"","ocean_post_title_background_color":"","ocean_post_title_background":0,"ocean_post_title_bg_image_position":"","ocean_post_title_bg_image_attachment":"","ocean_post_title_bg_image_repeat":"","ocean_post_title_bg_image_size":"","ocean_post_title_height":0,"ocean_post_title_bg_overlay":0.5,"ocean_post_title_bg_overlay_color":"","ocean_disable_breadcrumbs":"default","ocean_breadcrumbs_color":"","ocean_breadcrumbs_separator_color":"","ocean_breadcrumbs_links_color":"","ocean_breadcrumbs_links_hover_color":"","ocean_display_footer_widgets":"default","ocean_display_footer_bottom":"default","ocean_custom_footer_template":"","footnotes":""},"class_list":["post-4","page","type-page","status-publish","hentry","entry"],"yoast_head":"<!-- This site is optimized with the Yoast SEO plugin v27.3 - https:\/\/yoast.com\/product\/yoast-seo-wordpress\/ -->\n<title>Impressum - Gr\u00fcnlandstaudenhof<\/title>\n<meta name=\"description\" content=\"Walter Rei\u00dfnerGr\u00fcnlandstaudenhofAm T\u00fcsselbeck 5646147 OberhausenDeutschland Tel.: 0208 69835044E-Mail: info@gruenlandstaudenhof.de\" \/>\n<meta name=\"robots\" content=\"noindex, nofollow\" \/>\n<meta property=\"og:locale\" content=\"de_DE\" \/>\n<meta property=\"og:type\" content=\"article\" \/>\n<meta property=\"og:title\" content=\"Impressum - Gr\u00fcnlandstaudenhof\" \/>\n<meta property=\"og:description\" content=\"Walter Rei\u00dfnerGr\u00fcnlandstaudenhofAm T\u00fcsselbeck 5646147 OberhausenDeutschland Tel.: 0208 69835044E-Mail: info@gruenlandstaudenhof.de\" \/>\n<meta property=\"og:url\" content=\"https:\/\/www.gruenlandstaudenhof.de\/cms2\/impressum\/\" \/>\n<meta property=\"og:site_name\" content=\"Gr\u00fcnlandstaudenhof\" \/>\n<meta property=\"article:publisher\" content=\"https:\/\/www.facebook.com\/gruenlandstaudenhof\" \/>\n<meta property=\"article:modified_time\" content=\"2025-07-20T08:13:22+00:00\" \/>\n<meta property=\"og:image\" content=\"https:\/\/www.it-recht-kanzlei.de\/gfx\/Logos\/logo-fairness-160.png\" \/>\n<meta name=\"twitter:card\" content=\"summary_large_image\" \/>\n<meta name=\"twitter:site\" content=\"@GSH_Oberhausen\" \/>\n<meta name=\"twitter:label1\" content=\"Gesch\u00e4tzte Lesezeit\" \/>\n\t<meta name=\"twitter:data1\" content=\"1\u00a0Minute\" \/>\n<!-- \/ Yoast SEO plugin. -->","yoast_head_json":{"title":"Impressum - Gr\u00fcnlandstaudenhof","description":"Walter Rei\u00dfnerGr\u00fcnlandstaudenhofAm T\u00fcsselbeck 5646147 OberhausenDeutschland Tel.: 0208 69835044E-Mail: info@gruenlandstaudenhof.de","robots":{"index":"noindex","follow":"nofollow"},"og_locale":"de_DE","og_type":"article","og_title":"Impressum - Gr\u00fcnlandstaudenhof","og_description":"Walter Rei\u00dfnerGr\u00fcnlandstaudenhofAm T\u00fcsselbeck 5646147 OberhausenDeutschland Tel.: 0208 69835044E-Mail: info@gruenlandstaudenhof.de","og_url":"https:\/\/www.gruenlandstaudenhof.de\/cms2\/impressum\/","og_site_name":"Gr\u00fcnlandstaudenhof","article_publisher":"https:\/\/www.facebook.com\/gruenlandstaudenhof","article_modified_time":"2025-07-20T08:13:22+00:00","og_image":[{"url":"https:\/\/www.it-recht-kanzlei.de\/gfx\/Logos\/logo-fairness-160.png","type":"","width":"","height":""}],"twitter_card":"summary_large_image","twitter_site":"@GSH_Oberhausen","twitter_misc":{"Gesch\u00e4tzte Lesezeit":"1\u00a0Minute"},"schema":{"@context":"https:\/\/schema.org","@graph":[{"@type":"WebPage","@id":"https:\/\/www.gruenlandstaudenhof.de\/cms2\/impressum\/","url":"https:\/\/www.gruenlandstaudenhof.de\/cms2\/impressum\/","name":"Impressum - Gr\u00fcnlandstaudenhof","isPartOf":{"@id":"https:\/\/www.gruenlandstaudenhof.de\/cms2\/#website"},"primaryImageOfPage":{"@id":"https:\/\/www.gruenlandstaudenhof.de\/cms2\/impressum\/#primaryimage"},"image":{"@id":"https:\/\/www.gruenlandstaudenhof.de\/cms2\/impressum\/#primaryimage"},"thumbnailUrl":"https:\/\/www.it-recht-kanzlei.de\/gfx\/Logos\/logo-fairness-160.png","datePublished":"2015-09-05T12:25:17+00:00","dateModified":"2025-07-20T08:13:22+00:00","description":"Walter Rei\u00dfnerGr\u00fcnlandstaudenhofAm T\u00fcsselbeck 5646147 OberhausenDeutschland Tel.: 0208 69835044E-Mail: info@gruenlandstaudenhof.de","breadcrumb":{"@id":"https:\/\/www.gruenlandstaudenhof.de\/cms2\/impressum\/#breadcrumb"},"inLanguage":"de","potentialAction":[{"@type":"ReadAction","target":["https:\/\/www.gruenlandstaudenhof.de\/cms2\/impressum\/"]}]},{"@type":"ImageObject","inLanguage":"de","@id":"https:\/\/www.gruenlandstaudenhof.de\/cms2\/impressum\/#primaryimage","url":"https:\/\/www.it-recht-kanzlei.de\/gfx\/Logos\/logo-fairness-160.png","contentUrl":"https:\/\/www.it-recht-kanzlei.de\/gfx\/Logos\/logo-fairness-160.png"},{"@type":"BreadcrumbList","@id":"https:\/\/www.gruenlandstaudenhof.de\/cms2\/impressum\/#breadcrumb","itemListElement":[{"@type":"ListItem","position":1,"name":"Startseite","item":"https:\/\/www.gruenlandstaudenhof.de\/cms2\/"},{"@type":"ListItem","position":2,"name":"Impressum"}]},{"@type":"WebSite","@id":"https:\/\/www.gruenlandstaudenhof.de\/cms2\/#website","url":"https:\/\/www.gruenlandstaudenhof.de\/cms2\/","name":"Gr\u00fcnlandstaudenhof","description":"Landwirtschaft, Gartenbau, Landhandel","publisher":{"@id":"https:\/\/www.gruenlandstaudenhof.de\/cms2\/#organization"},"potentialAction":[{"@type":"SearchAction","target":{"@type":"EntryPoint","urlTemplate":"https:\/\/www.gruenlandstaudenhof.de\/cms2\/?s={search_term_string}"},"query-input":{"@type":"PropertyValueSpecification","valueRequired":true,"valueName":"search_term_string"}}],"inLanguage":"de"},{"@type":"Organization","@id":"https:\/\/www.gruenlandstaudenhof.de\/cms2\/#organization","name":"Gr\u00fcnlandstaudenhof","url":"https:\/\/www.gruenlandstaudenhof.de\/cms2\/","logo":{"@type":"ImageObject","inLanguage":"de","@id":"https:\/\/www.gruenlandstaudenhof.de\/cms2\/#\/schema\/logo\/image\/","url":"https:\/\/www.gruenlandstaudenhof.de\/cms2\/wp-content\/uploads\/2016\/03\/logo_briefkopf_OT.png","contentUrl":"https:\/\/www.gruenlandstaudenhof.de\/cms2\/wp-content\/uploads\/2016\/03\/logo_briefkopf_OT.png","width":504,"height":504,"caption":"Gr\u00fcnlandstaudenhof"},"image":{"@id":"https:\/\/www.gruenlandstaudenhof.de\/cms2\/#\/schema\/logo\/image\/"},"sameAs":["https:\/\/www.facebook.com\/gruenlandstaudenhof","https:\/\/x.com\/GSH_Oberhausen","https:\/\/www.instagram.com\/gruenlandstaudenhof\/"]}]}},"uagb_featured_image_src":{"full":false,"thumbnail":false,"medium":false,"medium_large":false,"large":false,"1536x1536":false,"2048x2048":false,"ocean-thumb-m":false,"ocean-thumb-ml":false,"ocean-thumb-l":false},"uagb_author_info":{"display_name":"Administrator","author_link":"https:\/\/www.gruenlandstaudenhof.de\/cms2\/author\/administrator\/"},"uagb_comment_info":0,"uagb_excerpt":"Walter Rei\u00dfnerGr\u00fcnlandstaudenhofAm T\u00fcsselbeck 5646147 OberhausenDeutschland Tel.: 0208 69835044E-Mail: info@gruenlandstaudenhof.de Umsatzsteuer-Identifikationsnummer: DE292776192 Wirtschafts-Identifikationsnummer: DE292776192-00001 Verantwortliche\/r i.S.d. \u00a7 18 Abs. 2 MStV:Walter Rei\u00dfner, Am T\u00fcsselbeck 56, 46147 Oberhausen Zust\u00e4ndige Aufsichtsbeh\u00f6rde f\u00fcr das Angebot audiovisueller Mediendienste:Landesanstalt f\u00fcr Medien NRW, Zollhof 2, 40221 D\u00fcsseldorf, Deutschland Wir sind zur Teilnahme an einem Streitbeilegungsverfahren vor einer Verbraucherschlichtungsstelle weder verpflichtet noch bereit.&hellip;","_links":{"self":[{"href":"https:\/\/www.gruenlandstaudenhof.de\/cms2\/wp-json\/wp\/v2\/pages\/4","targetHints":{"allow":["GET"]}}],"collection":[{"href":"https:\/\/www.gruenlandstaudenhof.de\/cms2\/wp-json\/wp\/v2\/pages"}],"about":[{"href":"https:\/\/www.gruenlandstaudenhof.de\/cms2\/wp-json\/wp\/v2\/types\/page"}],"author":[{"embeddable":true,"href":"https:\/\/www.gruenlandstaudenhof.de\/cms2\/wp-json\/wp\/v2\/users\/1"}],"replies":[{"embeddable":true,"href":"https:\/\/www.gruenlandstaudenhof.de\/cms2\/wp-json\/wp\/v2\/comments?post=4"}],"version-history":[{"count":0,"href":"https:\/\/www.gruenlandstaudenhof.de\/cms2\/wp-json\/wp\/v2\/pages\/4\/revisions"}],"wp:attachment":[{"href":"https:\/\/www.gruenlandstaudenhof.de\/cms2\/wp-json\/wp\/v2\/media?parent=4"}],"curies":[{"name":"wp","href":"https:\/\/api.w.org\/{rel}","templated":true}]}}