{"id":4196,"date":"2022-07-13T11:28:54","date_gmt":"2022-07-13T09:28:54","guid":{"rendered":"https:\/\/www.gruenlandstaudenhof.de\/cms2\/?page_id=4196"},"modified":"2024-04-05T11:15:40","modified_gmt":"2024-04-05T09:15:40","slug":"agrar-patenschaft","status":"publish","type":"page","link":"https:\/\/www.gruenlandstaudenhof.de\/cms2\/agrar-patenschaft\/","title":{"rendered":"Agrar-Patenschaft"},"content":{"rendered":"\n<p>Werden Sie Teil der \u00f6kologisch-sozialen Landwirtschaft im Zuge eines Crowdfundings.<\/p>\n\n\n\n<p>Mit unserer Agrar-Patenschaft investieren, unterst\u00fctzen und partizipieren Sie in nachhaltige und naturnahe Landwirtschaft.<\/p>\n\n\n\n<p>F\u00fcr einen j\u00e4hrlichen Beitrag erhalten Sie einen definierten Anteil an Obst und Gem\u00fcse aus unserem Sortiment. Im Falle eines \u00dcberschusses erhalten Sie einen \u00dcberschussanteil. Zudem erhalten Sie als aktiver Pate Zugang zu unseren Sonderaktionen exklusiv f\u00fcr Paten.<\/p>\n\n\n\n<h2 class=\"wp-block-heading\">Informationen zum Anteil<\/h2>\n\n\n\n<figure class=\"wp-block-table\"><table><tbody><tr><td><strong>Laufzeit:<\/strong><\/td><td>1 Jahr<\/td><\/tr><tr><td><strong>Mindestmenge an Obst \/ Gem\u00fcse in der Laufzeit:<\/strong><\/td><td>60\u00a0kg<\/td><\/tr><tr><td><strong>Preis pro Jahr:<\/strong><\/td><td>255,00 \u20ac<\/td><\/tr><\/tbody><\/table><\/figure>\n\n\n<div class=\"wp-block-image\">\n<figure class=\"alignright size-large is-resized\"><img loading=\"lazy\" decoding=\"async\" src=\"https:\/\/www.gruenlandstaudenhof.de\/cms2\/wp-content\/uploads\/2022\/07\/IMG-20220712-WA0000-576x1024.jpg\" alt=\"\" class=\"wp-image-4197\" width=\"288\" height=\"512\" srcset=\"https:\/\/www.gruenlandstaudenhof.de\/cms2\/wp-content\/uploads\/2022\/07\/IMG-20220712-WA0000-576x1024.jpg 576w, https:\/\/www.gruenlandstaudenhof.de\/cms2\/wp-content\/uploads\/2022\/07\/IMG-20220712-WA0000-169x300.jpg 169w, https:\/\/www.gruenlandstaudenhof.de\/cms2\/wp-content\/uploads\/2022\/07\/IMG-20220712-WA0000-768x1365.jpg 768w, https:\/\/www.gruenlandstaudenhof.de\/cms2\/wp-content\/uploads\/2022\/07\/IMG-20220712-WA0000-864x1536.jpg 864w, https:\/\/www.gruenlandstaudenhof.de\/cms2\/wp-content\/uploads\/2022\/07\/IMG-20220712-WA0000.jpg 900w\" sizes=\"auto, (max-width: 288px) 100vw, 288px\" \/><\/figure>\n<\/div>\n\n\n<h2 class=\"wp-block-heading\">FairUse<\/h2>\n\n\n\n<p>Wie sich der Anteil an Obst und Gem\u00fcse zusammensetzt, ist saisonal und ernteabh\u00e4ngig. Es besteht kein Anspruch auf ein ganz bestimmtes Produkt oder auf eine ganze bestimmte Menge eines Produktes. Es wird keine Garantie gegeben, dass eine \u00dcberproduktion stattfindet. Bei schlechten Witterungsverh\u00e4ltnissen kann ein Teil der Ernte ausfallen. Es gibt kein Anspruch auf ganz bestimmte Sonderaktionen oder auf Sonderaktionen zu bestimmten Zeiten. Die Sonderaktionen werden nach unserem Ermessen angeboten und k\u00f6nnen von Ihnen freiwillig angenommen werden.<\/p>\n\n\n\n<h2 class=\"wp-block-heading\">Abholtermine<\/h2>\n\n\n\n<p>Die Abholtermine werden immer alle 14 Tage stattfinden.<\/p>\n\n\n\n<p>Der vereinbarte Abholtermin \/ Abholzeitraum ist dann verbindlich. Erfolgt keine Abholung, verf\u00e4llt der entsprechende Anteil ohne Kompensation.<\/p>\n\n\n\n<p>Restmengen verfallen nach Ablauf der Laufzeit.<\/p>\n\n\n\n<h2 class=\"wp-block-heading\">Wichtige Informationen zu Patenschaften<\/h2>\n\n\n\n<p>Die von uns angebotene Patenschaften sind rein symbolischer Natur. Aus der Patenschaft erwachsen sonst keine Anspr\u00fcche oder Rechte an uns.<\/p>\n\n\n\n<h2 class=\"wp-block-heading\">Interesse, die heimische Landwirtschaft zu unterst\u00fctzen?<\/h2>\n\n\n\n<p>F\u00fcllen Sie das folgende Formular aus und sichern Sie sich Ihre pers\u00f6nliche Agrar-Patenschaft. Nach dem Ausf\u00fcllen und abschicken melden wir uns schnellstm\u00f6glich bei Ihnen.<\/p>\n\n\n\n<div class=\"wp-block-contact-form-7-contact-form-selector\">\n<div class=\"wpcf7 no-js\" id=\"wpcf7-f4202-o1\" lang=\"de-DE\" dir=\"ltr\" data-wpcf7-id=\"4202\">\n<div class=\"screen-reader-response\"><p role=\"status\" aria-live=\"polite\" aria-atomic=\"true\"><\/p> <ul><\/ul><\/div>\n<form action=\"\/cms2\/wp-json\/wp\/v2\/pages\/4196#wpcf7-f4202-o1\" method=\"post\" class=\"wpcf7-form init wpcf7-acceptance-as-validation\" aria-label=\"Kontaktformular\" novalidate=\"novalidate\" data-status=\"init\">\n<fieldset class=\"hidden-fields-container\"><input type=\"hidden\" name=\"_wpcf7\" value=\"4202\" \/><input type=\"hidden\" name=\"_wpcf7_version\" value=\"6.1.5\" \/><input type=\"hidden\" name=\"_wpcf7_locale\" value=\"de_DE\" \/><input type=\"hidden\" name=\"_wpcf7_unit_tag\" value=\"wpcf7-f4202-o1\" \/><input type=\"hidden\" name=\"_wpcf7_container_post\" value=\"0\" \/><input type=\"hidden\" name=\"_wpcf7_posted_data_hash\" value=\"\" \/><input type=\"hidden\" name=\"_wpcf7cf_hidden_group_fields\" value=\"[]\" \/><input type=\"hidden\" name=\"_wpcf7cf_hidden_groups\" value=\"[]\" \/><input type=\"hidden\" name=\"_wpcf7cf_visible_groups\" value=\"[]\" \/><input type=\"hidden\" name=\"_wpcf7cf_repeaters\" value=\"[]\" \/><input type=\"hidden\" name=\"_wpcf7cf_steps\" value=\"{}\" \/><input type=\"hidden\" name=\"_wpcf7cf_options\" value=\"{&quot;form_id&quot;:4202,&quot;conditions&quot;:[],&quot;settings&quot;:{&quot;animation&quot;:&quot;yes&quot;,&quot;animation_intime&quot;:200,&quot;animation_outtime&quot;:200,&quot;conditions_ui&quot;:&quot;normal&quot;,&quot;notice_dismissed&quot;:false}}\" \/>\n<\/fieldset>\n<p><label><b>Menge:<\/b><br \/>\n<span class=\"wpcf7-form-control-wrap\" data-name=\"Menge\"><select class=\"wpcf7-form-control wpcf7-select wpcf7-validates-as-required\" aria-required=\"true\" aria-invalid=\"false\" name=\"Menge\"><option value=\"60 kg\">60 kg<\/option><option value=\"120 kg\">120 kg<\/option><option value=\"240 kg\">240 kg<\/option><option value=\"360 kg\">360 kg<\/option><option value=\"480 kg\">480 kg<\/option><\/select><\/span><br \/>\n<\/label>\n<\/p>\n<p><label>Vorname:<br \/>\n<span class=\"wpcf7-form-control-wrap\" data-name=\"Vorname\"><input size=\"40\" maxlength=\"400\" class=\"wpcf7-form-control wpcf7-text wpcf7-validates-as-required\" aria-required=\"true\" aria-invalid=\"false\" value=\"\" type=\"text\" name=\"Vorname\" \/><\/span><br \/>\n<\/label>\n<\/p>\n<p><label>Nachname:<br \/>\n<span class=\"wpcf7-form-control-wrap\" data-name=\"Nachname\"><input size=\"40\" maxlength=\"400\" class=\"wpcf7-form-control wpcf7-text wpcf7-validates-as-required\" aria-required=\"true\" aria-invalid=\"false\" value=\"\" type=\"text\" name=\"Nachname\" \/><\/span><br \/>\n<\/label>\n<\/p>\n<p><label>Stra\u00dfe und Hausnummer:<br \/>\n<span class=\"wpcf7-form-control-wrap\" data-name=\"StrHnr\"><input size=\"40\" maxlength=\"400\" class=\"wpcf7-form-control wpcf7-text wpcf7-validates-as-required\" aria-required=\"true\" aria-invalid=\"false\" value=\"\" type=\"text\" name=\"StrHnr\" \/><\/span><br \/>\n<\/label>\n<\/p>\n<p><label>Postleitzahl:<br \/>\n<span class=\"wpcf7-form-control-wrap\" data-name=\"PLZ\"><input size=\"40\" maxlength=\"400\" class=\"wpcf7-form-control wpcf7-text wpcf7-validates-as-required\" aria-required=\"true\" aria-invalid=\"false\" value=\"\" type=\"text\" name=\"PLZ\" \/><\/span><br \/>\n<\/label>\n<\/p>\n<p><label>Ort:<br \/>\n<span class=\"wpcf7-form-control-wrap\" data-name=\"Ort\"><input size=\"40\" maxlength=\"400\" class=\"wpcf7-form-control wpcf7-text wpcf7-validates-as-required\" aria-required=\"true\" aria-invalid=\"false\" value=\"\" type=\"text\" name=\"Ort\" \/><\/span><br \/>\n<\/label>\n<\/p>\n<p><label>Land:<br \/>\n<span class=\"wpcf7-form-control-wrap\" data-name=\"Land\"><input size=\"40\" maxlength=\"400\" class=\"wpcf7-form-control wpcf7-text wpcf7-validates-as-required\" aria-required=\"true\" aria-invalid=\"false\" value=\"Deutschland\" type=\"text\" name=\"Land\" \/><\/span><br \/>\n<\/label>\n<\/p>\n<p><label>E-Mail Adresse:<br \/>\n<span class=\"wpcf7-form-control-wrap\" data-name=\"eMailAdresse\"><input size=\"40\" maxlength=\"400\" class=\"wpcf7-form-control wpcf7-email wpcf7-validates-as-required wpcf7-text wpcf7-validates-as-email\" aria-required=\"true\" aria-invalid=\"false\" value=\"\" type=\"email\" name=\"eMailAdresse\" \/><\/span><br \/>\n<\/label>\n<\/p>\n<p><label>Telefonnummer:<br \/>\n<span class=\"wpcf7-form-control-wrap\" data-name=\"Tel\"><input size=\"40\" maxlength=\"400\" class=\"wpcf7-form-control wpcf7-tel wpcf7-text wpcf7-validates-as-tel\" aria-invalid=\"false\" value=\"\" type=\"tel\" name=\"Tel\" \/><\/span><br \/>\n<\/label><br \/>\n<span id=\"wpcf7-69f3c4d0cba1b-wrapper\" class=\"wpcf7-form-control-wrap Telenonnummer-wrap\" style=\"display:none !important; visibility:hidden !important;\"><label for=\"wpcf7-69f3c4d0cba1b-field\" class=\"hp-message\">Bitte lasse dieses Feld leer.<\/label><input id=\"wpcf7-69f3c4d0cba1b-field\"  class=\"wpcf7-form-control wpcf7-text\" type=\"text\" name=\"Telenonnummer\" value=\"\" size=\"40\" tabindex=\"-1\" autocomplete=\"new-password\" \/><\/span><br \/>\n<span id=\"wpcf7-69f3c4d0cbaa8-wrapper\" class=\"wpcf7-form-control-wrap Website-wrap\" style=\"display:none !important; visibility:hidden !important;\"><label for=\"wpcf7-69f3c4d0cbaa8-field\" class=\"hp-message\">Bitte lasse dieses Feld leer.<\/label><input id=\"wpcf7-69f3c4d0cbaa8-field\"  class=\"wpcf7-form-control wpcf7-text\" type=\"text\" name=\"Website\" value=\"\" size=\"40\" tabindex=\"-1\" autocomplete=\"new-password\" \/><\/span><br \/>\n<span id=\"wpcf7-69f3c4d0cbb05-wrapper\" class=\"wpcf7-form-control-wrap Message-wrap\" style=\"display:none !important; visibility:hidden !important;\"><label for=\"wpcf7-69f3c4d0cbb05-field\" class=\"hp-message\">Bitte lasse dieses Feld leer.<\/label><input id=\"wpcf7-69f3c4d0cbb05-field\"  class=\"wpcf7-form-control wpcf7-text\" type=\"text\" name=\"Message\" value=\"\" size=\"40\" tabindex=\"-1\" autocomplete=\"new-password\" \/><\/span>\n<\/p>\n<p>Bitte beachten Sie unsere <a href=\"https:\/\/www.gruenlandstaudenhof.de\/Shop\/Datenschutz\" target=\"_blank\">Datenschutzerkl\u00e4rung<\/a>.\n<\/p>\n<p><input class=\"wpcf7-form-control wpcf7-submit has-spinner\" type=\"submit\" value=\"Anfrage absenden\" \/>\n<\/p><div class=\"wpcf7-response-output\" aria-hidden=\"true\"><\/div>\n<\/form>\n<\/div>\n<\/div>\n\n\n\n<h2 class=\"wp-block-heading\">FAQ<\/h2>\n\n\n\n<p><strong>Wof\u00fcr wird das Geld genutzt?<\/strong><\/p>\n\n\n\n<p>Wir investieren in<\/p>\n\n\n\n<p>a) neue Fl\u00e4chen<\/p>\n\n\n\n<p>b) Stellungen<\/p>\n\n\n\n<p>c) Tierrettung<\/p>\n\n\n\n<p>d) Tierzucht u.\u00a0a. K\u00fcken, alte (u.\u00a0a. vom Aussterben bedrohte) Tierrassen<\/p>\n\n\n\n<p>e) Nachhaltige Energieerzeugung<\/p>\n\n\n\n<p>f) und vieles mehr, kommen Sie gerne bei uns am Hofladen vorbei und schauen Sie sich gerne um.<\/p>\n\n\n\n<p><strong>Wann kann ich meinen Anteil abholen?<\/strong><\/p>\n\n\n\n<p>Sie k\u00f6nnen ihren Anteil am jeweiligen verbindlichen Verteilungstag zu den ordentlichen \u00d6ffnungszeiten abholen.<\/p>\n\n\n\n<p><strong>Ich kann keinen Anteil nicht abholen, was kann ich tun?<\/strong><\/p>\n\n\n\n<p>Wenn sie ihren Anteil selbst nicht abholen k\u00f6nnen, k\u00f6nnen Sie jemanden bevollm\u00e4chtigen ihren Anteil abzuholen oder diesen auch spenden. Bitte geben Sie uns dazu 3 Tage voraus Bescheid.<\/p>\n\n\n\n<p>Wenn Sie bis zum Gesch\u00e4ftsschluss ihren Anteil nicht abholen, wird Ihr Anteil f\u00fcr die Aktion <a href=\"https:\/\/www.gruenlandstaudenhof.de\/cms2\/gruenlandstaudenhof\/lebensmittelpaten\/\">Lebensmittelpaten<\/a> gespendet und Sie verlieren Ihren Anspruch darauf.<\/p>\n\n\n\n<p><strong>Kann ich die Tiere besuchen?<\/strong><\/p>\n\n\n\n<p>Ja, Sie k\u00f6nnen die Tiere gerne mit Ihrer Familie zu den normalen \u00d6ffnungszeiten besuchen.<\/p>\n\n\n\n<p><strong>Kann man die Felder \/ Produktion besuchen?<\/strong><\/p>\n\n\n\n<p>Aus lebensmittelrechtlichen Gr\u00fcnden und Hygieneschutz k\u00f6nnen Sie Produktionsbereiche nicht besichtigen.<\/p>\n\n\n\n<p>Wir bitten Sie keine Felder zu betreten, da wir in der Vergangenheit durch Unachtsamkeit viele Sch\u00e4den an den Pflanzen hatten und eine nicht unerhebliche Gefahr einer Verletzung besteht, falls Sie z.\u00a0B. auf dem Feld umknicken.<\/p>\n\n\n\n<p>Bei uns am Hofladen an der Forststra\u00dfe in Oberhausen finden Sie einige Tiere und Pflanzen \u201eausgestellt\u201c.<\/p>\n\n\n\n<p><strong>K\u00f6nnen meine Anteile versandt werden?<\/strong><\/p>\n\n\n\n<p>Abh\u00e4ngig von der Art der Produkte ist ein Versand m\u00f6glich. Nicht jede Art von Obst und Gem\u00fcse kann versandt werden. Dazu kommt, dass der Empfang sichergestellt werden muss.<\/p>\n\n\n\n<p>Wir k\u00f6nnen diesen Punkt mit Ihnen gerne pers\u00f6nlich besprechen.<\/p>\n\n\n\n<p><\/p>\n","protected":false},"excerpt":{"rendered":"<p>Werden Sie Teil der \u00f6kologisch-sozialen Landwirtschaft im Zuge eines Crowdfundings. Mit unserer Agrar-Patenschaft investieren, unterst\u00fctzen und partizipieren Sie in nachhaltige und naturnahe Landwirtschaft. F\u00fcr einen j\u00e4hrlichen Beitrag erhalten Sie einen definierten Anteil an Obst und Gem\u00fcse aus unserem Sortiment. Im Falle eines \u00dcberschusses erhalten Sie einen \u00dcberschussanteil. Zudem erhalten Sie als aktiver Pate Zugang zu [&hellip;]<\/p>\n","protected":false},"author":1,"featured_media":4197,"parent":0,"menu_order":0,"comment_status":"closed","ping_status":"closed","template":"","meta":{"_uag_custom_page_level_css":"","ocean_post_layout":"left-sidebar","ocean_both_sidebars_style":"","ocean_both_sidebars_content_width":0,"ocean_both_sidebars_sidebars_width":0,"ocean_sidebar":"0","ocean_second_sidebar":"0","ocean_disable_margins":"enable","ocean_add_body_class":"","ocean_shortcode_before_top_bar":"","ocean_shortcode_after_top_bar":"","ocean_shortcode_before_header":"","ocean_shortcode_after_header":"","ocean_has_shortcode":"","ocean_shortcode_after_title":"","ocean_shortcode_before_footer_widgets":"","ocean_shortcode_after_footer_widgets":"","ocean_shortcode_before_footer_bottom":"","ocean_shortcode_after_footer_bottom":"","ocean_display_top_bar":"default","ocean_display_header":"default","ocean_header_style":"","ocean_center_header_left_menu":"0","ocean_custom_header_template":"0","ocean_custom_logo":0,"ocean_custom_retina_logo":0,"ocean_custom_logo_max_width":0,"ocean_custom_logo_tablet_max_width":0,"ocean_custom_logo_mobile_max_width":0,"ocean_custom_logo_max_height":0,"ocean_custom_logo_tablet_max_height":0,"ocean_custom_logo_mobile_max_height":0,"ocean_header_custom_menu":"0","ocean_menu_typo_font_family":"0","ocean_menu_typo_font_subset":"","ocean_menu_typo_font_size":0,"ocean_menu_typo_font_size_tablet":0,"ocean_menu_typo_font_size_mobile":0,"ocean_menu_typo_font_size_unit":"px","ocean_menu_typo_font_weight":"","ocean_menu_typo_font_weight_tablet":"","ocean_menu_typo_font_weight_mobile":"","ocean_menu_typo_transform":"","ocean_menu_typo_transform_tablet":"","ocean_menu_typo_transform_mobile":"","ocean_menu_typo_line_height":0,"ocean_menu_typo_line_height_tablet":0,"ocean_menu_typo_line_height_mobile":0,"ocean_menu_typo_line_height_unit":"","ocean_menu_typo_spacing":0,"ocean_menu_typo_spacing_tablet":0,"ocean_menu_typo_spacing_mobile":0,"ocean_menu_typo_spacing_unit":"","ocean_menu_link_color":"","ocean_menu_link_color_hover":"","ocean_menu_link_color_active":"","ocean_menu_link_background":"","ocean_menu_link_hover_background":"","ocean_menu_link_active_background":"","ocean_menu_social_links_bg":"","ocean_menu_social_hover_links_bg":"","ocean_menu_social_links_color":"","ocean_menu_social_hover_links_color":"","ocean_disable_title":"default","ocean_disable_heading":"default","ocean_post_title":"","ocean_post_subheading":"","ocean_post_title_style":"","ocean_post_title_background_color":"","ocean_post_title_background":0,"ocean_post_title_bg_image_position":"","ocean_post_title_bg_image_attachment":"","ocean_post_title_bg_image_repeat":"","ocean_post_title_bg_image_size":"","ocean_post_title_height":0,"ocean_post_title_bg_overlay":0.5,"ocean_post_title_bg_overlay_color":"","ocean_disable_breadcrumbs":"default","ocean_breadcrumbs_color":"","ocean_breadcrumbs_separator_color":"","ocean_breadcrumbs_links_color":"","ocean_breadcrumbs_links_hover_color":"","ocean_display_footer_widgets":"default","ocean_display_footer_bottom":"default","ocean_custom_footer_template":"0","footnotes":""},"class_list":["post-4196","page","type-page","status-publish","has-post-thumbnail","hentry","entry","has-media"],"yoast_head":"<!-- This site is optimized with the Yoast SEO plugin v27.4 - https:\/\/yoast.com\/product\/yoast-seo-wordpress\/ -->\n<title>Agrar-Patenschaft - Gr\u00fcnlandstaudenhof<\/title>\n<meta name=\"description\" content=\"Werden Sie Teil der \u00f6kologisch-sozialen Landwirtschaft im Zuge eines Crowdfundings. Mit unserer Agrar-Patenschaft investieren, unterst\u00fctzen und\" \/>\n<meta name=\"robots\" content=\"index, follow, max-snippet:-1, max-image-preview:large, max-video-preview:-1\" \/>\n<link rel=\"canonical\" href=\"https:\/\/www.gruenlandstaudenhof.de\/cms2\/agrar-patenschaft\/\" \/>\n<meta property=\"og:locale\" content=\"de_DE\" \/>\n<meta property=\"og:type\" content=\"article\" \/>\n<meta property=\"og:title\" content=\"Agrar-Patenschaft - Gr\u00fcnlandstaudenhof\" \/>\n<meta property=\"og:description\" content=\"Werden Sie Teil der \u00f6kologisch-sozialen Landwirtschaft im Zuge eines Crowdfundings. Mit unserer Agrar-Patenschaft investieren, unterst\u00fctzen und\" \/>\n<meta property=\"og:url\" content=\"https:\/\/www.gruenlandstaudenhof.de\/cms2\/agrar-patenschaft\/\" \/>\n<meta property=\"og:site_name\" content=\"Gr\u00fcnlandstaudenhof\" \/>\n<meta property=\"article:publisher\" content=\"https:\/\/www.facebook.com\/gruenlandstaudenhof\" \/>\n<meta property=\"article:modified_time\" content=\"2024-04-05T09:15:40+00:00\" \/>\n<meta property=\"og:image\" content=\"https:\/\/www.gruenlandstaudenhof.de\/cms2\/wp-content\/uploads\/2022\/07\/IMG-20220712-WA0000.jpg\" \/>\n\t<meta property=\"og:image:width\" content=\"900\" \/>\n\t<meta property=\"og:image:height\" content=\"1600\" \/>\n\t<meta property=\"og:image:type\" content=\"image\/jpeg\" \/>\n<meta name=\"twitter:card\" content=\"summary_large_image\" \/>\n<meta name=\"twitter:site\" content=\"@GSH_Oberhausen\" \/>\n<meta name=\"twitter:label1\" content=\"Gesch\u00e4tzte Lesezeit\" \/>\n\t<meta name=\"twitter:data1\" content=\"4\u00a0Minuten\" \/>\n<!-- \/ Yoast SEO plugin. -->","yoast_head_json":{"title":"Agrar-Patenschaft - Gr\u00fcnlandstaudenhof","description":"Werden Sie Teil der \u00f6kologisch-sozialen Landwirtschaft im Zuge eines Crowdfundings. Mit unserer Agrar-Patenschaft investieren, unterst\u00fctzen und","robots":{"index":"index","follow":"follow","max-snippet":"max-snippet:-1","max-image-preview":"max-image-preview:large","max-video-preview":"max-video-preview:-1"},"canonical":"https:\/\/www.gruenlandstaudenhof.de\/cms2\/agrar-patenschaft\/","og_locale":"de_DE","og_type":"article","og_title":"Agrar-Patenschaft - Gr\u00fcnlandstaudenhof","og_description":"Werden Sie Teil der \u00f6kologisch-sozialen Landwirtschaft im Zuge eines Crowdfundings. Mit unserer Agrar-Patenschaft investieren, unterst\u00fctzen und","og_url":"https:\/\/www.gruenlandstaudenhof.de\/cms2\/agrar-patenschaft\/","og_site_name":"Gr\u00fcnlandstaudenhof","article_publisher":"https:\/\/www.facebook.com\/gruenlandstaudenhof","article_modified_time":"2024-04-05T09:15:40+00:00","og_image":[{"width":900,"height":1600,"url":"https:\/\/www.gruenlandstaudenhof.de\/cms2\/wp-content\/uploads\/2022\/07\/IMG-20220712-WA0000.jpg","type":"image\/jpeg"}],"twitter_card":"summary_large_image","twitter_site":"@GSH_Oberhausen","twitter_misc":{"Gesch\u00e4tzte Lesezeit":"4\u00a0Minuten"},"schema":{"@context":"https:\/\/schema.org","@graph":[{"@type":"WebPage","@id":"https:\/\/www.gruenlandstaudenhof.de\/cms2\/agrar-patenschaft\/","url":"https:\/\/www.gruenlandstaudenhof.de\/cms2\/agrar-patenschaft\/","name":"Agrar-Patenschaft - Gr\u00fcnlandstaudenhof","isPartOf":{"@id":"https:\/\/www.gruenlandstaudenhof.de\/cms2\/#website"},"primaryImageOfPage":{"@id":"https:\/\/www.gruenlandstaudenhof.de\/cms2\/agrar-patenschaft\/#primaryimage"},"image":{"@id":"https:\/\/www.gruenlandstaudenhof.de\/cms2\/agrar-patenschaft\/#primaryimage"},"thumbnailUrl":"https:\/\/www.gruenlandstaudenhof.de\/cms2\/wp-content\/uploads\/2022\/07\/IMG-20220712-WA0000.jpg","datePublished":"2022-07-13T09:28:54+00:00","dateModified":"2024-04-05T09:15:40+00:00","description":"Werden Sie Teil der \u00f6kologisch-sozialen Landwirtschaft im Zuge eines Crowdfundings. Mit unserer Agrar-Patenschaft investieren, unterst\u00fctzen und","breadcrumb":{"@id":"https:\/\/www.gruenlandstaudenhof.de\/cms2\/agrar-patenschaft\/#breadcrumb"},"inLanguage":"de","potentialAction":[{"@type":"ReadAction","target":["https:\/\/www.gruenlandstaudenhof.de\/cms2\/agrar-patenschaft\/"]}]},{"@type":"ImageObject","inLanguage":"de","@id":"https:\/\/www.gruenlandstaudenhof.de\/cms2\/agrar-patenschaft\/#primaryimage","url":"https:\/\/www.gruenlandstaudenhof.de\/cms2\/wp-content\/uploads\/2022\/07\/IMG-20220712-WA0000.jpg","contentUrl":"https:\/\/www.gruenlandstaudenhof.de\/cms2\/wp-content\/uploads\/2022\/07\/IMG-20220712-WA0000.jpg","width":900,"height":1600},{"@type":"BreadcrumbList","@id":"https:\/\/www.gruenlandstaudenhof.de\/cms2\/agrar-patenschaft\/#breadcrumb","itemListElement":[{"@type":"ListItem","position":1,"name":"Startseite","item":"https:\/\/www.gruenlandstaudenhof.de\/cms2\/"},{"@type":"ListItem","position":2,"name":"Agrar-Patenschaft"}]},{"@type":"WebSite","@id":"https:\/\/www.gruenlandstaudenhof.de\/cms2\/#website","url":"https:\/\/www.gruenlandstaudenhof.de\/cms2\/","name":"Gr\u00fcnlandstaudenhof","description":"Landwirtschaft, Gartenbau, Landhandel","publisher":{"@id":"https:\/\/www.gruenlandstaudenhof.de\/cms2\/#organization"},"potentialAction":[{"@type":"SearchAction","target":{"@type":"EntryPoint","urlTemplate":"https:\/\/www.gruenlandstaudenhof.de\/cms2\/?s={search_term_string}"},"query-input":{"@type":"PropertyValueSpecification","valueRequired":true,"valueName":"search_term_string"}}],"inLanguage":"de"},{"@type":"Organization","@id":"https:\/\/www.gruenlandstaudenhof.de\/cms2\/#organization","name":"Gr\u00fcnlandstaudenhof","url":"https:\/\/www.gruenlandstaudenhof.de\/cms2\/","logo":{"@type":"ImageObject","inLanguage":"de","@id":"https:\/\/www.gruenlandstaudenhof.de\/cms2\/#\/schema\/logo\/image\/","url":"https:\/\/www.gruenlandstaudenhof.de\/cms2\/wp-content\/uploads\/2016\/03\/logo_briefkopf_OT.png","contentUrl":"https:\/\/www.gruenlandstaudenhof.de\/cms2\/wp-content\/uploads\/2016\/03\/logo_briefkopf_OT.png","width":504,"height":504,"caption":"Gr\u00fcnlandstaudenhof"},"image":{"@id":"https:\/\/www.gruenlandstaudenhof.de\/cms2\/#\/schema\/logo\/image\/"},"sameAs":["https:\/\/www.facebook.com\/gruenlandstaudenhof","https:\/\/x.com\/GSH_Oberhausen","https:\/\/www.instagram.com\/gruenlandstaudenhof\/"]}]}},"uagb_featured_image_src":{"full":["https:\/\/www.gruenlandstaudenhof.de\/cms2\/wp-content\/uploads\/2022\/07\/IMG-20220712-WA0000.jpg",900,1600,false],"thumbnail":["https:\/\/www.gruenlandstaudenhof.de\/cms2\/wp-content\/uploads\/2022\/07\/IMG-20220712-WA0000-150x150.jpg",150,150,true],"medium":["https:\/\/www.gruenlandstaudenhof.de\/cms2\/wp-content\/uploads\/2022\/07\/IMG-20220712-WA0000-169x300.jpg",169,300,true],"medium_large":["https:\/\/www.gruenlandstaudenhof.de\/cms2\/wp-content\/uploads\/2022\/07\/IMG-20220712-WA0000-768x1365.jpg",768,1365,true],"large":["https:\/\/www.gruenlandstaudenhof.de\/cms2\/wp-content\/uploads\/2022\/07\/IMG-20220712-WA0000-576x1024.jpg",576,1024,true],"1536x1536":["https:\/\/www.gruenlandstaudenhof.de\/cms2\/wp-content\/uploads\/2022\/07\/IMG-20220712-WA0000-864x1536.jpg",864,1536,true],"2048x2048":["https:\/\/www.gruenlandstaudenhof.de\/cms2\/wp-content\/uploads\/2022\/07\/IMG-20220712-WA0000.jpg",900,1600,false],"ocean-thumb-m":["https:\/\/www.gruenlandstaudenhof.de\/cms2\/wp-content\/uploads\/2022\/07\/IMG-20220712-WA0000-600x600.jpg",600,600,true],"ocean-thumb-ml":["https:\/\/www.gruenlandstaudenhof.de\/cms2\/wp-content\/uploads\/2022\/07\/IMG-20220712-WA0000-800x450.jpg",800,450,true],"ocean-thumb-l":["https:\/\/www.gruenlandstaudenhof.de\/cms2\/wp-content\/uploads\/2022\/07\/IMG-20220712-WA0000-900x700.jpg",900,700,true]},"uagb_author_info":{"display_name":"Administrator","author_link":"https:\/\/www.gruenlandstaudenhof.de\/cms2\/author\/administrator\/"},"uagb_comment_info":0,"uagb_excerpt":"Werden Sie Teil der \u00f6kologisch-sozialen Landwirtschaft im Zuge eines Crowdfundings. Mit unserer Agrar-Patenschaft investieren, unterst\u00fctzen und partizipieren Sie in nachhaltige und naturnahe Landwirtschaft. F\u00fcr einen j\u00e4hrlichen Beitrag erhalten Sie einen definierten Anteil an Obst und Gem\u00fcse aus unserem Sortiment. Im Falle eines \u00dcberschusses erhalten Sie einen \u00dcberschussanteil. Zudem erhalten Sie als aktiver Pate Zugang zu&hellip;","_links":{"self":[{"href":"https:\/\/www.gruenlandstaudenhof.de\/cms2\/wp-json\/wp\/v2\/pages\/4196","targetHints":{"allow":["GET"]}}],"collection":[{"href":"https:\/\/www.gruenlandstaudenhof.de\/cms2\/wp-json\/wp\/v2\/pages"}],"about":[{"href":"https:\/\/www.gruenlandstaudenhof.de\/cms2\/wp-json\/wp\/v2\/types\/page"}],"author":[{"embeddable":true,"href":"https:\/\/www.gruenlandstaudenhof.de\/cms2\/wp-json\/wp\/v2\/users\/1"}],"replies":[{"embeddable":true,"href":"https:\/\/www.gruenlandstaudenhof.de\/cms2\/wp-json\/wp\/v2\/comments?post=4196"}],"version-history":[{"count":0,"href":"https:\/\/www.gruenlandstaudenhof.de\/cms2\/wp-json\/wp\/v2\/pages\/4196\/revisions"}],"wp:featuredmedia":[{"embeddable":true,"href":"https:\/\/www.gruenlandstaudenhof.de\/cms2\/wp-json\/wp\/v2\/media\/4197"}],"wp:attachment":[{"href":"https:\/\/www.gruenlandstaudenhof.de\/cms2\/wp-json\/wp\/v2\/media?parent=4196"}],"curies":[{"name":"wp","href":"https:\/\/api.w.org\/{rel}","templated":true}]}}