{"id":594,"date":"2016-11-08T12:06:21","date_gmt":"2016-11-08T11:06:21","guid":{"rendered":"http:\/\/www.gruenlandstaudenhof.de\/cms2\/?page_id=594"},"modified":"2023-03-01T09:25:24","modified_gmt":"2023-03-01T08:25:24","slug":"obst-und-gemuese-boxen","status":"publish","type":"page","link":"https:\/\/www.gruenlandstaudenhof.de\/cms2\/obst-und-gemuese-boxen\/","title":{"rendered":"Obst und Gem\u00fcse Boxen"},"content":{"rendered":"<div class=\"wp-block-image is-style-default\">\n<figure class=\"alignright size-medium\"><img loading=\"lazy\" decoding=\"async\" width=\"169\" height=\"300\" src=\"https:\/\/www.gruenlandstaudenhof.de\/cms2\/wp-content\/uploads\/2020\/12\/20200303_143503-169x300.jpg\" alt=\"\" class=\"wp-image-2569\" srcset=\"https:\/\/www.gruenlandstaudenhof.de\/cms2\/wp-content\/uploads\/2020\/12\/20200303_143503-169x300.jpg 169w, https:\/\/www.gruenlandstaudenhof.de\/cms2\/wp-content\/uploads\/2020\/12\/20200303_143503-576x1024.jpg 576w, https:\/\/www.gruenlandstaudenhof.de\/cms2\/wp-content\/uploads\/2020\/12\/20200303_143503-768x1365.jpg 768w, https:\/\/www.gruenlandstaudenhof.de\/cms2\/wp-content\/uploads\/2020\/12\/20200303_143503-864x1536.jpg 864w, https:\/\/www.gruenlandstaudenhof.de\/cms2\/wp-content\/uploads\/2020\/12\/20200303_143503-1152x2048.jpg 1152w, https:\/\/www.gruenlandstaudenhof.de\/cms2\/wp-content\/uploads\/2020\/12\/20200303_143503-scaled.jpg 1440w\" sizes=\"auto, (max-width: 169px) 100vw, 169px\" \/><\/figure>\n<\/div>\n\n\n<p>Frische direkt vom Feld. Unsere Boxen bieten Ihnen die M\u00f6glichkeit, einmalig oder auch regelm\u00e4\u00dfig, frisches Obst und Gem\u00fcse direkt und ganz bequem nach Hause liefern zu lassen.<\/p>\n\n\n\n<p>Wir legen einen hohen Wert auf frische und hoher Qualit\u00e4t.<\/p>\n\n\n\n<p>Sie haben die Auswahl aus folgenden:<\/p>\n\n\n\n<h3 class=\"western wp-block-heading\">Obstbox<\/h3>\n\n\n\n<p><strong>Inhalt:<\/strong> Obst, t\u00e4glich frisch zusammengestellt. \u00dcberwiegend regional und saisonal. Naturbelassen und nachhaltig angebaut.<\/p>\n\n\n\n<h3 class=\"wp-block-heading\">Gem\u00fcsebox<\/h3>\n\n\n\n<p><strong>Inhalt: <\/strong>Gem\u00fcse, t\u00e4glich frisch zusammengestellt. \u00dcberwiegend regional und saisonal. Naturbelassen und nachhaltig angebaut.<\/p>\n\n\n\n<h3 class=\"western wp-block-heading\">Gr\u00f6\u00dfen <\/h3>\n\n\n\n<p>Wir bieten verschiedene Gr\u00f6\u00dfen an Obstboxen und Gem\u00fcseboxen an. <\/p>\n\n\n\n<figure class=\"wp-block-table\"><table><tbody><tr><td>Gr\u00f6\u00dfe<\/td><td>Inhalt<\/td><td>Preis<\/td><td>Grundpreis<\/td><\/tr><tr><td>M<\/td><td>ca. 5,5 kg<\/td><td>48,00 \u20ac<\/td><td>8,73 \u20ac pro kg<\/td><\/tr><tr><td>L<\/td><td>ca. 7,5 kg<\/td><td>64,00 \u20ac<\/td><td>8,53 \u20ac pro kg<\/td><\/tr><tr><td>XL<\/td><td>ca. 9,5 kg<\/td><td>76,00 \u20ac<\/td><td>8,00 \u20ac pro kg<\/td><\/tr><\/tbody><\/table><\/figure>\n\n\n\n<p>Bei Bestellung in unseren Webshop sind aktuell nur Abholung und Einzelbestellungen m\u00f6glich. <\/p>\n\n\n\n<p>Wenn Sie ein pers\u00f6nliches Angebot w\u00fcnschen, k\u00f6nnen Sie uns gerne <a href=\"https:\/\/www.gruenlandstaudenhof.de\/cms2\/box-anfrage\/\" target=\"_blank\" rel=\"noreferrer noopener\"><span style=\"color:#0693e3\" class=\"tadv-color\">kontaktieren<\/span><\/a>.<\/p>\n\n\n\n<div class=\"wp-block-buttons is-horizontal is-content-justification-center is-layout-flex wp-container-core-buttons-is-layout-499968f5 wp-block-buttons-is-layout-flex\">\n<div class=\"wp-block-button has-custom-width wp-block-button__width-50 is-style-fill\"><a class=\"wp-block-button__link has-white-color has-text-color has-background wp-element-button\" href=\"https:\/\/www.gruenlandstaudenhof.de\/Shop\/Boxen\" style=\"background-color:#074c32\" target=\"_blank\" rel=\"noreferrer noopener\">Obstboxen und Gem\u00fcseboxen im Webshop zur Abholung bestellen<\/a><\/div>\n<\/div>\n\n\n\n<p><strong>Hinweise zum Inhalt<\/strong><\/p>\n\n\n\n<p>Bei der Auswahl unserer Produkte legen wir hohen Wert auf Qualit\u00e4t und Nachhaltigkeit. Unsere Produkte wie Obst und Gem\u00fcse sind aus naturbelassen Anbau. Regionale Sorten kommen weitgehend aus eigenem Anbau.&nbsp; Naturbelassen bedeutet, es wird traditionell, wie in der Natur, angebaut ohne Chemie, Genetik oder sonstige Zus\u00e4tze.<\/p>\n\n\n\n<p>Selbstverst\u00e4ndlich stimmen wir den Inhalt ganz individuell nach Ihren W\u00fcnschen ab. Gerne k\u00f6nnen Sie sich aber auch \u00fcberraschen lassen.<br>(Ihre pers\u00f6nlichen Anspr\u00fcche z.B. wegen Allergien und Unvertr\u00e4glichkeit werden von uns beachtet &#8211; Sie m\u00fcssen uns nur dar\u00fcber informieren.)<\/p>\n\n\n\n<p class=\"has-text-align-center has-medium-font-size\"><strong>Auf Wunsch bieten wir Ihnen auch Sondergr\u00f6\u00dfen oder Sonderzusammenstellungen an.<\/strong><\/p>\n\n\n\n<h3 class=\"wp-block-heading\">Abholung<\/h3>\n\n\n\n<p>Bitte bringen Sie zur Abholung eine eigene Tasche oder Kiste mit uns setzen Sie ein Zeichen f\u00fcr einen nachhaltigen Konsum.<\/p>\n\n\n\n<h3 class=\"wp-block-heading\"><strong>Lieferung<\/strong><\/h3>\n\n\n\n<p>Die Lieferung erfolgt auf Wunsch per Lebensmittel-Kurier.<br>Die Lieferung erfolgt ausschlie\u00dflich bis zur Geb\u00e4udeeingangst\u00fcre.<\/p>\n\n\n\n<p>Die Boxen werden vor Ort bei Anlieferung geleert und sofort wieder mitgenommen. Um eine Zeichen f\u00fcr die Nachhaltigkeit zu setzen halten Sie bitte ein geeignetes Gef\u00e4\u00df (z.B Kiste) am Lieferort\/Ablageort bereit.<\/p>\n\n\n\n<p><strong>Corona-Hinweis zwecks Schutz unserer Mitarbeiter:<br><\/strong>Sollte bei Ihnen eine Coronainfektion aufgetreten sein, kontaktieren Sie uns bitte, damit wir die Kuriere entsprechend anweisen k\u00f6nnen. Unsere Kuriere werden in keinem Fall ein Geb\u00e4ude\/Haus betreten. Bitte nehmen Sie die Lieferung vor der Eingangst\u00fcre, mit entsprechenden Abstand, an.<\/p>\n\n\n\n<p>Mehrwegkisten sind vor der R\u00fcckgabe durch eine nicht infizierte Person zu waschen und zu desinfizieren und werden mit entsprechenden Abstand durch unsere Mitarbeiter zur\u00fcckgenommen.<\/p>\n\n\n\n<h4 class=\"wp-block-heading\"><strong>Versandkosten und Lieferregionen<\/strong><\/h4>\n\n\n\n<p>Lieferorte: Oberhausen-Schmachtendorf, Oberhausen-K\u00f6nigshardt, Oberhausen Sterkrade-Nord, Oberhausen-Alsfeld, Oberhausen-Holten, Dinslaken-Hiesfeld<br>Versandkosten: pauschal pro Lieferung: 5,00\u20ac<\/p>\n\n\n\n<p><strong>Wenn Sie ein pers\u00f6nliches Angebot w\u00fcnschen, k\u00f6nnen Sie uns gerne <a href=\"https:\/\/www.gruenlandstaudenhof.de\/cms2\/box-anfrage\/\" target=\"_blank\" rel=\"noreferrer noopener\"><span style=\"color:#0693e3\" class=\"tadv-color\">kontaktieren<\/span><\/a>.<\/strong><\/p>\n\n\n\n<h4 class=\"wp-block-heading\">Sonstiges<\/h4>\n\n\n\n<p>Die Lieferung erfolgt bis zur ersten Geb\u00e4udet\u00fcre, es sei denn etwas anderes wurde vereinbart.<\/p>\n\n\n\n<p>Die Lieferung von Sondergr\u00f6\u00dfen oder weitere Produkte aus unserem Sortiment gegen Aufpreis m\u00f6glich.<\/p>\n\n\n\n<p>Sofern Sie keinen Ablagevertrag mit uns haben, sorgen Sie bitte daf\u00fcr, dass jemand Anwesend ist um die Lieferung anzunehmen.<\/p>\n\n\n\n<p>Wir erstellen Ihnen nach Anfrage gerne ein individuelles Angebot.<\/p>\n\n\n\n<p>Regelm\u00e4\u00dfige Lieferungen (<b>Abo-Lieferungen<\/b>) sind m\u00f6glich, bitte sprechen Sie uns gerne darauf an.<\/p>\n\n\n\n<p>F\u00fcr Pfandboxen berechnen wir ein Pfand von 10,00\u20ac pro Box. Dieses Pfand erhalten Sie bei ordnungsgem\u00e4\u00dfer R\u00fcckgabe der Boxen zur\u00fcck.<\/p>\n\n\n\n<h3 class=\"western wp-block-heading\">Ablage<\/h3>\n\n\n\n<p class=\"western\"><span style=\"font-size: medium;\">Eine Ablage an einem Wunschort ist m\u00f6glich. Daf\u00fcr fordern Sie bitte einen Ablagevertrag von uns an. Dieser sollte sicher und gut gesch\u00fctzt sein.<br><\/span><\/p>\n\n\n\n<div style=\"overflow: auto;\">\n<div style=\"margin-bottem: 0.5em;\">\n<h2>Haben Sie Interesse? Dann <a href=\"https:\/\/www.gruenlandstaudenhof.de\/cms2\/box-anfrage\/\">kontaktieren<\/a> Sie uns noch heute!<\/h2>\n<\/div>\n<\/div>\n\n\n\n<h2 class=\"western\">B\u00fcro Obst<\/h2>\n<p>Sie m\u00f6chten Ihren Angestellten eine t\u00e4gliche Portion Obst und Gem\u00fcse bieten?<\/p>\n<p>Wir sind Ihr Partner, wenn es um die Versorgung Ihrer Mitarbeiter, Kantine oder Kunden mit frischem Obst, knackigen Gem\u00fcse und anderen regionalen K\u00f6stlichkeiten.<\/p>\n<p>Obst und Gem\u00fcse, kann man mittlerweile \u00fcberall kaufen, vom Supermarkt bis zum Discounter. Aber die Bestellung direkt bei uns im Hofladen hat viele Vorteile.<\/p>\n<ul>\n<li>\n<p>Stellen Sie individuell Ihr Warensortiment zusammen, von Exotische Fr\u00fcchte \u00fcber Obst und Gem\u00fcse der Saison<\/p>\n<\/li>\n<li>\n<p>Sparen Sie Zeit und Geld<\/p>\n<\/li>\n<li>\n<p>Erlesene Feinkost und andere K\u00f6stlichkeiten<\/p>\n<\/li>\n<li>\n<p>Gro\u00dfes Sortiment von uns und unseren Partnern<\/p>\n<\/li>\n<li>\n<p>Liefermengen und Lieferrhythmus werden individuell auf Ihren Bedarf abgestimmt, auch mehrmals pro Woche<\/p>\n<\/li>\n<li>\n<p>Gesunde Ern\u00e4hrung mit frischem Obst und Gem\u00fcse steigert die Leistungsf\u00e4higkeit und Motivation Ihrer Mitarbeiter<\/p>\n<\/li>\n<li>\n<p>Pr\u00e4sentk\u00f6rbe mit frischem Obst oder Gutscheine f\u00fcr Ihre Gesch\u00e4ftspartner, Angestellte oder jeden anderen Anlass.<\/p>\n<\/li>\n<li>\n<p>keine Vertragsbindung auch bei ABO-Bestellung<\/p>\n<\/li>\n<li>\n<p>keine Mindestabnahme<\/p>\n<\/li>\n<li>Flexibles Pfand- und Tauschsystem f\u00fcr unsere Boxen z.B. bei regelm\u00e4\u00dfigen Lieferungen.<\/li>\n<\/ul>\n<p>Viele Firmen und Kindergarten\/Kindertagesst\u00e4tten nutzen bereits unseren Service und lassen sich mit frischen Produkten t\u00e4glich oder w\u00f6chentlich beliefern.<\/p>\n<p style=\"text-align: center;\"><a href=\"https:\/\/www.gruenlandstaudenhof.de\/cms2\/kontakt\/\"><strong>Fordern Sie Ihr pers\u00f6nliches Gesch\u00e4ftskundenangebot noch heute an!<\/strong><\/a><\/p>\n\n\n\n<h2 class=\"western\">FAQ:<\/h2>\n<p><b>Q: <\/b><b>Kann<\/b><b> ich zu meiner Box auch andere Produkte aus ihrem Sortiment z.B. einen Sack Kartoffeln bestellen?<\/b><br \/>A: Das ist kein Problem, sagen Sie uns einfach vorher Bescheid. Die Abrechnung der zus\u00e4tzlichen Produkte erfolgt bei Lieferung oder im Voraus.<br \/><br \/><b>Q: Ich h\u00e4tte gerne eine Themenbox z.B. nur Obst und Gem\u00fcse, <\/b><b>das zum Snacken geeignet ist oder eine f\u00fcr Smoothies, <\/b><b>ist das m\u00f6glich?<\/b><br \/>A: Auf jeden Fall, kommen die gerne auf und zu und wie schauen ob wir Ihren Wunsch realisieren k\u00f6nnen.<br \/><br \/><b>Q: Eigenen sich Kisten als Geschenk?<\/b><br \/>A: ja<br \/><br \/><b>Q: <\/b><b>Wie kann ich bezahlen?<\/b><br \/>A: Einzellieferungen k\u00f6nnen Sie per Vorkasse bezahlen. <br \/>Abo-Lieferungen k\u00f6nnen Sie per Vorkasse bezahlen (immer f\u00fcr den kommenden Monat im Voraus).<\/p>\n<p><b>Q: <\/b><b>Liefern Sie auch au\u00dferhalb?<\/b><br \/>A: Gerne pr\u00fcfen wir ob wir Ihnen ein Angebot unterbreiten k\u00f6nnen.<br \/><br \/><b>Q: <\/b><b>Ich bin um <\/b><b>Urlaub, <\/b><b>was passiert mit meinen Lieferungen?<br \/><\/b>A: Wir verschieben die Lieferungen auf einen Termin nach Ihrem Urlaub. Alternativ k\u00f6nnen Sie die Kisten auch spenden.<br \/><br \/><b>Q: <\/b><b>Kann ich ein Spenden-Abo abschlie\u00dfen, damit eine Ihrer Kisten bed\u00fcrftigen zu wohle kommt?<\/b><br \/>A: Ja, dass ist m\u00f6glich. Sprechen Sie uns drauf an.<\/p>\n<p><b>Q: Kann ich einen Wunschort angeben?<br \/><\/b>A: Wir k\u00f6nnen Ihre Kiste an einem geeigneten Ort abstellen, daf\u00fcr brauchen wir von Ihnen eine Abstellgenehmigung. Beachten Sie bitte, dass Sie einen Ort w\u00e4hlen, der gesch\u00fctzt ist. F\u00fcr Besch\u00e4digungen, Diebstahl usw. nach Ablagen k\u00f6nnen wir nicht haften.<\/p>\n<p>Die Zahlung Bar bei Anlieferung ist nicht in Kombination mit einem Wunschort m\u00f6glich!<\/p>\n<p><span style=\"font-family: Arial, sans-serif;\"><b>Q: K\u00f6nnen Sie mir sagen, was vorab in den Boxen sein wird?<br \/><\/b><\/span><span style=\"font-family: Arial, sans-serif;\">A: Wir packen die Boxen tagesaktuell mit frischen Produkten.<br \/>Aufgrund unserer zeitnahen Ernte oder beim zeitnahen Kauf wissen wir kurzfristig, was genau vorhanden ist und ob es unseren Qualit\u00e4tsanspr\u00fcchen gen\u00fcgt.<br \/><\/span><span style=\"font-family: Arial, sans-serif;\">In Verbindung mit unseren kurzen Transportwegen und der schnellen Distribution ist das Zeitfenster f\u00fcr die Publizierung zu gering.<br \/><\/span><span style=\"font-family: Arial, sans-serif;\">Wir planen in Zukunft Boxen einzuf\u00fchren, die einen festen Inhalt haben.<\/span><\/p>\n<p><span style=\"font-family: Arial, sans-serif;\">Alternativ zu Box, k\u00f6nnen Sie uns auch eine Liste mit Produkten zukommen lassen und wir schauen dann, ob wir Ihnen dazu ein Angebot unterbreiten k\u00f6nnen. Beachten Sie bitte, dass diese Angebote (z.B. im Zuge einer gesonderten Beschaffung) teurer sein k\u00f6nnten.<\/span><\/p>\n<p><span style=\"font-family: Arial, sans-serif;\"><b>Q: Kann man bei Abholung Obst und Gem\u00fcse austauschen?<br \/><\/b><\/span><span style=\"font-family: Arial, sans-serif;\">A: Nein, das ist nicht m\u00f6glich.<br \/><\/span><span style=\"font-family: Arial, sans-serif;\">Wir empfehlen Ihnen gegebenenfalls uns vor ab eine Liste zukommen zu lassen, mit den Produkten, die Sie w\u00fcnschen. Wir w\u00fcrden Ihnen dann ein Angebot dazu erstellen. Beachten Sie bitte, dass diese Angebote (z.B. im Zuge einer gesonderten Beschaffung) teurer sein k\u00f6nnten.<\/span><\/p>\n<p><span style=\"font-family: Arial, sans-serif;\"><b>Q: Woher kommt das Obst und Gem\u00fcse, dass nicht in Deutschland bzw. von euch selbst angebaut wurde?<br \/><\/b><\/span><span style=\"font-family: Arial, sans-serif;\">A: Das Herkunftsland ist abh\u00e4ngig von der jeweiligen Obstsorte oder Gem\u00fcsesorte. Informationen dazu finden Sie in unserem Hofladen direkt bei den Produkten.<br \/>Produkte die wir nicht selbst produzieren kaufen wir direkt von regionalen Produzenten, \u00fcber die internationale Erzeugergenossenschaft \/ Erzeuger-Gro\u00dfmarkt oder von den Importh\u00e4fen.<\/span><\/p>\n","protected":false},"excerpt":{"rendered":"<p>Frische direkt vom Feld. Unsere Boxen bieten Ihnen die M\u00f6glichkeit, einmalig oder auch regelm\u00e4\u00dfig, frisches Obst und Gem\u00fcse direkt und ganz bequem nach Hause liefern zu lassen. Wir legen einen hohen Wert auf frische und hoher Qualit\u00e4t. Sie haben die Auswahl aus folgenden: Obstbox Inhalt: Obst, t\u00e4glich frisch zusammengestellt. \u00dcberwiegend regional und saisonal. Naturbelassen und [&hellip;]<\/p>\n","protected":false},"author":1,"featured_media":0,"parent":0,"menu_order":0,"comment_status":"closed","ping_status":"closed","template":"","meta":{"_uag_custom_page_level_css":"","ocean_post_layout":"left-sidebar","ocean_both_sidebars_style":"","ocean_both_sidebars_content_width":0,"ocean_both_sidebars_sidebars_width":0,"ocean_sidebar":"0","ocean_second_sidebar":"0","ocean_disable_margins":"enable","ocean_add_body_class":"","ocean_shortcode_before_top_bar":"","ocean_shortcode_after_top_bar":"","ocean_shortcode_before_header":"","ocean_shortcode_after_header":"","ocean_has_shortcode":"","ocean_shortcode_after_title":"","ocean_shortcode_before_footer_widgets":"","ocean_shortcode_after_footer_widgets":"","ocean_shortcode_before_footer_bottom":"","ocean_shortcode_after_footer_bottom":"","ocean_display_top_bar":"default","ocean_display_header":"default","ocean_header_style":"","ocean_center_header_left_menu":"0","ocean_custom_header_template":"0","ocean_custom_logo":0,"ocean_custom_retina_logo":0,"ocean_custom_logo_max_width":0,"ocean_custom_logo_tablet_max_width":0,"ocean_custom_logo_mobile_max_width":0,"ocean_custom_logo_max_height":0,"ocean_custom_logo_tablet_max_height":0,"ocean_custom_logo_mobile_max_height":0,"ocean_header_custom_menu":"0","ocean_menu_typo_font_family":"0","ocean_menu_typo_font_subset":"","ocean_menu_typo_font_size":0,"ocean_menu_typo_font_size_tablet":0,"ocean_menu_typo_font_size_mobile":0,"ocean_menu_typo_font_size_unit":"px","ocean_menu_typo_font_weight":"","ocean_menu_typo_font_weight_tablet":"","ocean_menu_typo_font_weight_mobile":"","ocean_menu_typo_transform":"","ocean_menu_typo_transform_tablet":"","ocean_menu_typo_transform_mobile":"","ocean_menu_typo_line_height":0,"ocean_menu_typo_line_height_tablet":0,"ocean_menu_typo_line_height_mobile":0,"ocean_menu_typo_line_height_unit":"","ocean_menu_typo_spacing":0,"ocean_menu_typo_spacing_tablet":0,"ocean_menu_typo_spacing_mobile":0,"ocean_menu_typo_spacing_unit":"","ocean_menu_link_color":"","ocean_menu_link_color_hover":"","ocean_menu_link_color_active":"","ocean_menu_link_background":"","ocean_menu_link_hover_background":"","ocean_menu_link_active_background":"","ocean_menu_social_links_bg":"","ocean_menu_social_hover_links_bg":"","ocean_menu_social_links_color":"","ocean_menu_social_hover_links_color":"","ocean_disable_title":"default","ocean_disable_heading":"default","ocean_post_title":"","ocean_post_subheading":"","ocean_post_title_style":"","ocean_post_title_background_color":"","ocean_post_title_background":0,"ocean_post_title_bg_image_position":"","ocean_post_title_bg_image_attachment":"","ocean_post_title_bg_image_repeat":"","ocean_post_title_bg_image_size":"","ocean_post_title_height":0,"ocean_post_title_bg_overlay":0.5,"ocean_post_title_bg_overlay_color":"","ocean_disable_breadcrumbs":"default","ocean_breadcrumbs_color":"","ocean_breadcrumbs_separator_color":"","ocean_breadcrumbs_links_color":"","ocean_breadcrumbs_links_hover_color":"","ocean_display_footer_widgets":"default","ocean_display_footer_bottom":"default","ocean_custom_footer_template":"0","footnotes":""},"class_list":["post-594","page","type-page","status-publish","hentry","entry"],"yoast_head":"<!-- This site is optimized with the Yoast SEO plugin v27.4 - https:\/\/yoast.com\/product\/yoast-seo-wordpress\/ -->\n<title>Obst und Gem\u00fcse Boxen - Gr\u00fcnlandstaudenhof<\/title>\n<meta name=\"description\" content=\"Frische direkt vom Feld. Unsere Boxen bieten Ihnen die M\u00f6glichkeit, einmalig oder auch regelm\u00e4\u00dfig, frisches Obst und Gem\u00fcse direkt und ganz bequem nach\" \/>\n<meta name=\"robots\" content=\"index, follow, max-snippet:-1, max-image-preview:large, max-video-preview:-1\" \/>\n<link rel=\"canonical\" href=\"https:\/\/www.gruenlandstaudenhof.de\/cms2\/obst-und-gemuese-boxen\/\" \/>\n<meta property=\"og:locale\" content=\"de_DE\" \/>\n<meta property=\"og:type\" content=\"article\" \/>\n<meta property=\"og:title\" content=\"Obst und Gem\u00fcse Boxen - Gr\u00fcnlandstaudenhof\" \/>\n<meta property=\"og:description\" content=\"Frische direkt vom Feld. Unsere Boxen bieten Ihnen die M\u00f6glichkeit, einmalig oder auch regelm\u00e4\u00dfig, frisches Obst und Gem\u00fcse direkt und ganz bequem nach\" \/>\n<meta property=\"og:url\" content=\"https:\/\/www.gruenlandstaudenhof.de\/cms2\/obst-und-gemuese-boxen\/\" \/>\n<meta property=\"og:site_name\" content=\"Gr\u00fcnlandstaudenhof\" \/>\n<meta property=\"article:publisher\" content=\"https:\/\/www.facebook.com\/gruenlandstaudenhof\" \/>\n<meta property=\"article:modified_time\" content=\"2023-03-01T08:25:24+00:00\" \/>\n<meta property=\"og:image\" content=\"https:\/\/www.gruenlandstaudenhof.de\/cms2\/wp-content\/uploads\/2020\/12\/20200303_143503-169x300.jpg\" \/>\n<meta name=\"twitter:card\" content=\"summary_large_image\" \/>\n<meta name=\"twitter:site\" content=\"@GSH_Oberhausen\" \/>\n<meta name=\"twitter:label1\" content=\"Gesch\u00e4tzte Lesezeit\" \/>\n\t<meta name=\"twitter:data1\" content=\"7\u00a0Minuten\" \/>\n<!-- \/ Yoast SEO plugin. -->","yoast_head_json":{"title":"Obst und Gem\u00fcse Boxen - Gr\u00fcnlandstaudenhof","description":"Frische direkt vom Feld. Unsere Boxen bieten Ihnen die M\u00f6glichkeit, einmalig oder auch regelm\u00e4\u00dfig, frisches Obst und Gem\u00fcse direkt und ganz bequem nach","robots":{"index":"index","follow":"follow","max-snippet":"max-snippet:-1","max-image-preview":"max-image-preview:large","max-video-preview":"max-video-preview:-1"},"canonical":"https:\/\/www.gruenlandstaudenhof.de\/cms2\/obst-und-gemuese-boxen\/","og_locale":"de_DE","og_type":"article","og_title":"Obst und Gem\u00fcse Boxen - Gr\u00fcnlandstaudenhof","og_description":"Frische direkt vom Feld. Unsere Boxen bieten Ihnen die M\u00f6glichkeit, einmalig oder auch regelm\u00e4\u00dfig, frisches Obst und Gem\u00fcse direkt und ganz bequem nach","og_url":"https:\/\/www.gruenlandstaudenhof.de\/cms2\/obst-und-gemuese-boxen\/","og_site_name":"Gr\u00fcnlandstaudenhof","article_publisher":"https:\/\/www.facebook.com\/gruenlandstaudenhof","article_modified_time":"2023-03-01T08:25:24+00:00","og_image":[{"url":"https:\/\/www.gruenlandstaudenhof.de\/cms2\/wp-content\/uploads\/2020\/12\/20200303_143503-169x300.jpg","type":"","width":"","height":""}],"twitter_card":"summary_large_image","twitter_site":"@GSH_Oberhausen","twitter_misc":{"Gesch\u00e4tzte Lesezeit":"7\u00a0Minuten"},"schema":{"@context":"https:\/\/schema.org","@graph":[{"@type":"WebPage","@id":"https:\/\/www.gruenlandstaudenhof.de\/cms2\/obst-und-gemuese-boxen\/","url":"https:\/\/www.gruenlandstaudenhof.de\/cms2\/obst-und-gemuese-boxen\/","name":"Obst und Gem\u00fcse Boxen - Gr\u00fcnlandstaudenhof","isPartOf":{"@id":"https:\/\/www.gruenlandstaudenhof.de\/cms2\/#website"},"primaryImageOfPage":{"@id":"https:\/\/www.gruenlandstaudenhof.de\/cms2\/obst-und-gemuese-boxen\/#primaryimage"},"image":{"@id":"https:\/\/www.gruenlandstaudenhof.de\/cms2\/obst-und-gemuese-boxen\/#primaryimage"},"thumbnailUrl":"https:\/\/www.gruenlandstaudenhof.de\/cms2\/wp-content\/uploads\/2020\/12\/20200303_143503-169x300.jpg","datePublished":"2016-11-08T11:06:21+00:00","dateModified":"2023-03-01T08:25:24+00:00","description":"Frische direkt vom Feld. Unsere Boxen bieten Ihnen die M\u00f6glichkeit, einmalig oder auch regelm\u00e4\u00dfig, frisches Obst und Gem\u00fcse direkt und ganz bequem nach","breadcrumb":{"@id":"https:\/\/www.gruenlandstaudenhof.de\/cms2\/obst-und-gemuese-boxen\/#breadcrumb"},"inLanguage":"de","potentialAction":[{"@type":"ReadAction","target":["https:\/\/www.gruenlandstaudenhof.de\/cms2\/obst-und-gemuese-boxen\/"]}]},{"@type":"ImageObject","inLanguage":"de","@id":"https:\/\/www.gruenlandstaudenhof.de\/cms2\/obst-und-gemuese-boxen\/#primaryimage","url":"https:\/\/www.gruenlandstaudenhof.de\/cms2\/wp-content\/uploads\/2020\/12\/20200303_143503-169x300.jpg","contentUrl":"https:\/\/www.gruenlandstaudenhof.de\/cms2\/wp-content\/uploads\/2020\/12\/20200303_143503-169x300.jpg"},{"@type":"BreadcrumbList","@id":"https:\/\/www.gruenlandstaudenhof.de\/cms2\/obst-und-gemuese-boxen\/#breadcrumb","itemListElement":[{"@type":"ListItem","position":1,"name":"Startseite","item":"https:\/\/www.gruenlandstaudenhof.de\/cms2\/"},{"@type":"ListItem","position":2,"name":"Obst und Gem\u00fcse Boxen"}]},{"@type":"WebSite","@id":"https:\/\/www.gruenlandstaudenhof.de\/cms2\/#website","url":"https:\/\/www.gruenlandstaudenhof.de\/cms2\/","name":"Gr\u00fcnlandstaudenhof","description":"Landwirtschaft, Gartenbau, Landhandel","publisher":{"@id":"https:\/\/www.gruenlandstaudenhof.de\/cms2\/#organization"},"potentialAction":[{"@type":"SearchAction","target":{"@type":"EntryPoint","urlTemplate":"https:\/\/www.gruenlandstaudenhof.de\/cms2\/?s={search_term_string}"},"query-input":{"@type":"PropertyValueSpecification","valueRequired":true,"valueName":"search_term_string"}}],"inLanguage":"de"},{"@type":"Organization","@id":"https:\/\/www.gruenlandstaudenhof.de\/cms2\/#organization","name":"Gr\u00fcnlandstaudenhof","url":"https:\/\/www.gruenlandstaudenhof.de\/cms2\/","logo":{"@type":"ImageObject","inLanguage":"de","@id":"https:\/\/www.gruenlandstaudenhof.de\/cms2\/#\/schema\/logo\/image\/","url":"https:\/\/www.gruenlandstaudenhof.de\/cms2\/wp-content\/uploads\/2016\/03\/logo_briefkopf_OT.png","contentUrl":"https:\/\/www.gruenlandstaudenhof.de\/cms2\/wp-content\/uploads\/2016\/03\/logo_briefkopf_OT.png","width":504,"height":504,"caption":"Gr\u00fcnlandstaudenhof"},"image":{"@id":"https:\/\/www.gruenlandstaudenhof.de\/cms2\/#\/schema\/logo\/image\/"},"sameAs":["https:\/\/www.facebook.com\/gruenlandstaudenhof","https:\/\/x.com\/GSH_Oberhausen","https:\/\/www.instagram.com\/gruenlandstaudenhof\/"]}]}},"uagb_featured_image_src":{"full":false,"thumbnail":false,"medium":false,"medium_large":false,"large":false,"1536x1536":false,"2048x2048":false,"ocean-thumb-m":false,"ocean-thumb-ml":false,"ocean-thumb-l":false},"uagb_author_info":{"display_name":"Administrator","author_link":"https:\/\/www.gruenlandstaudenhof.de\/cms2\/author\/administrator\/"},"uagb_comment_info":0,"uagb_excerpt":"Frische direkt vom Feld. Unsere Boxen bieten Ihnen die M\u00f6glichkeit, einmalig oder auch regelm\u00e4\u00dfig, frisches Obst und Gem\u00fcse direkt und ganz bequem nach Hause liefern zu lassen. Wir legen einen hohen Wert auf frische und hoher Qualit\u00e4t. Sie haben die Auswahl aus folgenden: Obstbox Inhalt: Obst, t\u00e4glich frisch zusammengestellt. \u00dcberwiegend regional und saisonal. Naturbelassen und&hellip;","_links":{"self":[{"href":"https:\/\/www.gruenlandstaudenhof.de\/cms2\/wp-json\/wp\/v2\/pages\/594","targetHints":{"allow":["GET"]}}],"collection":[{"href":"https:\/\/www.gruenlandstaudenhof.de\/cms2\/wp-json\/wp\/v2\/pages"}],"about":[{"href":"https:\/\/www.gruenlandstaudenhof.de\/cms2\/wp-json\/wp\/v2\/types\/page"}],"author":[{"embeddable":true,"href":"https:\/\/www.gruenlandstaudenhof.de\/cms2\/wp-json\/wp\/v2\/users\/1"}],"replies":[{"embeddable":true,"href":"https:\/\/www.gruenlandstaudenhof.de\/cms2\/wp-json\/wp\/v2\/comments?post=594"}],"version-history":[{"count":0,"href":"https:\/\/www.gruenlandstaudenhof.de\/cms2\/wp-json\/wp\/v2\/pages\/594\/revisions"}],"wp:attachment":[{"href":"https:\/\/www.gruenlandstaudenhof.de\/cms2\/wp-json\/wp\/v2\/media?parent=594"}],"curies":[{"name":"wp","href":"https:\/\/api.w.org\/{rel}","templated":true}]}}