{"id":797,"date":"2017-03-02T12:19:02","date_gmt":"2017-03-02T11:19:02","guid":{"rendered":"http:\/\/www.gruenlandstaudenhof.de\/cms2\/?page_id=797"},"modified":"2017-03-02T12:26:43","modified_gmt":"2017-03-02T11:26:43","slug":"gastautoren","status":"publish","type":"page","link":"https:\/\/www.gruenlandstaudenhof.de\/cms2\/gastautoren\/","title":{"rendered":"Gastautoren"},"content":{"rendered":"<p>Wir suchen Gastautoren um Abwechslung, neue Erfahrungen und Ideen auf unsere Seite einzubringen.<\/p>\n<p>Wir legen einen hohen Wert auf Qualit\u00e4t und haben im folgenden einen Anforderungskatalog f\u00fcr Gastartikel aufgestellt.<\/p>\n<h2 class=\"western\">Pers\u00f6nliche Anforderungen<\/h2>\n<p>1. Sie haben Erfahrung in den Themenbereichen unseres Blogs, sind selbst Pflanzenz\u00fcchter, Bauer oder engagierter Hobbyg\u00e4rtner?<\/p>\n<p>2. Sie haben zu einem konkreten Thema \u00fcber das Sie schreiben m\u00f6chten bereits praktische Erfahrungen und Wissen gesammelt und k\u00f6nnen diese an unsere Leser weitergeben?<\/p>\n<p>Wenn Sie beides bejahen k\u00f6nnen, dann sind Sie genau der Richtige f\u00fcr einen Gastartikel auf unserem Blog.<\/p>\n<h2 class=\"western\" align=\"justify\">Idee \u2013 Thema des Gastartikel<\/h2>\n<p>Senden Sie uns Ihre Idee bzw. Thema zu einem Gastartikel in einer kurzen Vorstellung zu. Ein bis zwei kurze S\u00e4tze reichen daf\u00fcr.<\/p>\n<p>Das Thema des Gastartikels sollte nat\u00fcrlich auf Ihrem Wissen und Erfahrungen basieren und zu Gr\u00fcnlandstaudenhof passen.<\/p>\n<p>Ihre Idee senden Sie bitte an <a href=\"mailto:gastautor@gruenlandstaudenhof.de\">gastautor@gruenlandstaudenhof.de<\/a><\/p>\n<p>Senden Sie uns bitte auch gleich Ihren Namen und Ihre Anschrift mit.<\/p>\n<p>Wir melden uns dann bei Ihnen und besprechen das weitere Vorgehen.<\/p>\n<h2 class=\"western\">Der Ablauf: Von der Einreichung bis zur Ver\u00f6ffentlichung<\/h2>\n<p>Ihren eingereichten Gastartikel wird von uns anhand der folgenden Punkte und Richtlinien gepr\u00fcft. Ist der Artikel entsprechend unserer Richtlinien erfolgt die Ver\u00f6ffentlichung. Sie werden dar\u00fcber per E-Mail informiert.<\/p>\n<p>Sollte der eingereichte Gastartikel nicht unseren Richtlinien entsprechen werden wir Ihnen \u00c4nderungsw\u00fcnsche und\/oder Problembeschreibungen per E-Mail mitteilen. Werden die \u00c4nderungsw\u00fcnsche umgesetzt und\/oder Probleme behoben, dann steht einer Ver\u00f6ffentlichung nichts mehr im Wege.<\/p>\n<p>Werden \u00c4nderungsw\u00fcnsche nicht umgesetzt und\/oder Probleme nicht behoben oder ist der Gastartikel unbrauchbar, so erfolgt durch uns die Ablehnung.<\/p>\n<h2 class=\"western\">Richtlinien und inhaltliche Anforderungen<\/h2>\n<p>Nachdem wir ein Thema zusammen abgestimmt haben, geht es an das Schreiben des Gastartikels. Dabei sollten Sie die folgende Inhaltliche Anforderungen beachten, damit es nicht zu \u00dcberarbeitungen oder Ablehnung des Gastartikels kommt.<\/p>\n<p><strong>1. Qualit\u00e4t und Mehrwert f\u00fcr die Leser<\/strong><\/p>\n<p>Wir legen hohen Wert auf die Qualit\u00e4t des Gastartikels. Der Artikel sollte f\u00fcr den Leser n\u00fctzlich und informativ sein. Der Gastartikel sollte ein Thema wirklich ausf\u00fchrlich behandeln, Pro und Contra aufzeigen und verschiedene Perspektiven behandeln.<\/p>\n<p><strong>2. Neutralit\u00e4t<\/strong><\/p>\n<p>Der Gastartikel muss neutral geschrieben werden. Keine Eigenwerbung, Werbung im Allgemeinen, Produktvorstellung oder Website-Promotion. Solche Artikel werden von uns generell abgelehnt.<\/p>\n<p><strong>3. Passendes Thema<\/strong><\/p>\n<p>Das Thema sollte interessant f\u00fcr den Leser sein und zu Gr\u00fcnlandstaudenhof passen.<\/p>\n<p><strong>4. Einzigartigkeit<\/strong><\/p>\n<p>Der Gastartikel muss einzigartig sein. Das bedeutet, dass der Artikel noch nicht an anderer Stelle ver\u00f6ffentlicht worden ist oder wird.<\/p>\n<p><strong>5. Backlinks<\/strong><\/p>\n<p>Alle Backlinks m\u00fcssen nofollow sein. Thematisch passende Links sind erlaubt. In der Autorenvorstellung ist ein nofollow-Backlink auf die eigene Seite erlaubt (kein Keyword-Link!).<\/p>\n<p><strong>6. Umfang<\/strong><\/p>\n<p>Der Artikel muss eine Mindestwortanzahl von 500 W\u00f6rtern haben.<\/p>\n<p>Abh\u00e4ngig davon ob das Thema mehr hergibt, dann nat\u00fcrlich auch gerne mehr.<\/p>\n<p>Wenn der Text sehr umfangreich ist, dann ist auch eine kleine Gastartikel-Serie m\u00f6glich.<\/p>\n<p><strong>7. Struktur<\/strong><\/p>\n<p>Der Inhalt sollte gut strukturiert sein. Zur Gliederung sollten Abs\u00e4tze und Zwischen\u00fcberschriften genutzt werden. Bitte vermeiden Sie Flie\u00dftext.<\/p>\n<p>Es empfiehlt sich der klassische Aufbau aus Einleitung, Hauptteil und Abschluss.<\/p>\n<p>In der Einleitung beschreiben Sie kurz um was es in dem Gastartikel geht.<\/p>\n<p>Im Hauptteil legen Sie anschlie\u00dfend Ihre Erkenntnisse, Argumente und den Sachverhalt dar.<\/p>\n<p>Im Abschluss ziehen Sie Ihr Fazit und k\u00f6nnen Ihre Autoren-Vorstellung anf\u00fcgen.<\/p>\n<p><strong>8. Inhalt<\/strong><\/p>\n<p>Der Inhalt des Artikels ist sehr wichtig und muss von Ihnen gut recherchiert worden sein.<\/p>\n<p>Durch Beispiele, Auflistungen, Bilder und Screenshots lockern Sie den Text auf, verdeutlichen Aussagen, Argument und machen den Inhalt f\u00fcr den Leser verst\u00e4ndlicher.<\/p>\n<p><strong>9. Autor-Vorstellung<\/strong><\/p>\n<p>Am Ende des Artikel sollten Sie 2-3 S\u00e4tze \u00fcber sich, den Autor, schreiben.<\/p>\n<p>Z.B.<\/p>\n<ul>\n<li>Wer sind Sie?<\/li>\n<li>Was machen Sie?<\/li>\n<li>Welche Kompetenzen besitzen Sie um einen Gastartikel \u00fcber das Thema zu verfassen?<\/li>\n<\/ul>\n<p>In der Autorenvorstellung ist ein nofollow-Backlink ohne Keyword zu Ihrer Website erlaubt.<\/p>\n<p><strong>10. Rechtssicherheit<\/strong><\/p>\n<p>Sie m\u00fcssen sicherstellen, dass alle von Ihnen \u00fcbermittelten Inhalte auch tats\u00e4chlich von Ihnen stammen und keine Rechte Dritter verletzen. Sie \u00fcbertragen uns ein exklusives unbeschr\u00e4nktes Nutzungsrecht an den Inhalten.<\/p>\n<p>Dies alles wird in einem Gastautorenvertrag geregelt.<\/p>\n<h2 class=\"western\">Dateiformat<\/h2>\n<p>Als Dateiformat empfiehlt sich f\u00fcr den Text: HTML, PDF oder TXT.<\/p>\n<p>Als Dateiformat f\u00fcr Bilder empfiehlt sich jpeg, png. Die Bilder sollten nicht allzu gro\u00df sein.<\/p>\n<p>Achten Sie bitte darauf, dass die Datei keine Makros, Scripte (z.B. Jscript, ASP), iframes oder sonstigen offenen bzw. versteckten Code, Schadcode oder ausf\u00fchrbaren anderen Inhalt beinhaltet. Dateien, die die obengenannten Bestandteile enthalten k\u00f6nnten, k\u00f6nnen wir aus Sicherheitsgr\u00fcnden nicht \u00f6ffnen oder bearbeiten.<\/p>\n<p>Der Inhalt darf nicht von Seiten Dritter (manuell oder automatisch) geladen werden.<\/p>\n<h2 class=\"western\">Hilfestellungen<\/h2>\n<p>Im folgenden haben wir f\u00fcr Sie einige Hilfestellungen zur Struktur eines Textes.<\/p>\n<p><strong>Hilfestellung zur Einleitung:<\/strong><\/p>\n<ul>\n<li>Benennung des Thema und Er\u00f6rterung der zu behandelnde Fragestellung (Worum geht es?)<br \/>\nErl\u00e4uterung der Zielsetzung (Was soll der Artikel leisten?)<\/li>\n<li>Erl\u00e4uterung was nicht das Ziel ist (Was wird in dem Artikel nicht behandelt? Worauf ist der Artikel begrenzt?)<\/li>\n<li>Begr\u00fcndung der Vorgehensweise und Methoden (Wie ist der Artikel aufgebaut? Welche Methoden werden bei der Ausarbeitung benutzt? )<\/li>\n<li>Erl\u00e4uterung der Aussagekraft und Aussagereichweite der verwendeten Literatur<\/li>\n<\/ul>\n<p><strong>Hilfestellung zum Hauptteil:<\/strong><\/p>\n<ul>\n<li>Der Hauptteil beinhaltet die Ausarbeitung des Artikel strukturiert in Abs\u00e4tzen und Zwischen\u00fcberschriften.<\/li>\n<li>Hinweise zu Zitaten: Quelle immer mit Angeben!<\/li>\n<li>Gegenstand des Hauptteiles ist die Vertiefung der in der Einleitung genannten Punkte in einer klaren Gliederung. Themenrelevante Punkte, Theorien, Hypothesen k\u00f6nnen u.a. erl\u00e4utert oder diskutiert (z.B. Pro\/Kontra) werden. Ein roter Faden sollte dabei immer vorhanden sein. Unterschiedliche Sichtweisen und Annahmen sollten verdeutlicht werden. Verschiedene Positionen sollten so objektiv wie m\u00f6glich Verglichen werden (Besonders wichtig bei Produktvergleichen)<\/li>\n<\/ul>\n<p><strong>Hilfestellung zum Abschluss:<\/strong><\/p>\n<ul>\n<li>Zusammenfassung der Ergebnisse und ziehen des Fazit. (Welche Antwort gibt es auf die zentrale Fragestellung)<\/li>\n<li>Ausblick in die Zukunft. (Was wird die Zukunft bringen?)<\/li>\n<li>Offengebliebene Fragen<\/li>\n<li>Pers\u00f6nliches wertendes Urteil (Die eigene Meinung bitte deutlich und klar darstellen! Keine Schm\u00e4hkritik, \u00fcble Nachrede, Verleumdung, Verunglimpfung oder Beleidigung!)<\/li>\n<\/ul>\n","protected":false},"excerpt":{"rendered":"<p>Wir suchen Gastautoren um Abwechslung, neue Erfahrungen und Ideen auf unsere Seite einzubringen. Wir legen einen hohen Wert auf Qualit\u00e4t und haben im folgenden einen Anforderungskatalog f\u00fcr Gastartikel aufgestellt. Pers\u00f6nliche Anforderungen 1. Sie haben Erfahrung in den Themenbereichen unseres Blogs, sind selbst Pflanzenz\u00fcchter, Bauer oder engagierter Hobbyg\u00e4rtner? 2. Sie haben zu einem konkreten Thema \u00fcber [&hellip;]<\/p>\n","protected":false},"author":1,"featured_media":0,"parent":0,"menu_order":0,"comment_status":"closed","ping_status":"closed","template":"","meta":{"_uag_custom_page_level_css":"","ocean_post_layout":"","ocean_both_sidebars_style":"","ocean_both_sidebars_content_width":0,"ocean_both_sidebars_sidebars_width":0,"ocean_sidebar":"","ocean_second_sidebar":"","ocean_disable_margins":"enable","ocean_add_body_class":"","ocean_shortcode_before_top_bar":"","ocean_shortcode_after_top_bar":"","ocean_shortcode_before_header":"","ocean_shortcode_after_header":"","ocean_has_shortcode":"","ocean_shortcode_after_title":"","ocean_shortcode_before_footer_widgets":"","ocean_shortcode_after_footer_widgets":"","ocean_shortcode_before_footer_bottom":"","ocean_shortcode_after_footer_bottom":"","ocean_display_top_bar":"default","ocean_display_header":"default","ocean_header_style":"","ocean_center_header_left_menu":"","ocean_custom_header_template":"","ocean_custom_logo":0,"ocean_custom_retina_logo":0,"ocean_custom_logo_max_width":0,"ocean_custom_logo_tablet_max_width":0,"ocean_custom_logo_mobile_max_width":0,"ocean_custom_logo_max_height":0,"ocean_custom_logo_tablet_max_height":0,"ocean_custom_logo_mobile_max_height":0,"ocean_header_custom_menu":"","ocean_menu_typo_font_family":"","ocean_menu_typo_font_subset":"","ocean_menu_typo_font_size":0,"ocean_menu_typo_font_size_tablet":0,"ocean_menu_typo_font_size_mobile":0,"ocean_menu_typo_font_size_unit":"px","ocean_menu_typo_font_weight":"","ocean_menu_typo_font_weight_tablet":"","ocean_menu_typo_font_weight_mobile":"","ocean_menu_typo_transform":"","ocean_menu_typo_transform_tablet":"","ocean_menu_typo_transform_mobile":"","ocean_menu_typo_line_height":0,"ocean_menu_typo_line_height_tablet":0,"ocean_menu_typo_line_height_mobile":0,"ocean_menu_typo_line_height_unit":"","ocean_menu_typo_spacing":0,"ocean_menu_typo_spacing_tablet":0,"ocean_menu_typo_spacing_mobile":0,"ocean_menu_typo_spacing_unit":"","ocean_menu_link_color":"","ocean_menu_link_color_hover":"","ocean_menu_link_color_active":"","ocean_menu_link_background":"","ocean_menu_link_hover_background":"","ocean_menu_link_active_background":"","ocean_menu_social_links_bg":"","ocean_menu_social_hover_links_bg":"","ocean_menu_social_links_color":"","ocean_menu_social_hover_links_color":"","ocean_disable_title":"default","ocean_disable_heading":"default","ocean_post_title":"","ocean_post_subheading":"","ocean_post_title_style":"","ocean_post_title_background_color":"","ocean_post_title_background":0,"ocean_post_title_bg_image_position":"","ocean_post_title_bg_image_attachment":"","ocean_post_title_bg_image_repeat":"","ocean_post_title_bg_image_size":"","ocean_post_title_height":0,"ocean_post_title_bg_overlay":0.5,"ocean_post_title_bg_overlay_color":"","ocean_disable_breadcrumbs":"default","ocean_breadcrumbs_color":"","ocean_breadcrumbs_separator_color":"","ocean_breadcrumbs_links_color":"","ocean_breadcrumbs_links_hover_color":"","ocean_display_footer_widgets":"default","ocean_display_footer_bottom":"default","ocean_custom_footer_template":"","footnotes":""},"class_list":["post-797","page","type-page","status-publish","hentry","entry"],"yoast_head":"<!-- This site is optimized with the Yoast SEO plugin v27.4 - https:\/\/yoast.com\/product\/yoast-seo-wordpress\/ -->\n<title>Gastautoren - Gr\u00fcnlandstaudenhof<\/title>\n<meta name=\"description\" content=\"Wir suchen Gastautoren um Abwechslung, neue Erfahrungen und Ideen auf unsere Seite einzubringen. Wir legen einen hohen Wert auf Qualit\u00e4t und haben im\" \/>\n<meta name=\"robots\" content=\"index, follow, max-snippet:-1, max-image-preview:large, max-video-preview:-1\" \/>\n<link rel=\"canonical\" href=\"https:\/\/www.gruenlandstaudenhof.de\/cms2\/gastautoren\/\" \/>\n<meta property=\"og:locale\" content=\"de_DE\" \/>\n<meta property=\"og:type\" content=\"article\" \/>\n<meta property=\"og:title\" content=\"Gastautoren - Gr\u00fcnlandstaudenhof\" \/>\n<meta property=\"og:description\" content=\"Wir suchen Gastautoren um Abwechslung, neue Erfahrungen und Ideen auf unsere Seite einzubringen. Wir legen einen hohen Wert auf Qualit\u00e4t und haben im\" \/>\n<meta property=\"og:url\" content=\"https:\/\/www.gruenlandstaudenhof.de\/cms2\/gastautoren\/\" \/>\n<meta property=\"og:site_name\" content=\"Gr\u00fcnlandstaudenhof\" \/>\n<meta property=\"article:publisher\" content=\"https:\/\/www.facebook.com\/gruenlandstaudenhof\" \/>\n<meta property=\"article:modified_time\" content=\"2017-03-02T11:26:43+00:00\" \/>\n<meta property=\"og:image\" content=\"https:\/\/www.gruenlandstaudenhof.de\/cms2\/wp-content\/uploads\/2019\/01\/Logo192.png\" \/>\n\t<meta property=\"og:image:width\" content=\"192\" \/>\n\t<meta property=\"og:image:height\" content=\"192\" \/>\n\t<meta property=\"og:image:type\" content=\"image\/png\" \/>\n<meta name=\"twitter:card\" content=\"summary_large_image\" \/>\n<meta name=\"twitter:site\" content=\"@GSH_Oberhausen\" \/>\n<meta name=\"twitter:label1\" content=\"Gesch\u00e4tzte Lesezeit\" \/>\n\t<meta name=\"twitter:data1\" content=\"5\u00a0Minuten\" \/>\n<!-- \/ Yoast SEO plugin. -->","yoast_head_json":{"title":"Gastautoren - Gr\u00fcnlandstaudenhof","description":"Wir suchen Gastautoren um Abwechslung, neue Erfahrungen und Ideen auf unsere Seite einzubringen. Wir legen einen hohen Wert auf Qualit\u00e4t und haben im","robots":{"index":"index","follow":"follow","max-snippet":"max-snippet:-1","max-image-preview":"max-image-preview:large","max-video-preview":"max-video-preview:-1"},"canonical":"https:\/\/www.gruenlandstaudenhof.de\/cms2\/gastautoren\/","og_locale":"de_DE","og_type":"article","og_title":"Gastautoren - Gr\u00fcnlandstaudenhof","og_description":"Wir suchen Gastautoren um Abwechslung, neue Erfahrungen und Ideen auf unsere Seite einzubringen. Wir legen einen hohen Wert auf Qualit\u00e4t und haben im","og_url":"https:\/\/www.gruenlandstaudenhof.de\/cms2\/gastautoren\/","og_site_name":"Gr\u00fcnlandstaudenhof","article_publisher":"https:\/\/www.facebook.com\/gruenlandstaudenhof","article_modified_time":"2017-03-02T11:26:43+00:00","og_image":[{"width":192,"height":192,"url":"https:\/\/www.gruenlandstaudenhof.de\/cms2\/wp-content\/uploads\/2019\/01\/Logo192.png","type":"image\/png"}],"twitter_card":"summary_large_image","twitter_site":"@GSH_Oberhausen","twitter_misc":{"Gesch\u00e4tzte Lesezeit":"5\u00a0Minuten"},"schema":{"@context":"https:\/\/schema.org","@graph":[{"@type":"WebPage","@id":"https:\/\/www.gruenlandstaudenhof.de\/cms2\/gastautoren\/","url":"https:\/\/www.gruenlandstaudenhof.de\/cms2\/gastautoren\/","name":"Gastautoren - Gr\u00fcnlandstaudenhof","isPartOf":{"@id":"https:\/\/www.gruenlandstaudenhof.de\/cms2\/#website"},"datePublished":"2017-03-02T11:19:02+00:00","dateModified":"2017-03-02T11:26:43+00:00","description":"Wir suchen Gastautoren um Abwechslung, neue Erfahrungen und Ideen auf unsere Seite einzubringen. Wir legen einen hohen Wert auf Qualit\u00e4t und haben im","breadcrumb":{"@id":"https:\/\/www.gruenlandstaudenhof.de\/cms2\/gastautoren\/#breadcrumb"},"inLanguage":"de","potentialAction":[{"@type":"ReadAction","target":["https:\/\/www.gruenlandstaudenhof.de\/cms2\/gastautoren\/"]}]},{"@type":"BreadcrumbList","@id":"https:\/\/www.gruenlandstaudenhof.de\/cms2\/gastautoren\/#breadcrumb","itemListElement":[{"@type":"ListItem","position":1,"name":"Startseite","item":"https:\/\/www.gruenlandstaudenhof.de\/cms2\/"},{"@type":"ListItem","position":2,"name":"Gastautoren"}]},{"@type":"WebSite","@id":"https:\/\/www.gruenlandstaudenhof.de\/cms2\/#website","url":"https:\/\/www.gruenlandstaudenhof.de\/cms2\/","name":"Gr\u00fcnlandstaudenhof","description":"Landwirtschaft, Gartenbau, Landhandel","publisher":{"@id":"https:\/\/www.gruenlandstaudenhof.de\/cms2\/#organization"},"potentialAction":[{"@type":"SearchAction","target":{"@type":"EntryPoint","urlTemplate":"https:\/\/www.gruenlandstaudenhof.de\/cms2\/?s={search_term_string}"},"query-input":{"@type":"PropertyValueSpecification","valueRequired":true,"valueName":"search_term_string"}}],"inLanguage":"de"},{"@type":"Organization","@id":"https:\/\/www.gruenlandstaudenhof.de\/cms2\/#organization","name":"Gr\u00fcnlandstaudenhof","url":"https:\/\/www.gruenlandstaudenhof.de\/cms2\/","logo":{"@type":"ImageObject","inLanguage":"de","@id":"https:\/\/www.gruenlandstaudenhof.de\/cms2\/#\/schema\/logo\/image\/","url":"https:\/\/www.gruenlandstaudenhof.de\/cms2\/wp-content\/uploads\/2016\/03\/logo_briefkopf_OT.png","contentUrl":"https:\/\/www.gruenlandstaudenhof.de\/cms2\/wp-content\/uploads\/2016\/03\/logo_briefkopf_OT.png","width":504,"height":504,"caption":"Gr\u00fcnlandstaudenhof"},"image":{"@id":"https:\/\/www.gruenlandstaudenhof.de\/cms2\/#\/schema\/logo\/image\/"},"sameAs":["https:\/\/www.facebook.com\/gruenlandstaudenhof","https:\/\/x.com\/GSH_Oberhausen","https:\/\/www.instagram.com\/gruenlandstaudenhof\/"]}]}},"uagb_featured_image_src":{"full":false,"thumbnail":false,"medium":false,"medium_large":false,"large":false,"1536x1536":false,"2048x2048":false,"ocean-thumb-m":false,"ocean-thumb-ml":false,"ocean-thumb-l":false},"uagb_author_info":{"display_name":"Administrator","author_link":"https:\/\/www.gruenlandstaudenhof.de\/cms2\/author\/administrator\/"},"uagb_comment_info":0,"uagb_excerpt":"Wir suchen Gastautoren um Abwechslung, neue Erfahrungen und Ideen auf unsere Seite einzubringen. Wir legen einen hohen Wert auf Qualit\u00e4t und haben im folgenden einen Anforderungskatalog f\u00fcr Gastartikel aufgestellt. Pers\u00f6nliche Anforderungen 1. Sie haben Erfahrung in den Themenbereichen unseres Blogs, sind selbst Pflanzenz\u00fcchter, Bauer oder engagierter Hobbyg\u00e4rtner? 2. Sie haben zu einem konkreten Thema \u00fcber&hellip;","_links":{"self":[{"href":"https:\/\/www.gruenlandstaudenhof.de\/cms2\/wp-json\/wp\/v2\/pages\/797","targetHints":{"allow":["GET"]}}],"collection":[{"href":"https:\/\/www.gruenlandstaudenhof.de\/cms2\/wp-json\/wp\/v2\/pages"}],"about":[{"href":"https:\/\/www.gruenlandstaudenhof.de\/cms2\/wp-json\/wp\/v2\/types\/page"}],"author":[{"embeddable":true,"href":"https:\/\/www.gruenlandstaudenhof.de\/cms2\/wp-json\/wp\/v2\/users\/1"}],"replies":[{"embeddable":true,"href":"https:\/\/www.gruenlandstaudenhof.de\/cms2\/wp-json\/wp\/v2\/comments?post=797"}],"version-history":[{"count":0,"href":"https:\/\/www.gruenlandstaudenhof.de\/cms2\/wp-json\/wp\/v2\/pages\/797\/revisions"}],"wp:attachment":[{"href":"https:\/\/www.gruenlandstaudenhof.de\/cms2\/wp-json\/wp\/v2\/media?parent=797"}],"curies":[{"name":"wp","href":"https:\/\/api.w.org\/{rel}","templated":true}]}}